{"id":2050,"date":"2025-01-13T16:32:39","date_gmt":"2025-01-13T21:32:39","guid":{"rendered":"https:\/\/ecolesetsuko.ca\/product\/table-shiatsu-workshop\/"},"modified":"2026-02-01T23:26:52","modified_gmt":"2026-02-02T04:26:52","slug":"table-shiatsu-workshop","status":"publish","type":"product","link":"https:\/\/setsuko.ca\/fr\/produit\/table-shiatsu-workshop\/","title":{"rendered":"Atelier Shiatsu et \u00e9tirements sur table \u2013 NDG"},"content":{"rendered":"<p>Shiatsu sur table : Plongez-vous dans les principes fondamentaux du Shiatsu, o\u00f9 vous acquerrez les connaissances et les comp\u00e9tences n\u00e9cessaires pour appliquer efficacement les principes de levier corporel, de rythme, de respiration, de mobilisation et d&#8217;\u00e9tirement sur la table. De plus, vous explorerez le domaine de l&#8217;\u00e9change d&#8217;\u00e9nergie et travaillerez avec les m\u00e9ridiens du corps en apprenant \u00e0 harmoniser et \u00e0 am\u00e9liorer la circulation de l&#8217;\u00e9nergie dans tout le corps.<\/p>\n<p>L&#8217;objectif sera d&#8217;int\u00e9grer harmonieusement ces techniques dans une s\u00e9ance compl\u00e8te, afin de cr\u00e9er une approche holistique et transformatrice du travail corporel. Cet atelier vous inspirera \u00e0 vous connecter \u00e0 l&#8217;art du Shiatsu, vous permettant ainsi d&#8217;offrir \u00e0 vos clients une exp\u00e9rience compl\u00e8te, ancr\u00e9e et revitalisante. <\/p>\n","protected":false},"excerpt":{"rendered":"<p>Shiatsu sur table : Plongez-vous dans les principes fondamentaux du Shiatsu, o\u00f9 vous acquerrez les connaissances et les comp\u00e9tences n\u00e9cessaires pour appliquer efficacement les principes de levier corporel, de rythme, de respiration, de mobilisation et d&#8217;\u00e9tirement sur la table. De plus, vous explorerez le domaine de l&#8217;\u00e9change d&#8217;\u00e9nergie et du travail avec les m\u00e9ridiens du corps, en comprenant comment harmoniser et am\u00e9liorer le flux d&#8217;\u00e9nergie dans tout le corps. <\/p>\n<p>L&#8217;objectif sera d&#8217;int\u00e9grer harmonieusement ces techniques dans une s\u00e9ance compl\u00e8te, afin de cr\u00e9er une approche holistique et transformatrice du travail corporel. Cet atelier vous inspirera \u00e0 vous connecter \u00e0 l&#8217;art du Shiatsu, vous permettant ainsi d&#8217;offrir \u00e0 vos clients une exp\u00e9rience compl\u00e8te, ancr\u00e9e et revitalisante. <\/p>\n<p>&nbsp;<\/p>\n","protected":false},"featured_media":13872,"template":"","meta":{"_acf_changed":false},"product_brand":[],"product_cat":[440,169,97,168,489,287],"product_tag":[],"class_list":{"0":"post-2050","1":"product","2":"type-product","3":"status-publish","4":"has-post-thumbnail","6":"product_cat-anglais","7":"product_cat-atelier","8":"product_cat-en-personne","9":"product_cat-jenni-lee-fr","10":"product_cat-modalites-orientales","11":"product_cat-qe-ndg-fr","13":"first","14":"outofstock","15":"virtual","16":"purchasable","17":"product-type-simple"},"acf":[],"_links":{"self":[{"href":"https:\/\/setsuko.ca\/fr\/wp-json\/wp\/v2\/product\/2050","targetHints":{"allow":["GET"]}}],"collection":[{"href":"https:\/\/setsuko.ca\/fr\/wp-json\/wp\/v2\/product"}],"about":[{"href":"https:\/\/setsuko.ca\/fr\/wp-json\/wp\/v2\/types\/product"}],"wp:featuredmedia":[{"embeddable":true,"href":"https:\/\/setsuko.ca\/fr\/wp-json\/wp\/v2\/media\/13872"}],"wp:attachment":[{"href":"https:\/\/setsuko.ca\/fr\/wp-json\/wp\/v2\/media?parent=2050"}],"wp:term":[{"taxonomy":"product_brand","embeddable":true,"href":"https:\/\/setsuko.ca\/fr\/wp-json\/wp\/v2\/product_brand?post=2050"},{"taxonomy":"product_cat","embeddable":true,"href":"https:\/\/setsuko.ca\/fr\/wp-json\/wp\/v2\/product_cat?post=2050"},{"taxonomy":"product_tag","embeddable":true,"href":"https:\/\/setsuko.ca\/fr\/wp-json\/wp\/v2\/product_tag?post=2050"}],"curies":[{"name":"wp","href":"https:\/\/api.w.org\/{rel}","templated":true}]}}