{"id":2206,"date":"2024-10-29T01:00:48","date_gmt":"2024-10-29T05:00:48","guid":{"rendered":"https:\/\/ecolesetsuko.ca\/product\/neuroanatomy-assessments\/"},"modified":"2025-09-21T11:22:33","modified_gmt":"2025-09-21T15:22:33","slug":"evaluations-de-neuroanatomie","status":"publish","type":"product","link":"https:\/\/setsuko.ca\/fr\/produit\/evaluations-de-neuroanatomie\/","title":{"rendered":"Atelier d&#8217;\u00e9valuation en neuroanatomie \u2013 DORVAL"},"content":{"rendered":"<p>Cet atelier propose une immersion approfondie dans le monde complexe de la neuroanatomie, en mettant particuli\u00e8rement l&#8217;accent sur les compressions nerveuses au niveau des plexus brachial, lombaire et lombo-sacr\u00e9. Vous explorerez l&#8217;anatomie des plexus sup\u00e9rieurs et inf\u00e9rieurs, apprendrez comment les compressions nerveuses se manifestent cliniquement et quel est leur impact sur le fonctionnement global. <\/p>\n<p>Gr\u00e2ce \u00e0 des instructions d\u00e9taill\u00e9es et \u00e0 des exercices pratiques, vous serez guid\u00e9 dans les techniques de tra\u00e7age des nerfs afin de mieux comprendre le parcours des principaux nerfs. Les \u00e9valuations enseign\u00e9es vous permettront de localiser avec pr\u00e9cision les points de compression nerveuse, tandis que le \u00ab nerve flossing \u00bb et d&#8217;autres techniques pratiques vous aideront \u00e0 soulager ces restrictions, apportant ainsi un soulagement indispensable \u00e0 vos clients. <\/p>\n<p>Ce cours est destin\u00e9 aux praticiens qui souhaitent approfondir leurs connaissances en neuroanatomie et am\u00e9liorer leurs comp\u00e9tences en mati\u00e8re d&#8217;\u00e9valuation et de traitement des troubles nerveux. Que vous traitiez des douleurs, des restrictions de mobilit\u00e9 ou des troubles nerveux chez vos clients, cet atelier vous donnera les outils n\u00e9cessaires pour prodiguer des soins cibl\u00e9s et efficaces. <\/p>\n<p>Pr\u00e9requis : SW1, Anatomie 1<\/p>\n<p>Dates : 29-30 novembre 2025, de 10 h \u00e0 17 h<\/p>\n<p>Lieu : 1564, chemin Herron, bureau 206-208, <span class=\"fMYBhe\">Dorval, QC H9S 1B7<\/span> <\/p>\n<p>Cr\u00e9dit : 15<\/p>\n","protected":false},"excerpt":{"rendered":"<p>Explorez le tra\u00e7age des nerfs, les \u00e9valuations de l&#8217;impaction et les techniques telles que la soie nerveuse dans cet atelier pratique ax\u00e9 sur les plexus brachial, lombaire et lombo-sacr\u00e9. Am\u00e9liorez vos comp\u00e9tences en mati\u00e8re d&#8217;identification et de soulagement des probl\u00e8mes li\u00e9s aux nerfs pour vos clients.<\/p>\n","protected":false},"featured_media":13880,"template":"","meta":{"_acf_changed":false},"product_brand":[],"product_cat":[170,169,439,95,291,97],"product_tag":[],"class_list":{"0":"post-2206","1":"product","2":"type-product","3":"status-publish","4":"has-post-thumbnail","6":"product_cat-nicolas-faucher-fr","7":"product_cat-atelier","8":"product_cat-bilingue","9":"product_cat-cours","10":"product_cat-dorval-west-island-fr","11":"product_cat-en-personne","13":"first","14":"outofstock","15":"virtual","16":"purchasable","17":"product-type-simple"},"acf":[],"_links":{"self":[{"href":"https:\/\/setsuko.ca\/fr\/wp-json\/wp\/v2\/product\/2206","targetHints":{"allow":["GET"]}}],"collection":[{"href":"https:\/\/setsuko.ca\/fr\/wp-json\/wp\/v2\/product"}],"about":[{"href":"https:\/\/setsuko.ca\/fr\/wp-json\/wp\/v2\/types\/product"}],"wp:featuredmedia":[{"embeddable":true,"href":"https:\/\/setsuko.ca\/fr\/wp-json\/wp\/v2\/media\/13880"}],"wp:attachment":[{"href":"https:\/\/setsuko.ca\/fr\/wp-json\/wp\/v2\/media?parent=2206"}],"wp:term":[{"taxonomy":"product_brand","embeddable":true,"href":"https:\/\/setsuko.ca\/fr\/wp-json\/wp\/v2\/product_brand?post=2206"},{"taxonomy":"product_cat","embeddable":true,"href":"https:\/\/setsuko.ca\/fr\/wp-json\/wp\/v2\/product_cat?post=2206"},{"taxonomy":"product_tag","embeddable":true,"href":"https:\/\/setsuko.ca\/fr\/wp-json\/wp\/v2\/product_tag?post=2206"}],"curies":[{"name":"wp","href":"https:\/\/api.w.org\/{rel}","templated":true}]}}