{"id":2230,"date":"2023-12-19T15:12:11","date_gmt":"2023-12-19T20:12:11","guid":{"rendered":"https:\/\/ecolesetsuko.ca\/product\/muscle-energy-techniques\/"},"modified":"2024-12-29T20:04:53","modified_gmt":"2024-12-30T01:04:53","slug":"techniques-denergie-musculaire","status":"publish","type":"product","link":"https:\/\/setsuko.ca\/fr\/produit\/techniques-denergie-musculaire\/","title":{"rendered":"Techniques d&#8217;\u00e9nergie musculaire"},"content":{"rendered":"<p>Un moyen doux de traiter les restrictions musculaires et articulaires, la technique de l&#8217;\u00e9nergie musculaire (MET) est une m\u00e9thode qui utilise les contractions musculaires du client avec des conseils et un positionnement sp\u00e9cifiques du th\u00e9rapeute. Une modalit\u00e9 id\u00e9ale pour lib\u00e9rer les tissus avec un minimum d&#8217;effort. *Pr\u00e9-requis : Su\u00e9dois 1, Anatomie 1<\/p>\n<p>Lib\u00e9ration du cou (27 janvier)<br \/>\nCoiffe des rotateurs (3 f\u00e9vrier)<br \/>\nAvant-bras et poignet (10 f\u00e9vrier)<br \/>\nArticulation sacro-iliaque \/ bassin (17 f\u00e9vrier)<br \/>\nR\u00e9habilitation du genou (24 f\u00e9vrier)<\/p>\n<p>Inscrivez-vous \u00e0 la s\u00e9rie compl\u00e8te : https:\/\/setsuko.ca\/product\/target-series-advanced-training-for-massage-therapists\/<\/p>\n","protected":false},"excerpt":{"rendered":"<p>Un moyen doux de traiter les restrictions musculaires et articulaires, la technique de l&#8217;\u00e9nergie musculaire (MET) est une m\u00e9thode qui utilise les contractions musculaires du client avec des conseils et un positionnement sp\u00e9cifiques du th\u00e9rapeute. Une modalit\u00e9 id\u00e9ale pour lib\u00e9rer les tissus avec un minimum d&#8217;effort. *Pr\u00e9-requis : Su\u00e9dois 1, Anatomie 1<\/p>\n","protected":false},"featured_media":13886,"template":"","meta":{"_acf_changed":false},"product_brand":[],"product_cat":[97,169,291,168],"product_tag":[308],"class_list":{"0":"post-2230","1":"product","2":"type-product","3":"status-publish","4":"has-post-thumbnail","6":"product_cat-en-personne","7":"product_cat-atelier","8":"product_cat-dorval-west-island-fr","9":"product_cat-jenni-lee-fr","10":"product_tag-techniques-denergie-musculaire","12":"first","13":"outofstock","14":"shipping-taxable","15":"purchasable","16":"product-type-simple"},"acf":[],"_links":{"self":[{"href":"https:\/\/setsuko.ca\/fr\/wp-json\/wp\/v2\/product\/2230","targetHints":{"allow":["GET"]}}],"collection":[{"href":"https:\/\/setsuko.ca\/fr\/wp-json\/wp\/v2\/product"}],"about":[{"href":"https:\/\/setsuko.ca\/fr\/wp-json\/wp\/v2\/types\/product"}],"wp:featuredmedia":[{"embeddable":true,"href":"https:\/\/setsuko.ca\/fr\/wp-json\/wp\/v2\/media\/13886"}],"wp:attachment":[{"href":"https:\/\/setsuko.ca\/fr\/wp-json\/wp\/v2\/media?parent=2230"}],"wp:term":[{"taxonomy":"product_brand","embeddable":true,"href":"https:\/\/setsuko.ca\/fr\/wp-json\/wp\/v2\/product_brand?post=2230"},{"taxonomy":"product_cat","embeddable":true,"href":"https:\/\/setsuko.ca\/fr\/wp-json\/wp\/v2\/product_cat?post=2230"},{"taxonomy":"product_tag","embeddable":true,"href":"https:\/\/setsuko.ca\/fr\/wp-json\/wp\/v2\/product_tag?post=2230"}],"curies":[{"name":"wp","href":"https:\/\/api.w.org\/{rel}","templated":true}]}}