{"id":2819,"date":"2024-05-10T09:11:14","date_gmt":"2024-05-10T13:11:14","guid":{"rendered":"https:\/\/ecolesetsuko.ca\/product\/traditional-chinese-medicine-level-1-online\/"},"modified":"2026-02-24T10:51:41","modified_gmt":"2026-02-24T15:51:41","slug":"medecine-traditionnelle-chinoise-niveau-1-en-ligne","status":"publish","type":"product","link":"https:\/\/setsuko.ca\/fr\/produit\/medecine-traditionnelle-chinoise-niveau-1-en-ligne\/","title":{"rendered":"M\u00e9decine traditionnelle chinoise niveau 1 \u2013 EN LIGNE"},"content":{"rendered":"<p>Ce cours explorera les bases de la m\u00e9decine traditionnelle chinoise \u2013 sa th\u00e9orie et son application \u00e0 travers l&#8217;examen de la langue et du pouls, ainsi que leur utilisation dans les \u00e9tudes de cas. Comprendre l&#8217;environnement interne d&#8217;une personne aidera les \u00e9tudiants \u00e0 d\u00e9terminer les zones de d\u00e9s\u00e9quilibre, leur donnant un aper\u00e7u de la personne dans sa globalit\u00e9. <\/p>\n<p>Date : 11 mars 2026 \u2013 10 juin 2026 (un cours en pr\u00e9sentiel le 18 mars 2026 au campus NDG)<\/p>\n<p>Mercredis de 18 h \u00e0 21 h<br \/>\nLieu : Classe virtuelle Zoom<br \/>\nCr\u00e9dits : 72<br \/>\nPr\u00e9requis : aucun<\/p>\n","protected":false},"excerpt":{"rendered":"<p>Ce cours explorera les bases de la m\u00e9decine traditionnelle chinoise \u2013 sa th\u00e9orie et son application \u00e0 travers l&#8217;examen de la langue et du pouls, ainsi que leur utilisation dans les \u00e9tudes de cas. Comprendre l&#8217;environnement interne d&#8217;une personne aidera les \u00e9tudiants \u00e0 d\u00e9terminer les zones de d\u00e9s\u00e9quilibre, leur donnant un aper\u00e7u de la personne dans sa globalit\u00e9.<\/p>\n","protected":false},"featured_media":13906,"template":"","meta":{"_acf_changed":false},"product_brand":[],"product_cat":[98,95,339,134],"product_tag":[],"class_list":{"0":"post-2819","1":"product","2":"type-product","3":"status-publish","4":"has-post-thumbnail","6":"product_cat-en-ligne","7":"product_cat-cours","8":"product_cat-en-ligne-fr","9":"product_cat-marcia-thomas-fr","11":"first","12":"outofstock","13":"virtual","14":"purchasable","15":"product-type-simple"},"acf":[],"_links":{"self":[{"href":"https:\/\/setsuko.ca\/fr\/wp-json\/wp\/v2\/product\/2819","targetHints":{"allow":["GET"]}}],"collection":[{"href":"https:\/\/setsuko.ca\/fr\/wp-json\/wp\/v2\/product"}],"about":[{"href":"https:\/\/setsuko.ca\/fr\/wp-json\/wp\/v2\/types\/product"}],"wp:featuredmedia":[{"embeddable":true,"href":"https:\/\/setsuko.ca\/fr\/wp-json\/wp\/v2\/media\/13906"}],"wp:attachment":[{"href":"https:\/\/setsuko.ca\/fr\/wp-json\/wp\/v2\/media?parent=2819"}],"wp:term":[{"taxonomy":"product_brand","embeddable":true,"href":"https:\/\/setsuko.ca\/fr\/wp-json\/wp\/v2\/product_brand?post=2819"},{"taxonomy":"product_cat","embeddable":true,"href":"https:\/\/setsuko.ca\/fr\/wp-json\/wp\/v2\/product_cat?post=2819"},{"taxonomy":"product_tag","embeddable":true,"href":"https:\/\/setsuko.ca\/fr\/wp-json\/wp\/v2\/product_tag?post=2819"}],"curies":[{"name":"wp","href":"https:\/\/api.w.org\/{rel}","templated":true}]}}