{"id":2838,"date":"2025-08-14T01:00:20","date_gmt":"2025-08-14T05:00:20","guid":{"rendered":"https:\/\/ecolesetsuko.ca\/product\/swedish-2-therapeutic-massage\/"},"modified":"2026-04-03T20:28:26","modified_gmt":"2026-04-04T00:28:26","slug":"swedish-2-therapeutic-massage","status":"publish","type":"product","link":"https:\/\/setsuko.ca\/fr\/produit\/swedish-2-therapeutic-massage\/","title":{"rendered":"Techniques avanc\u00e9es de massage th\u00e9rapeutique des tissus profonds \u2013 NDG"},"content":{"rendered":"<p>Massage th\u00e9rapeutique avanc\u00e9 : les \u00e9tudiants apprendront \u00e0 localiser et \u00e0 identifier les tensions et les structures sp\u00e9cifiques du corps tout en apprenant \u00e0 les traiter \u00e0 l&#8217;aide d&#8217;approches cibl\u00e9es. Travailler avec les diff\u00e9rentes couches de tissus et comprendre comment elles fonctionnent ensemble de mani\u00e8re multidimensionnelle et holistique fait partie de l&#8217;\u00e9laboration des plans d&#8217;\u00e9valuation et de traitement. Une compr\u00e9hension approfondie de la relation entre notre propre biom\u00e9canique, notre anatomie et nos structures anatomiques est \u00e0 la base de ce travail. Les blessures et pathologies, les approches neuromusculaires (MET, activation, \u00e9tirements et mobilisations) seront ajout\u00e9es \u00e0 la panoplie de techniques cibl\u00e9es.   <\/p>\n<p dir=\"ltr\"><strong>OBJECTIFS <\/strong><\/p>\n<ul>\n<li dir=\"ltr\">\n<p dir=\"ltr\" role=\"presentation\">Identifiez, localisez et palpez chacune des structures suivantes : articulations (ligaments), vascularisation (art\u00e8res), circulation (veines), compartiments profonds (muscles).<\/p>\n<\/li>\n<li dir=\"ltr\">\n<p dir=\"ltr\" role=\"presentation\">Comment les mouvements et les blessures affectent ces structures<\/p>\n<\/li>\n<li dir=\"ltr\">\n<p dir=\"ltr\" role=\"presentation\">Comprendre les m\u00e9canismes du dysfonctionnement<\/p>\n<\/li>\n<li dir=\"ltr\">\n<p dir=\"ltr\" role=\"presentation\">Comment travailler avec des techniques de massage avanc\u00e9es et des approches cibl\u00e9es<\/p>\n<\/li>\n<li dir=\"ltr\">\n<p dir=\"ltr\" role=\"presentation\">D\u00e9velopper des m\u00e9thodes intuitives et instinctives pour \u00e9valuer le corps<\/p>\n<\/li>\n<li dir=\"ltr\">\n<p dir=\"ltr\" role=\"presentation\">Communication et gestion des attentes<\/p>\n<\/li>\n<li dir=\"ltr\">\n<p dir=\"ltr\" role=\"presentation\">Analyse structurelle et plan de traitement<\/p>\n<\/li>\n<li dir=\"ltr\">\n<p dir=\"ltr\" role=\"presentation\">Innervation du plexus<\/p>\n<\/li>\n<li dir=\"ltr\">\n<p dir=\"ltr\" role=\"presentation\">Pathologies sp\u00e9cifiques et approches<\/p>\n<\/li>\n<li dir=\"ltr\">\n<p dir=\"ltr\" role=\"presentation\">Tests sp\u00e9ciaux<\/p>\n<\/li>\n<\/ul>\n<p>&nbsp;<\/p>\n<p>Date : les mardis du 15 sept. au 1er d\u00e9c. 2026, de 10 h \u00e0 17 h<br \/>\nLieu : 2111, av. Northcliffe, no 11D, Montr\u00e9al (Qu\u00e9bec) H4A 3K6<\/p>\n<p>Cr\u00e9dits : 200 heures<br \/>Pr\u00e9requis : Certificat su\u00e9dois 400HR<\/p>\n","protected":false},"excerpt":{"rendered":"<p>Dans la deuxi\u00e8me partie du cours de massage th\u00e9rapeutique, les \u00e9tudiants apprendront \u00e0 localiser et \u00e0 identifier les tensions et les structures sp\u00e9cifiques du corps, tout en apprenant \u00e0 les traiter par des approches cibl\u00e9es. Travailler avec les diff\u00e9rentes couches de tissus et comprendre comment elles fonctionnent ensemble d&#8217;une mani\u00e8re multidimensionnelle et holistique fait partie de la formulation des plans d&#8217;\u00e9valuation et de traitement. Une compr\u00e9hension approfondie de la relation entre notre biom\u00e9canique, notre anatomie et nos structures anatomiques est \u00e0 la base de ce travail. Les blessures et les pathologies, les approches neuromusculaires (MET, activation, \u00e9tirements et mobilisations) seront ajout\u00e9es \u00e0 la bo\u00eete \u00e0 outils des techniques cibl\u00e9es.<\/p>\n","protected":false},"featured_media":13908,"template":"","meta":{"_acf_changed":false},"product_brand":[],"product_cat":[95,440,479,97,168,445,287],"product_tag":[],"class_list":{"0":"post-2838","1":"product","2":"type-product","3":"status-publish","4":"has-post-thumbnail","6":"product_cat-cours","7":"product_cat-anglais","8":"product_cat-clinical-massage","9":"product_cat-en-personne","10":"product_cat-jenni-lee-fr","11":"product_cat-jennifer-linarez-fr","12":"product_cat-qe-ndg-fr","14":"first","15":"instock","16":"featured","17":"virtual","18":"purchasable","19":"product-type-simple"},"acf":[],"_links":{"self":[{"href":"https:\/\/setsuko.ca\/fr\/wp-json\/wp\/v2\/product\/2838","targetHints":{"allow":["GET"]}}],"collection":[{"href":"https:\/\/setsuko.ca\/fr\/wp-json\/wp\/v2\/product"}],"about":[{"href":"https:\/\/setsuko.ca\/fr\/wp-json\/wp\/v2\/types\/product"}],"wp:featuredmedia":[{"embeddable":true,"href":"https:\/\/setsuko.ca\/fr\/wp-json\/wp\/v2\/media\/13908"}],"wp:attachment":[{"href":"https:\/\/setsuko.ca\/fr\/wp-json\/wp\/v2\/media?parent=2838"}],"wp:term":[{"taxonomy":"product_brand","embeddable":true,"href":"https:\/\/setsuko.ca\/fr\/wp-json\/wp\/v2\/product_brand?post=2838"},{"taxonomy":"product_cat","embeddable":true,"href":"https:\/\/setsuko.ca\/fr\/wp-json\/wp\/v2\/product_cat?post=2838"},{"taxonomy":"product_tag","embeddable":true,"href":"https:\/\/setsuko.ca\/fr\/wp-json\/wp\/v2\/product_tag?post=2838"}],"curies":[{"name":"wp","href":"https:\/\/api.w.org\/{rel}","templated":true}]}}