{"id":3892,"date":"2025-12-31T09:00:19","date_gmt":"2025-12-31T14:00:19","guid":{"rendered":"https:\/\/ecolesetsuko.ca\/product\/champi-ayurveda-head-massage\/"},"modified":"2025-12-08T14:10:00","modified_gmt":"2025-12-08T19:10:00","slug":"champi-ayurveda-head-massage","status":"publish","type":"product","link":"https:\/\/setsuko.ca\/fr\/produit\/champi-ayurveda-head-massage\/","title":{"rendered":"Champi \u2013 Massage ayurv\u00e9dique de la t\u00eate"},"content":{"rendered":"<p><strong>Champi \u2013 Ayurvedic Head Massage Workshop<\/strong><\/p>\n<p>Si vous avez d\u00e9j\u00e0 accumul\u00e9 du stress dans la t\u00eate, la m\u00e2choire ou les \u00e9paules (ce qui\u2026 soyons honn\u00eates, nous arrive \u00e0 tous), cet atelier vous fera l\u2019effet d\u2019un grand soupir de soulagement pour tout votre syst\u00e8me nerveux.<\/p>\n<p>Le Champi est un massage traditionnel ayurv\u00e9dique du cuir chevelu et de la t\u00eate qui utilise des huiles chaudes, des mouvements rythmiques et une pression douce pour apaiser l\u2019esprit et rel\u00e2cher les tensions. C\u2019est extr\u00eamement r\u00e9confortant \u2014 comme si votre cerveau recevait enfin la permission d\u2019arr\u00eater de \u00ab faire \u00bb pendant un moment. <\/p>\n<p><strong>Dans cet atelier, vous apprendrez :<\/strong><\/p>\n<ul>\n<li>Comment travailler le cuir chevelu, le cou, les \u00e9paules et le visage de mani\u00e8re \u00e0 apaiser le syst\u00e8me nerveux<\/li>\n<li>Comment choisir les huiles et les herbes selon l\u2019\u00e9tat de stress actuel d\u2019une personne (Vata, Pitta, Kapha)<\/li>\n<li>Comment pr\u00e9parer et utiliser des pochons d\u2019herbes pour aider \u00e0 rel\u00e2cher les tensions et favoriser la d\u00e9tente<\/li>\n<li>Comment reconna\u00eetre les besoins du client \u00e0 ce moment pr\u00e9cis et ajuster votre rythme et votre pression en cons\u00e9quence<\/li>\n<\/ul>\n<p>C\u2019est un apprentissage pratique, tr\u00e8s relax et facile \u00e0 suivre. Vous pratiquerez les uns sur les autres, alors pr\u00e9parez-vous aussi \u00e0 recevoir un merveilleux soin apaisant. <\/p>\n<p>Parfait pour : les massoth\u00e9rapeutes, les praticiens corporels, les \u00e9tudiants, les praticiens holistiques et toute personne curieuse de d\u00e9couvrir l\u2019Ayurveda.<\/p>\n<p><strong>Si vos clients ont de la difficult\u00e9 avec :<\/strong><\/p>\n<ul>\n<li>Les maux de t\u00eate ou les tensions au niveau du cou<\/li>\n<li>L\u2019esprit trop actif ou des difficult\u00e9s \u00e0 dormir<\/li>\n<li>Le serrement de la m\u00e2choire<\/li>\n<li>La lourdeur \u00e9motionnelle<\/li>\n<li>Stress et surmenage<\/li>\n<\/ul>\n<p>Cette technique est douce, ancrante et \u00e9tonnamment puissante.<\/p>\n<p>Date : 4 janvier 2026, de 10 h \u00e0 16 h<\/p>\n<p>Location : 1564 ch. Herron, #208, Dorval, H9S 1C5<br \/>\nCr\u00e9dits : 15 heures<br \/>\nPr\u00e9requis : Aucun<\/p>\n","protected":false},"excerpt":{"rendered":"<p>D\u00e9couvrez l&#8217;art curatif du Champi \u2013 Ayurveda Head Massage \u00e0 l&#8217;Ecole Setsuko, o\u00f9 vous apprendrez les techniques traditionnelles pour soulager les tensions, favoriser la relaxation et am\u00e9liorer la sant\u00e9 du cuir chevelu et des cheveux. Rejoignez-nous pour un atelier pratique et d\u00e9couvrez les bienfaits de cette ancienne pratique ayurv\u00e9dique.<\/p>\n","protected":false},"featured_media":13912,"template":"","meta":{"_acf_changed":false},"product_brand":[],"product_cat":[440,169,95,291,97,481,438,289,140],"product_tag":[229,353,354],"class_list":{"0":"post-3892","1":"product","2":"type-product","3":"status-publish","4":"has-post-thumbnail","6":"product_cat-anglais","7":"product_cat-atelier","8":"product_cat-cours","9":"product_cat-dorval-west-island-fr","10":"product_cat-en-personne","11":"product_cat-holistic-therapies","12":"product_cat-langue","13":"product_cat-lieu","14":"product_cat-natalie-palmer-fr","15":"product_tag-ayurveda-fr","16":"product_tag-champi-fr","17":"product_tag-head-massage-fr","19":"first","20":"outofstock","21":"virtual","22":"purchasable","23":"product-type-simple"},"acf":[],"_links":{"self":[{"href":"https:\/\/setsuko.ca\/fr\/wp-json\/wp\/v2\/product\/3892","targetHints":{"allow":["GET"]}}],"collection":[{"href":"https:\/\/setsuko.ca\/fr\/wp-json\/wp\/v2\/product"}],"about":[{"href":"https:\/\/setsuko.ca\/fr\/wp-json\/wp\/v2\/types\/product"}],"wp:featuredmedia":[{"embeddable":true,"href":"https:\/\/setsuko.ca\/fr\/wp-json\/wp\/v2\/media\/13912"}],"wp:attachment":[{"href":"https:\/\/setsuko.ca\/fr\/wp-json\/wp\/v2\/media?parent=3892"}],"wp:term":[{"taxonomy":"product_brand","embeddable":true,"href":"https:\/\/setsuko.ca\/fr\/wp-json\/wp\/v2\/product_brand?post=3892"},{"taxonomy":"product_cat","embeddable":true,"href":"https:\/\/setsuko.ca\/fr\/wp-json\/wp\/v2\/product_cat?post=3892"},{"taxonomy":"product_tag","embeddable":true,"href":"https:\/\/setsuko.ca\/fr\/wp-json\/wp\/v2\/product_tag?post=3892"}],"curies":[{"name":"wp","href":"https:\/\/api.w.org\/{rel}","templated":true}]}}