{"id":4339,"date":"2024-03-30T20:29:01","date_gmt":"2024-03-31T00:29:01","guid":{"rendered":"https:\/\/ecolesetsuko.ca\/product\/guasha-workshop\/"},"modified":"2026-01-02T12:13:41","modified_gmt":"2026-01-02T17:13:41","slug":"guasha-workshop","status":"publish","type":"product","link":"https:\/\/setsuko.ca\/fr\/produit\/guasha-workshop\/","title":{"rendered":"Techniques de Guasha pour le corps \u2013 Dorval"},"content":{"rendered":"<p>Bienvenue \u00e0 l&#8217;atelier sur les techniques du Guasha, o\u00f9 les m\u00e9thodes de gu\u00e9rison ancestrales rencontrent le bien-\u00eatre moderne. Entrez dans un univers o\u00f9 la th\u00e9rapie traditionnelle chinoise occupe le devant de la sc\u00e8ne et vous offre une occasion unique d&#8217;explorer le pouvoir transformateur du Guasha. <\/p>\n<p>Dans cet atelier, vous d\u00e9couvrirez la riche histoire et les bienfaits profonds du Guasha, une pratique ancestrale qui consiste \u00e0 utiliser des outils sp\u00e9cialis\u00e9s pour gratter d\u00e9licatement la peau et stimuler la circulation sanguine. D\u00e9couvrez comment cette technique ancienne peut soulager les tensions musculaires, r\u00e9duire l&#8217;inflammation et favoriser la sant\u00e9 g\u00e9n\u00e9rale, vous laissant une sensation de revitalisation et de r\u00e9g\u00e9n\u00e9ration. <\/p>\n<p>Mais ce n&#8217;est pas tout : nous mettrons \u00e9galement l&#8217;accent sur l&#8217;aspect myofascial du guasha, en explorant son r\u00f4le dans l&#8217;am\u00e9lioration de la souplesse, l&#8217;augmentation de l&#8217;amplitude des mouvements et le soutien du fonctionnement optimal des tissus conjonctifs du corps. Gr\u00e2ce \u00e0 des exercices pratiques et aux conseils d&#8217;experts, vous apprendrez \u00e0 exploiter tout le potentiel du guasha pour am\u00e9liorer votre bien-\u00eatre et celui de vos clients. <\/p>\n<p>Que vous soyez un praticien chevronn\u00e9 d\u00e9sireux d&#8217;\u00e9largir votre palette d&#8217;outils ou un passionn\u00e9 de bien-\u00eatre curieux de d\u00e9couvrir les secrets ancestraux de la gu\u00e9rison, notre atelier sur les techniques de Guasha vous invite \u00e0 embarquer pour un voyage de d\u00e9couverte et de transformation. Rejoignez-nous pour combler le foss\u00e9 entre la sagesse ancestrale et la science moderne, et lib\u00e9rer le profond potentiel de gu\u00e9rison du Guasha. <\/p>\n","protected":false},"excerpt":{"rendered":"<p>Dans cet atelier, vous d\u00e9couvrirez la riche histoire et les bienfaits profonds du Guasha, une pratique ancestrale qui consiste \u00e0 utiliser des outils sp\u00e9cialis\u00e9s pour gratter d\u00e9licatement la peau et stimuler la circulation sanguine. D\u00e9couvrez comment cette technique ancienne peut soulager les tensions musculaires, r\u00e9duire l&#8217;inflammation et favoriser la sant\u00e9 g\u00e9n\u00e9rale, vous laissant une sensation de revitalisation et de r\u00e9g\u00e9n\u00e9ration. <\/p>\n<p>Mais ce n&#8217;est pas tout : nous mettrons \u00e9galement l&#8217;accent sur l&#8217;aspect myofascial du guasha, en explorant son r\u00f4le dans l&#8217;am\u00e9lioration de la souplesse, l&#8217;augmentation de l&#8217;amplitude des mouvements et le soutien du fonctionnement optimal des tissus conjonctifs du corps. Gr\u00e2ce \u00e0 des exercices pratiques et aux conseils d&#8217;experts, vous apprendrez \u00e0 exploiter tout le potentiel du guasha pour am\u00e9liorer votre bien-\u00eatre et celui de vos clients. <\/p>\n","protected":false},"featured_media":13921,"template":"","meta":{"_acf_changed":false},"product_brand":[],"product_cat":[169,291,97,168,289,489],"product_tag":[],"class_list":{"0":"post-4339","1":"product","2":"type-product","3":"status-publish","4":"has-post-thumbnail","6":"product_cat-atelier","7":"product_cat-dorval-west-island-fr","8":"product_cat-en-personne","9":"product_cat-jenni-lee-fr","10":"product_cat-lieu","11":"product_cat-modalites-orientales","13":"first","14":"instock","15":"featured","16":"virtual","17":"purchasable","18":"product-type-simple"},"acf":[],"_links":{"self":[{"href":"https:\/\/setsuko.ca\/fr\/wp-json\/wp\/v2\/product\/4339","targetHints":{"allow":["GET"]}}],"collection":[{"href":"https:\/\/setsuko.ca\/fr\/wp-json\/wp\/v2\/product"}],"about":[{"href":"https:\/\/setsuko.ca\/fr\/wp-json\/wp\/v2\/types\/product"}],"wp:featuredmedia":[{"embeddable":true,"href":"https:\/\/setsuko.ca\/fr\/wp-json\/wp\/v2\/media\/13921"}],"wp:attachment":[{"href":"https:\/\/setsuko.ca\/fr\/wp-json\/wp\/v2\/media?parent=4339"}],"wp:term":[{"taxonomy":"product_brand","embeddable":true,"href":"https:\/\/setsuko.ca\/fr\/wp-json\/wp\/v2\/product_brand?post=4339"},{"taxonomy":"product_cat","embeddable":true,"href":"https:\/\/setsuko.ca\/fr\/wp-json\/wp\/v2\/product_cat?post=4339"},{"taxonomy":"product_tag","embeddable":true,"href":"https:\/\/setsuko.ca\/fr\/wp-json\/wp\/v2\/product_tag?post=4339"}],"curies":[{"name":"wp","href":"https:\/\/api.w.org\/{rel}","templated":true}]}}