{"id":4764,"date":"2023-08-11T11:16:01","date_gmt":"2023-08-11T15:16:01","guid":{"rendered":"https:\/\/ecolesetsuko.ca\/product\/diplome-de-therapie-sonore\/"},"modified":"2026-02-15T23:37:06","modified_gmt":"2026-02-16T04:37:06","slug":"diplome-de-therapie-sonore","status":"publish","type":"product","link":"https:\/\/setsuko.ca\/fr\/produit\/diplome-de-therapie-sonore\/","title":{"rendered":"Dipl\u00f4me de th\u00e9rapie sonore"},"content":{"rendered":"<h3><strong>TECHNIQUES DE TH\u00c9RAPIE PAR LE SON \u2013 TH\u00c9RAPIE PAR LES DIAPASONS<\/strong><\/h3>\n<p>Le programme Techniques de th\u00e9rapie sonore propose une exploration approfondie de la th\u00e9rapie des diapasons, une modalit\u00e9 subtile mais puissante de gu\u00e9rison holistique et de r\u00e9tablissement de l&#8217;\u00e9quilibre. Ce programme est con\u00e7u pour des applications personnelles et professionnelles de la th\u00e9rapie par le son, permettant aux \u00e9tudiants d&#8217;acqu\u00e9rir les comp\u00e9tences et les connaissances n\u00e9cessaires pour utiliser les diapasons \u00e0 des fins th\u00e9rapeutiques. Le programme d&#8217;\u00e9tudes comprend les cours suivants :<\/p>\n<ul>\n<li><strong>Th\u00e9rapie sonore L1<\/strong> : cours d&#8217;introduction qui permet de comprendre les principes de la th\u00e9rapie sonore et les bases de l&#8217;utilisation des diapasons.<\/li>\n<li><strong>Th\u00e9rapie sonore L2<\/strong> : Ce cours de niveau interm\u00e9diaire approfondit les techniques et m\u00e9thodologies de la th\u00e9rapie sonore, en se concentrant sur des pratiques plus avanc\u00e9es et leurs effets th\u00e9rapeutiques.<\/li>\n<li><strong>Sound Therapy L3<\/strong> : Le cours avanc\u00e9 de la s\u00e9rie explore les aspects complexes et nuanc\u00e9s de la th\u00e9rapie par le son, permettant aux \u00e9tudiants de ma\u00eetriser des protocoles de traitement complexes.<\/li>\n<li><strong>Pratique et supervision du son<\/strong> : Partie essentielle du programme, ce cours fournit une exp\u00e9rience pratique sous supervision, permettant aux \u00e9tudiants d&#8217;appliquer leur apprentissage dans des contextes pratiques et d&#8217;affiner leurs comp\u00e9tences.<\/li>\n<\/ul>\n<p><strong>\u00c0 propos de la th\u00e9rapie des diapasons<\/strong><\/p>\n<p>La th\u00e9rapie des diapasons est une approche douce mais puissante qui s&#8217;adresse au corps et \u00e0 l&#8217;esprit et vise \u00e0 r\u00e9tablir l&#8217;harmonie interne et la sant\u00e9. Il interagit efficacement avec le syst\u00e8me nerveux, les tissus corporels et les champs d&#8217;\u00e9nergie subtile, offrant des exp\u00e9riences profond\u00e9ment relaxantes et r\u00e9paratrices avec des b\u00e9n\u00e9fices \u00e0 long terme.<\/p>\n<p><strong>Applications de la th\u00e9rapie par les diapasons<\/strong><\/p>\n<ul>\n<li><strong>Traitement \u00e0 domicile<\/strong> : Les \u00e9l\u00e8ves apprennent \u00e0 utiliser les diapasons \u00e0 des fins personnelles, pour aider \u00e0 la m\u00e9ditation, au soulagement du stress et \u00e0 l&#8217;att\u00e9nuation de l&#8217;anxi\u00e9t\u00e9 ou des pens\u00e9es n\u00e9gatives.<\/li>\n<li><strong>Th\u00e9rapie professionnelle<\/strong> : Le programme permet aux futurs th\u00e9rapeutes d&#8217;offrir des traitements complets pour diverses affections, notamment les douleurs chroniques, l&#8217;\u00e9puisement, l&#8217;hypersensibilit\u00e9 du syst\u00e8me nerveux, les maux de t\u00eate, les douleurs li\u00e9es \u00e0 des traumatismes, l&#8217;insomnie, les probl\u00e8mes articulaires, les crampes et les probl\u00e8mes digestifs.<\/li>\n<\/ul>\n<p><strong>Int\u00e9gration avec d&#8217;autres modalit\u00e9s<\/strong><\/p>\n<p>La th\u00e9rapie des diapasons n&#8217;est pas seulement un traitement puissant en soi, mais elle compl\u00e8te \u00e9galement d&#8217;autres pratiques th\u00e9rapeutiques telles que la physioth\u00e9rapie, la massoth\u00e9rapie, la chiropractie et la psychoth\u00e9rapie. Sa capacit\u00e9 \u00e0 influencer les \u00e9nergies subtiles du corps en fait un excellent compl\u00e9ment pour faciliter les changements \u00e9nerg\u00e9tiques et am\u00e9liorer l&#8217;efficacit\u00e9 globale du traitement.<\/p>\n<p><strong>Perspectives de carri\u00e8re<\/strong><\/p>\n<p>Les dipl\u00f4m\u00e9s de ce programme seront pr\u00e9par\u00e9s \u00e0 utiliser la th\u00e9rapie des diapasons dans diff\u00e9rents contextes, que ce soit pour le bien-\u00eatre personnel, pour offrir des traitements \u00e0 la famille et aux amis, ou en tant que th\u00e9rapeutes professionnels des diapasons. Cette formation compl\u00e8te ouvre la voie \u00e0 des carri\u00e8res dans des centres de bien-\u00eatre, des cliniques de sant\u00e9 ou des cabinets priv\u00e9s, o\u00f9 ils peuvent contribuer \u00e0 la communaut\u00e9 de la sant\u00e9 holistique gr\u00e2ce \u00e0 cette modalit\u00e9 unique de th\u00e9rapie par le son.<\/p>\n","protected":false},"excerpt":{"rendered":"<h3><strong>TECHNIQUES DE TH\u00c9RAPIE PAR LE SON \u2013 TH\u00c9RAPIE PAR LES DIAPASONS<\/strong><\/h3>\n<p>Le programme Techniques de th\u00e9rapie sonore propose une exploration approfondie de la th\u00e9rapie des diapasons, une modalit\u00e9 subtile mais puissante de gu\u00e9rison holistique et de r\u00e9tablissement de l&#8217;\u00e9quilibre. Ce programme est con\u00e7u pour des applications personnelles et professionnelles de la th\u00e9rapie par le son, permettant aux \u00e9tudiants d&#8217;acqu\u00e9rir les comp\u00e9tences et les connaissances n\u00e9cessaires pour utiliser les diapasons \u00e0 des fins th\u00e9rapeutiques. Le programme d&#8217;\u00e9tudes comprend les cours suivants :<\/p>\n<ul>\n<li><strong>Th\u00e9rapie sonore L1<\/strong> : cours d&#8217;introduction qui permet de comprendre les principes de la th\u00e9rapie sonore et les bases de l&#8217;utilisation des diapasons.<\/li>\n<li><strong>Th\u00e9rapie sonore L2<\/strong> : Ce cours de niveau interm\u00e9diaire approfondit les techniques et m\u00e9thodologies de la th\u00e9rapie sonore, en se concentrant sur des pratiques plus avanc\u00e9es et leurs effets th\u00e9rapeutiques.<\/li>\n<li><strong>Sound Therapy L3<\/strong> : Le cours avanc\u00e9 de la s\u00e9rie explore les aspects complexes et nuanc\u00e9s de la th\u00e9rapie par le son, permettant aux \u00e9tudiants de ma\u00eetriser des protocoles de traitement complexes.<\/li>\n<li><strong>Pratique et supervision du son<\/strong> : Partie essentielle du programme, ce cours fournit une exp\u00e9rience pratique sous supervision, permettant aux \u00e9tudiants d&#8217;appliquer leur apprentissage dans des contextes pratiques et d&#8217;affiner leurs comp\u00e9tences.<\/li>\n<\/ul>\n<p><strong>\u00c0 propos de la th\u00e9rapie des diapasons<\/strong><\/p>\n<p>La th\u00e9rapie des diapasons est une approche douce mais puissante qui s&#8217;adresse au corps et \u00e0 l&#8217;esprit et vise \u00e0 r\u00e9tablir l&#8217;harmonie interne et la sant\u00e9. Il interagit efficacement avec le syst\u00e8me nerveux, les tissus corporels et les champs d&#8217;\u00e9nergie subtile, offrant des exp\u00e9riences profond\u00e9ment relaxantes et r\u00e9paratrices avec des b\u00e9n\u00e9fices \u00e0 long terme.<\/p>\n<p><strong>Applications de la th\u00e9rapie par les diapasons<\/strong><\/p>\n<ul>\n<li><strong>Traitement \u00e0 domicile<\/strong> : Les \u00e9l\u00e8ves apprennent \u00e0 utiliser les diapasons \u00e0 des fins personnelles, pour aider \u00e0 la m\u00e9ditation, au soulagement du stress et \u00e0 l&#8217;att\u00e9nuation de l&#8217;anxi\u00e9t\u00e9 ou des pens\u00e9es n\u00e9gatives.<\/li>\n<li><strong>Th\u00e9rapie professionnelle<\/strong> : Le programme permet aux futurs th\u00e9rapeutes d&#8217;offrir des traitements complets pour diverses affections, notamment les douleurs chroniques, l&#8217;\u00e9puisement, l&#8217;hypersensibilit\u00e9 du syst\u00e8me nerveux, les maux de t\u00eate, les douleurs li\u00e9es \u00e0 des traumatismes, l&#8217;insomnie, les probl\u00e8mes articulaires, les crampes et les probl\u00e8mes digestifs.<\/li>\n<\/ul>\n<p><strong>Int\u00e9gration avec d&#8217;autres modalit\u00e9s<\/strong><\/p>\n<p>La th\u00e9rapie des diapasons n&#8217;est pas seulement un traitement puissant en soi, mais elle compl\u00e8te \u00e9galement d&#8217;autres pratiques th\u00e9rapeutiques telles que la physioth\u00e9rapie, la massoth\u00e9rapie, la chiropractie et la psychoth\u00e9rapie. Sa capacit\u00e9 \u00e0 influencer les \u00e9nergies subtiles du corps en fait un excellent compl\u00e9ment pour faciliter les changements \u00e9nerg\u00e9tiques et am\u00e9liorer l&#8217;efficacit\u00e9 globale du traitement.<\/p>\n<p><strong>Perspectives de carri\u00e8re<\/strong><\/p>\n<p>Les dipl\u00f4m\u00e9s de ce programme seront pr\u00e9par\u00e9s \u00e0 utiliser la th\u00e9rapie des diapasons dans diff\u00e9rents contextes, que ce soit pour le bien-\u00eatre personnel, pour offrir des traitements \u00e0 la famille et aux amis, ou en tant que th\u00e9rapeutes professionnels des diapasons. Cette formation compl\u00e8te ouvre la voie \u00e0 des carri\u00e8res dans des centres de bien-\u00eatre, des cliniques de sant\u00e9 ou des cabinets priv\u00e9s, o\u00f9 ils peuvent contribuer \u00e0 la communaut\u00e9 de la sant\u00e9 holistique gr\u00e2ce \u00e0 cette modalit\u00e9 unique de th\u00e9rapie par le son.<\/p>\n","protected":false},"featured_media":13891,"template":"","meta":{"_acf_changed":false},"product_brand":[],"product_cat":[439,96,97,481,490,141,287,491],"product_tag":[],"class_list":{"0":"post-4764","1":"product","2":"type-product","3":"status-publish","4":"has-post-thumbnail","6":"product_cat-bilingue","7":"product_cat-diplomes","8":"product_cat-en-personne","9":"product_cat-holistic-therapies","10":"product_cat-interet-general","11":"product_cat-paule-guerard-fr","12":"product_cat-qe-ndg-fr","13":"product_cat-therapies-energetiques","15":"first","16":"instock","17":"sale","18":"shipping-taxable","19":"purchasable","20":"product-type-simple"},"acf":[],"_links":{"self":[{"href":"https:\/\/setsuko.ca\/fr\/wp-json\/wp\/v2\/product\/4764","targetHints":{"allow":["GET"]}}],"collection":[{"href":"https:\/\/setsuko.ca\/fr\/wp-json\/wp\/v2\/product"}],"about":[{"href":"https:\/\/setsuko.ca\/fr\/wp-json\/wp\/v2\/types\/product"}],"wp:featuredmedia":[{"embeddable":true,"href":"https:\/\/setsuko.ca\/fr\/wp-json\/wp\/v2\/media\/13891"}],"wp:attachment":[{"href":"https:\/\/setsuko.ca\/fr\/wp-json\/wp\/v2\/media?parent=4764"}],"wp:term":[{"taxonomy":"product_brand","embeddable":true,"href":"https:\/\/setsuko.ca\/fr\/wp-json\/wp\/v2\/product_brand?post=4764"},{"taxonomy":"product_cat","embeddable":true,"href":"https:\/\/setsuko.ca\/fr\/wp-json\/wp\/v2\/product_cat?post=4764"},{"taxonomy":"product_tag","embeddable":true,"href":"https:\/\/setsuko.ca\/fr\/wp-json\/wp\/v2\/product_tag?post=4764"}],"curies":[{"name":"wp","href":"https:\/\/api.w.org\/{rel}","templated":true}]}}