{"id":4838,"date":"2024-04-06T19:22:43","date_gmt":"2024-04-06T23:22:43","guid":{"rendered":"https:\/\/ecolesetsuko.ca\/product\/chi-nei-tsang\/"},"modified":"2025-03-25T07:44:50","modified_gmt":"2025-03-25T11:44:50","slug":"chi-nei-tsang","status":"publish","type":"product","link":"https:\/\/setsuko.ca\/fr\/produit\/chi-nei-tsang\/","title":{"rendered":"Chi Nei Tsang"},"content":{"rendered":"<p>Le Chi Nei Tsang est une forme de massage abdominal qui trouve son origine dans les pratiques traditionnelles chinoises et tao\u00efstes. Le terme &#8220;Chi Nei Tsang&#8221; se traduit en anglais par &#8220;internal organs chi transformation&#8221;. Il s&#8217;agit d&#8217;une approche th\u00e9rapeutique et holistique visant \u00e0 promouvoir le bien-\u00eatre physique et \u00e9motionnel en travaillant sur la r\u00e9gion abdominale.<\/p>\n<p>Cette technique de massage est bas\u00e9e sur la croyance que la r\u00e9gion abdominale est un centre de circulation de l&#8217;\u00e9nergie dans le corps. Selon la philosophie tao\u00efste, les probl\u00e8mes \u00e9motionnels non r\u00e9solus, le stress, les tensions et les blocages \u00e9nerg\u00e9tiques peuvent s&#8217;accumuler dans l&#8217;abdomen et affecter la sant\u00e9 g\u00e9n\u00e9rale. Les praticiens du Chi Nei Tsang utilisent diverses techniques de massage, d&#8217;acupression et de respiration pour lib\u00e9rer ces blocages, am\u00e9liorer la circulation de l&#8217;\u00e9nergie et favoriser la gu\u00e9rison.<\/p>\n<p>Le massage consiste g\u00e9n\u00e9ralement \u00e0 exercer une pression douce mais profonde sur diff\u00e9rentes zones de l&#8217;abdomen, en se concentrant sur des points, des voies et des organes sp\u00e9cifiques. On pense qu&#8217;en travaillant sur l&#8217;abdomen, le praticien peut aider \u00e0 \u00e9quilibrer les \u00e9nergies vitales du corps (chi), am\u00e9liorer la digestion, renforcer le fonctionnement des organes et traiter les d\u00e9s\u00e9quilibres \u00e9motionnels et \u00e9nerg\u00e9tiques.<\/p>\n<p>Date : 6 mai \u2013 10 juin 2025 de 10h \u00e0 14h<br \/>\nLieu : 2111 Northcliffe Ave, #11D, Montr\u00e9al, Qu\u00e9bec H4A 3K6<br \/>\nCr\u00e9dits : 100<br \/>\nPr\u00e9requis : massoth\u00e9rapeute, travail corporel ou yoga \/ pratique somatique<\/p>\n","protected":false},"excerpt":{"rendered":"<p>Le Chi Nei Tsang est une forme de massage abdominal qui trouve son origine dans les pratiques traditionnelles chinoises et tao\u00efstes. Le terme &#8220;Chi Nei Tsang&#8221; se traduit en anglais par &#8220;internal organs chi transformation&#8221;. Il s&#8217;agit d&#8217;une approche th\u00e9rapeutique et holistique visant \u00e0 promouvoir le bien-\u00eatre physique et \u00e9motionnel en travaillant sur la r\u00e9gion abdominale.<\/p>\n<p>Cette technique de massage est bas\u00e9e sur la croyance que la r\u00e9gion abdominale est un centre de circulation de l&#8217;\u00e9nergie dans le corps. Selon la philosophie tao\u00efste, les probl\u00e8mes \u00e9motionnels non r\u00e9solus, le stress, les tensions et les blocages \u00e9nerg\u00e9tiques peuvent s&#8217;accumuler dans l&#8217;abdomen et affecter la sant\u00e9 g\u00e9n\u00e9rale. Les praticiens du Chi Nei Tsang utilisent diverses techniques de massage, d&#8217;acupression et de respiration pour lib\u00e9rer ces blocages, am\u00e9liorer la circulation de l&#8217;\u00e9nergie et favoriser la gu\u00e9rison.<\/p>\n<p>Le massage consiste g\u00e9n\u00e9ralement \u00e0 exercer une pression douce mais profonde sur diff\u00e9rentes zones de l&#8217;abdomen, en se concentrant sur des points, des voies et des organes sp\u00e9cifiques. On pense qu&#8217;en travaillant sur l&#8217;abdomen, le praticien peut aider \u00e0 \u00e9quilibrer les \u00e9nergies vitales du corps (chi), \u00e0 am\u00e9liorer la digestion, \u00e0 renforcer le fonctionnement des organes et \u00e0 rem\u00e9dier aux d\u00e9s\u00e9quilibres \u00e9motionnels et \u00e9nerg\u00e9tiques.<\/p>\n<p>&nbsp;<\/p>\n","protected":false},"featured_media":13927,"template":"","meta":{"_acf_changed":false},"product_brand":[],"product_cat":[169,95,97,140,287],"product_tag":[],"class_list":{"0":"post-4838","1":"product","2":"type-product","3":"status-publish","4":"has-post-thumbnail","6":"product_cat-atelier","7":"product_cat-cours","8":"product_cat-en-personne","9":"product_cat-natalie-palmer-fr","10":"product_cat-qe-ndg-fr","12":"first","13":"outofstock","14":"virtual","15":"purchasable","16":"product-type-simple"},"acf":[],"_links":{"self":[{"href":"https:\/\/setsuko.ca\/fr\/wp-json\/wp\/v2\/product\/4838","targetHints":{"allow":["GET"]}}],"collection":[{"href":"https:\/\/setsuko.ca\/fr\/wp-json\/wp\/v2\/product"}],"about":[{"href":"https:\/\/setsuko.ca\/fr\/wp-json\/wp\/v2\/types\/product"}],"wp:featuredmedia":[{"embeddable":true,"href":"https:\/\/setsuko.ca\/fr\/wp-json\/wp\/v2\/media\/13927"}],"wp:attachment":[{"href":"https:\/\/setsuko.ca\/fr\/wp-json\/wp\/v2\/media?parent=4838"}],"wp:term":[{"taxonomy":"product_brand","embeddable":true,"href":"https:\/\/setsuko.ca\/fr\/wp-json\/wp\/v2\/product_brand?post=4838"},{"taxonomy":"product_cat","embeddable":true,"href":"https:\/\/setsuko.ca\/fr\/wp-json\/wp\/v2\/product_cat?post=4838"},{"taxonomy":"product_tag","embeddable":true,"href":"https:\/\/setsuko.ca\/fr\/wp-json\/wp\/v2\/product_tag?post=4838"}],"curies":[{"name":"wp","href":"https:\/\/api.w.org\/{rel}","templated":true}]}}