{"id":4899,"date":"2024-01-11T11:14:11","date_gmt":"2024-01-11T16:14:11","guid":{"rendered":"https:\/\/ecolesetsuko.ca\/product\/diplome-de-cranio-sacre\/"},"modified":"2025-01-19T12:40:13","modified_gmt":"2025-01-19T17:40:13","slug":"diplome-de-cranio-sacre","status":"publish","type":"product","link":"https:\/\/setsuko.ca\/fr\/produit\/diplome-de-cranio-sacre\/","title":{"rendered":"Certification en th\u00e9rapie craniosacrale"},"content":{"rendered":"<p>PROGRAMME DE CERTIFICATION DE LA TH\u00c9RAPIE CRANIOSACRALE (HYBRIDE) *Veuillez noter que ce dipl\u00f4me n&#8217;est actuellement propos\u00e9 qu&#8217;en anglais.*<\/p>\n<p>Instructeur : Tony Eng<\/p>\n<p>Heures totales : 200 heures<\/p>\n<p>COURS DE BASE<\/p>\n<p>Th\u00e9rapie craniosacrale niveau 1<\/p>\n<p>1 jour de th\u00e9orie (en ligne) 9h00-17h30<\/p>\n<p>1 jour de clinique (en personne) 9h00-17h30<\/p>\n<p>Nous explorerons l&#8217;anatomie du syst\u00e8me craniosacral et la fa\u00e7on dont il peut affecter les parties du corps et les syst\u00e8mes. Nous apprendrons \u00e9galement les \u00e9valuations du corps entier, les techniques d&#8217;\u00e9coute subtile et le rythme cr\u00e2nien pour apporter l&#8217;\u00e9quilibre au corps.<\/p>\n<p>Th\u00e9rapie craniosacrale niveau 2<\/p>\n<p>1 jour de th\u00e9orie (en ligne) 9h00-17h30<\/p>\n<p>Clinique d&#8217;un jour (en personne) 9h00-17h30<\/p>\n<p>Nous d\u00e9velopperons les techniques du niveau 1 de la th\u00e9rapie craniosacrale. L&#8217;acc\u00e8s et l&#8217;\u00e9quilibre du mouvement des os cr\u00e2niens individuels auront un impact direct sur le syst\u00e8me intra-cr\u00e2nien.<\/p>\n<p>Th\u00e9rapie craniosacrale niveau 3<\/p>\n<p>1 jour de th\u00e9orie (en ligne) 9h00-17h30<\/p>\n<p>2 jours de clinique (en personne) 9h00-17h30<\/p>\n<p>Nous \u00e9tudierons \u00e9galement en profondeur les mod\u00e8les de l\u00e9sions dans le cr\u00e2ne et les structures qui affectent les voies d&#8217;expression, ainsi que les techniques intra-orales.<\/p>\n<p>Th\u00e9rapie craniosacrale niveau 4<\/p>\n<p>1 jour de th\u00e9orie (en ligne) 10:00-1:00<\/p>\n<p>2 jours de clinique (en personne) 9:00-5:30<\/p>\n<p>Nous explorerons comment traiter et dialoguer avec le corps \u00e0 un niveau non conscient. L&#8217;objectif est de se d\u00e9barrasser des effets r\u00e9siduels des traumatismes pass\u00e9s et des exp\u00e9riences n\u00e9gatives qui peuvent affecter le bien-\u00eatre physique et \u00e9motionnel.<\/p>\n<p>COURS DE SOUTIEN<\/p>\n<p>Appels de mentorat :<\/p>\n<p>Un mentorat par niveau (4 niveaux) (en ligne) 7:00-9:00<\/p>\n<p>S\u00e9ances de r\u00e9vision de chaque niveau, au cours desquelles les \u00e9tudiants peuvent poser des questions et partager leurs exp\u00e9riences des pratiques. Des astuces et des conseils sont donn\u00e9s pour aider les \u00e9tudiants \u00e0 affiner leurs capacit\u00e9s d&#8217;\u00e9coute, leurs comp\u00e9tences en mati\u00e8re de palpation et leur compr\u00e9hension de la mati\u00e8re.<\/p>\n<p>Discussions sur le forum :<\/p>\n<p>En continu (en ligne)<\/p>\n<p>Les \u00e9tudiants peuvent partager et discuter de leurs pratiques et de leurs exp\u00e9riences avec d&#8217;autres \u00e9tudiants et anciens \u00e9tudiants en cr\u00e2nio-sacr\u00e9 partageant les m\u00eames id\u00e9es.<\/p>\n<p>S\u00e9ances de groupe d&#8217;\u00e9tude :<\/p>\n<p>Des groupes d&#8217;\u00e9tude supervis\u00e9s permettent aux \u00e9tudiants de pratiquer et d&#8217;affiner leurs techniques pour chaque niveau.<\/p>\n<p>COURS COMPL\u00c9MENTAIRES<\/p>\n<p>Les affaires de la th\u00e9rapie craniosacrale, l&#8217;\u00e9tablissement de liens et l&#8217;\u00e9laboration de graphiques<\/p>\n<p>2 heures en ligne<\/p>\n<p>Nous examinerons les moyens de construire une pratique craniosacrale. Nous explorerons l&#8217;\u00e9thique et l&#8217;autorisation d&#8217;exercer. Nous aborderons \u00e9galement le processus d&#8217;admission et d&#8217;entretien avec les clients afin d&#8217;\u00e9tablir des liens et des connexions.<\/p>\n<p>M\u00e9ditation pour les praticiens craniosacr\u00e9s<\/p>\n<p>4 sessions (en ligne) 7:00-8:00<\/p>\n<p>Nous apprendrons des techniques de m\u00e9ditation pour aider \u00e0 l&#8217;ancrage, augmenter la conscience et soutenir le praticien et le client dans leur pratique.<\/p>\n<p>Sessions pr\u00e9-enregistr\u00e9es<\/p>\n<p>Sessions de r\u00e9vision sur les deux principaux syst\u00e8mes physiologiques sur lesquels le cours se concentrera : le syst\u00e8me nerveux et le syst\u00e8me des fascias.<\/p>\n<p>COURS D&#8217;INT\u00c9GRATION<\/p>\n<p>R\u00e9vision guid\u00e9e<\/p>\n<p>Clinique d&#8217;une journ\u00e9e (en personne) 9h00-17h30<\/p>\n<p>Les \u00e9tudiants seront guid\u00e9s pendant une journ\u00e9e compl\u00e8te de r\u00e9vision et d&#8217;int\u00e9gration de tout le mat\u00e9riel qui a \u00e9t\u00e9 appris tout au long du cours.<\/p>\n<p>Application clinique<\/p>\n<p>Clinique d&#8217;une journ\u00e9e (en personne) 9h00-17h30<\/p>\n<p>Les \u00e9tudiants auront l&#8217;opportunit\u00e9 d&#8217;\u00eatre dans un environnement clinique, o\u00f9 ils traiteront des clients avec des probl\u00e8mes sp\u00e9cifiques avec la th\u00e9rapie cr\u00e2nio-sacr\u00e9e sous la supervision de professeurs.<\/p>\n<p>A partir de Ao\u00fbt 2025 \u2013 Places limit\u00e9es. S&#8217;inscrire rapidement<\/p>\n","protected":false},"excerpt":{"rendered":"<p>Dans ce cours, nous approfondissons l&#8217;anatomie du syst\u00e8me cr\u00e2nio-sacr\u00e9, en examinant son impact sur les diff\u00e9rentes parties et syst\u00e8mes du corps. Les \u00e9tudiants apprendront les \u00e9valuations du corps entier, les techniques d&#8217;\u00e9coute subtile et la fa\u00e7on d&#8217;identifier le rythme cr\u00e2nien pour r\u00e9tablir l&#8217;\u00e9quilibre. Le programme couvre les sch\u00e9mas de l\u00e9sions en profondeur dans le cr\u00e2ne, les techniques intra-orales et les m\u00e9thodes d&#8217;interaction avec le corps \u00e0 un niveau non conscient pour att\u00e9nuer les effets persistants des traumatismes pass\u00e9s sur la sant\u00e9 physique et \u00e9motionnelle. Le programme comprend des sessions de r\u00e9vision pour une meilleure compr\u00e9hension et un affinement des comp\u00e9tences en mati\u00e8re d&#8217;\u00e9coute, de palpation et d&#8217;application du traitement, renforc\u00e9es par des groupes d&#8217;\u00e9tude supervis\u00e9s et des discussions entre pairs. En outre, les \u00e9tudiants apprendront \u00e0 mettre en place une pratique craniosacrale, \u00e0 se familiariser avec l&#8217;\u00e9thique, l&#8217;autorisation d&#8217;exercer, l&#8217;accueil des clients et les entretiens. Des techniques de m\u00e9ditation pour l&#8217;ancrage et la conscience sont \u00e9galement enseign\u00e9es pour soutenir \u00e0 la fois le praticien et le client, culminant dans un cadre clinique o\u00f9 les \u00e9tudiants appliquent leurs comp\u00e9tences sous la supervision de l&#8217;enseignant.<\/p>\n","protected":false},"featured_media":13925,"template":"","meta":{"_acf_changed":false},"product_brand":[],"product_cat":[94,143],"product_tag":[],"class_list":{"0":"post-4899","1":"product","2":"type-product","3":"status-publish","4":"has-post-thumbnail","6":"product_cat-certificats","7":"product_cat-tony-eng-fr","9":"first","10":"outofstock","11":"virtual","12":"purchasable","13":"product-type-simple"},"acf":[],"_links":{"self":[{"href":"https:\/\/setsuko.ca\/fr\/wp-json\/wp\/v2\/product\/4899","targetHints":{"allow":["GET"]}}],"collection":[{"href":"https:\/\/setsuko.ca\/fr\/wp-json\/wp\/v2\/product"}],"about":[{"href":"https:\/\/setsuko.ca\/fr\/wp-json\/wp\/v2\/types\/product"}],"wp:featuredmedia":[{"embeddable":true,"href":"https:\/\/setsuko.ca\/fr\/wp-json\/wp\/v2\/media\/13925"}],"wp:attachment":[{"href":"https:\/\/setsuko.ca\/fr\/wp-json\/wp\/v2\/media?parent=4899"}],"wp:term":[{"taxonomy":"product_brand","embeddable":true,"href":"https:\/\/setsuko.ca\/fr\/wp-json\/wp\/v2\/product_brand?post=4899"},{"taxonomy":"product_cat","embeddable":true,"href":"https:\/\/setsuko.ca\/fr\/wp-json\/wp\/v2\/product_cat?post=4899"},{"taxonomy":"product_tag","embeddable":true,"href":"https:\/\/setsuko.ca\/fr\/wp-json\/wp\/v2\/product_tag?post=4899"}],"curies":[{"name":"wp","href":"https:\/\/api.w.org\/{rel}","templated":true}]}}