{"id":4906,"date":"2024-12-18T16:32:38","date_gmt":"2024-12-18T21:32:38","guid":{"rendered":"https:\/\/ecolesetsuko.ca\/?post_type=product&#038;p=4906"},"modified":"2026-01-02T13:49:01","modified_gmt":"2026-01-02T18:49:01","slug":"massage-de-la-nuque-target-series","status":"publish","type":"product","link":"https:\/\/setsuko.ca\/fr\/produit\/massage-de-la-nuque-target-series\/","title":{"rendered":"Lib\u00e9ration du cou \u2013 S\u00e9rie cibl\u00e9e \u2013 NDG"},"content":{"rendered":"<p><span data-sheets-value=\"{\"1\":2,\"2\":\"Explore the deeper anatomical structures, common injuries and applications for targeted neck work. Includes clinical supervised practice and case studies. \"}\" data-sheets-userformat=\"{\"2\":33569667,\"3\":{\"1\":0},\"4\":{\"1\":2,\"2\":16777215},\"10\":1,\"11\":3,\"12\":0,\"14\":{\"1\":2,\"2\":0},\"15\":\"Arial\",\"16\":12,\"28\":1}\">Cet atelier d\u2019une journ\u00e9e s\u2019adresse aux th\u00e9rapeutes d\u00e9j\u00e0 en pratique qui souhaitent approfondir leurs connaissances et leurs comp\u00e9tences tout en abordant les probl\u00e8mes et conditions les plus fr\u00e9quents li\u00e9s au cou. Nous explorerons les structures anatomiques profondes, les blessures courantes et les applications pour un travail cibl\u00e9 du cou. L\u2019atelier comprend une pratique clinique supervis\u00e9e et des \u00e9tudes de cas.   <\/span><\/p>\n","protected":false},"excerpt":{"rendered":"<p>Cet atelier d&#8217;une journ\u00e9e permet aux th\u00e9rapeutes en exercice d&#8217;approfondir leurs comp\u00e9tences dans le traitement des probl\u00e8mes cervicaux courants gr\u00e2ce \u00e0 des exercices pratiques et des \u00e9tudes de cas.<\/p>\n","protected":false},"featured_media":13914,"template":"","meta":{"_acf_changed":false},"product_brand":[],"product_cat":[440,169,479,97,445,287],"product_tag":[335,336],"class_list":{"0":"post-4906","1":"product","2":"type-product","3":"status-publish","4":"has-post-thumbnail","6":"product_cat-anglais","7":"product_cat-atelier","8":"product_cat-clinical-massage","9":"product_cat-en-personne","10":"product_cat-jennifer-linarez-fr","11":"product_cat-qe-ndg-fr","12":"product_tag-advanced-massage-fr","13":"product_tag-neck-release-fr","15":"first","16":"outofstock","17":"shipping-taxable","18":"purchasable","19":"product-type-simple"},"acf":[],"_links":{"self":[{"href":"https:\/\/setsuko.ca\/fr\/wp-json\/wp\/v2\/product\/4906","targetHints":{"allow":["GET"]}}],"collection":[{"href":"https:\/\/setsuko.ca\/fr\/wp-json\/wp\/v2\/product"}],"about":[{"href":"https:\/\/setsuko.ca\/fr\/wp-json\/wp\/v2\/types\/product"}],"wp:featuredmedia":[{"embeddable":true,"href":"https:\/\/setsuko.ca\/fr\/wp-json\/wp\/v2\/media\/13914"}],"wp:attachment":[{"href":"https:\/\/setsuko.ca\/fr\/wp-json\/wp\/v2\/media?parent=4906"}],"wp:term":[{"taxonomy":"product_brand","embeddable":true,"href":"https:\/\/setsuko.ca\/fr\/wp-json\/wp\/v2\/product_brand?post=4906"},{"taxonomy":"product_cat","embeddable":true,"href":"https:\/\/setsuko.ca\/fr\/wp-json\/wp\/v2\/product_cat?post=4906"},{"taxonomy":"product_tag","embeddable":true,"href":"https:\/\/setsuko.ca\/fr\/wp-json\/wp\/v2\/product_tag?post=4906"}],"curies":[{"name":"wp","href":"https:\/\/api.w.org\/{rel}","templated":true}]}}