{"id":5185,"date":"2025-01-08T09:58:11","date_gmt":"2025-01-08T14:58:11","guid":{"rendered":"https:\/\/ecolesetsuko.ca\/product\/serie-cible-sur-lentretien-de-lavant-bras-et-du-poignet\/"},"modified":"2026-03-09T12:41:26","modified_gmt":"2026-03-09T16:41:26","slug":"serie-cible-sur-lentretien-de-lavant-bras-et-du-poignet","status":"publish","type":"product","link":"https:\/\/setsuko.ca\/fr\/produit\/serie-cible-sur-lentretien-de-lavant-bras-et-du-poignet\/","title":{"rendered":"S\u00e9rie cible sur l&#8217;entretien de l&#8217;avant-bras et du poignet"},"content":{"rendered":"<p>D\u00e9couvrez les cl\u00e9s pour prendre soin de vos avant-bras et de vos poignets dans notre atelier sp\u00e9cialis\u00e9. Apprenez des techniques sp\u00e9cialis\u00e9es pour rel\u00e2cher les tensions, soulager l&#8217;inconfort et favoriser un fonctionnement optimal de ces zones cruciales. Rejoignez-nous pour acqu\u00e9rir des comp\u00e9tences pr\u00e9cieuses qui vous permettront de soulager et de maintenir la sant\u00e9 de vos avant-bras et de vos poignets, afin d&#8217;am\u00e9liorer vos performances et votre bien-\u00eatre.  <\/p>\n","protected":false},"excerpt":{"rendered":"<p>D\u00e9couvrez les cl\u00e9s pour prendre soin de vos avant-bras et de vos poignets dans notre atelier sp\u00e9cialis\u00e9. Apprenez des techniques sp\u00e9cialis\u00e9es pour rel\u00e2cher les tensions, soulager l&#8217;inconfort et favoriser un fonctionnement optimal de ces zones cruciales. Rejoignez-nous pour acqu\u00e9rir des comp\u00e9tences pr\u00e9cieuses qui vous permettront de soulager et de maintenir la sant\u00e9 de vos avant-bras et de vos poignets, afin d&#8217;am\u00e9liorer vos performances et votre bien-\u00eatre.  <\/p>\n","protected":false},"featured_media":13929,"template":"","meta":{"_acf_changed":false},"product_brand":[],"product_cat":[440,169,479,95,97,490,445,287],"product_tag":[],"class_list":{"0":"post-5185","1":"product","2":"type-product","3":"status-publish","4":"has-post-thumbnail","6":"product_cat-anglais","7":"product_cat-atelier","8":"product_cat-clinical-massage","9":"product_cat-cours","10":"product_cat-en-personne","11":"product_cat-interet-general","12":"product_cat-jennifer-linarez-fr","13":"product_cat-qe-ndg-fr","15":"first","16":"outofstock","17":"virtual","18":"purchasable","19":"product-type-simple"},"acf":[],"_links":{"self":[{"href":"https:\/\/setsuko.ca\/fr\/wp-json\/wp\/v2\/product\/5185","targetHints":{"allow":["GET"]}}],"collection":[{"href":"https:\/\/setsuko.ca\/fr\/wp-json\/wp\/v2\/product"}],"about":[{"href":"https:\/\/setsuko.ca\/fr\/wp-json\/wp\/v2\/types\/product"}],"wp:featuredmedia":[{"embeddable":true,"href":"https:\/\/setsuko.ca\/fr\/wp-json\/wp\/v2\/media\/13929"}],"wp:attachment":[{"href":"https:\/\/setsuko.ca\/fr\/wp-json\/wp\/v2\/media?parent=5185"}],"wp:term":[{"taxonomy":"product_brand","embeddable":true,"href":"https:\/\/setsuko.ca\/fr\/wp-json\/wp\/v2\/product_brand?post=5185"},{"taxonomy":"product_cat","embeddable":true,"href":"https:\/\/setsuko.ca\/fr\/wp-json\/wp\/v2\/product_cat?post=5185"},{"taxonomy":"product_tag","embeddable":true,"href":"https:\/\/setsuko.ca\/fr\/wp-json\/wp\/v2\/product_tag?post=5185"}],"curies":[{"name":"wp","href":"https:\/\/api.w.org\/{rel}","templated":true}]}}