{"id":5190,"date":"2024-01-14T09:58:38","date_gmt":"2024-01-14T14:58:38","guid":{"rendered":"https:\/\/ecolesetsuko.ca\/product\/atelier-de-techniques-myofasciales\/"},"modified":"2025-01-14T15:09:19","modified_gmt":"2025-01-14T20:09:19","slug":"atelier-de-techniques-myofasciales","status":"publish","type":"product","link":"https:\/\/setsuko.ca\/fr\/produit\/atelier-de-techniques-myofasciales\/","title":{"rendered":"Atelier de techniques myofasciales"},"content":{"rendered":"<p>Ce cours se concentrera sur la familiarisation avec le tissu conjonctif, la fa\u00e7on d&#8217;\u00e9valuer et de traiter les restrictions myofasciales. Nous explorerons les lignes fasciales et les discuterons en relation avec leur pr\u00e9sentation sur le corps.<\/p>\n<p>Diverses techniques seront pass\u00e9es en revue pour l&#8217;\u00e9valuation et le traitement. Ce cours int\u00e8gre des connaissances musculo-squelettiques, des comp\u00e9tences de palpation et des mains douces et \u00e0 l&#8217;\u00e9coute.<\/p>\n","protected":false},"excerpt":{"rendered":"<p>Ce cours se concentrera sur la familiarisation avec le tissu conjonctif, la fa\u00e7on d&#8217;\u00e9valuer et de traiter les restrictions myofasciales. Nous explorerons les lignes fasciales et les discuterons en relation avec leur pr\u00e9sentation sur le corps.<\/p>\n<p>Diverses techniques seront pass\u00e9es en revue pour l&#8217;\u00e9valuation et le traitement. Ce cours int\u00e8gre des connaissances musculo-squelettiques, des comp\u00e9tences de palpation et des mains douces et \u00e0 l&#8217;\u00e9coute.<\/p>\n","protected":false},"featured_media":13931,"template":"","meta":{"_acf_changed":false},"product_brand":[],"product_cat":[169,97,170,287],"product_tag":[],"class_list":{"0":"post-5190","1":"product","2":"type-product","3":"status-publish","4":"has-post-thumbnail","6":"product_cat-atelier","7":"product_cat-en-personne","8":"product_cat-nicolas-faucher-fr","9":"product_cat-qe-ndg-fr","11":"first","12":"outofstock","13":"sale","14":"virtual","15":"purchasable","16":"product-type-simple"},"acf":[],"_links":{"self":[{"href":"https:\/\/setsuko.ca\/fr\/wp-json\/wp\/v2\/product\/5190","targetHints":{"allow":["GET"]}}],"collection":[{"href":"https:\/\/setsuko.ca\/fr\/wp-json\/wp\/v2\/product"}],"about":[{"href":"https:\/\/setsuko.ca\/fr\/wp-json\/wp\/v2\/types\/product"}],"wp:featuredmedia":[{"embeddable":true,"href":"https:\/\/setsuko.ca\/fr\/wp-json\/wp\/v2\/media\/13931"}],"wp:attachment":[{"href":"https:\/\/setsuko.ca\/fr\/wp-json\/wp\/v2\/media?parent=5190"}],"wp:term":[{"taxonomy":"product_brand","embeddable":true,"href":"https:\/\/setsuko.ca\/fr\/wp-json\/wp\/v2\/product_brand?post=5190"},{"taxonomy":"product_cat","embeddable":true,"href":"https:\/\/setsuko.ca\/fr\/wp-json\/wp\/v2\/product_cat?post=5190"},{"taxonomy":"product_tag","embeddable":true,"href":"https:\/\/setsuko.ca\/fr\/wp-json\/wp\/v2\/product_tag?post=5190"}],"curies":[{"name":"wp","href":"https:\/\/api.w.org\/{rel}","templated":true}]}}