{"id":5195,"date":"2025-01-15T09:59:26","date_gmt":"2025-01-15T14:59:26","guid":{"rendered":"https:\/\/ecolesetsuko.ca\/product\/serie-ciblee-sur-le-bassin-et-les-hanches-larticulation-sacro-iliaque\/"},"modified":"2026-03-09T12:40:19","modified_gmt":"2026-03-09T16:40:19","slug":"serie-ciblee-sur-le-bassin-et-les-hanches-larticulation-sacro-iliaque","status":"publish","type":"product","link":"https:\/\/setsuko.ca\/fr\/produit\/serie-ciblee-sur-le-bassin-et-les-hanches-larticulation-sacro-iliaque\/","title":{"rendered":"S\u00e9rie cibl\u00e9e sur le bassin et les hanches \/ l&#8217;articulation sacro-iliaque"},"content":{"rendered":"<p>Dans ce cours pratique, vous acquerrez des comp\u00e9tences pr\u00e9cieuses pour traiter des probl\u00e8mes courants tels que les douleurs aux hanches, les tensions dans le bas du dos et les d\u00e9s\u00e9quilibres pelviens. Nos instructeurs experts vous guideront dans l&#8217;utilisation de diverses techniques de massage et d&#8217;\u00e9tirements afin de favoriser la relaxation, l&#8217;\u00e9quilibre et le fonctionnement optimal du bassin et des hanches. <\/p>\n","protected":false},"excerpt":{"rendered":"<p>Dans ce cours pratique, vous acquerrez des comp\u00e9tences pr\u00e9cieuses pour traiter des probl\u00e8mes courants tels que les douleurs aux hanches, les tensions dans le bas du dos et les d\u00e9s\u00e9quilibres pelviens. Nos instructeurs experts vous guideront dans l&#8217;utilisation de diverses techniques de massage et d&#8217;\u00e9tirements afin de favoriser la relaxation, l&#8217;\u00e9quilibre et le fonctionnement optimal du bassin et des hanches. <\/p>\n","protected":false},"featured_media":13935,"template":"","meta":{"_acf_changed":false},"product_brand":[],"product_cat":[440,169,479,97,490,445,287],"product_tag":[],"class_list":{"0":"post-5195","1":"product","2":"type-product","3":"status-publish","4":"has-post-thumbnail","6":"product_cat-anglais","7":"product_cat-atelier","8":"product_cat-clinical-massage","9":"product_cat-en-personne","10":"product_cat-interet-general","11":"product_cat-jennifer-linarez-fr","12":"product_cat-qe-ndg-fr","14":"first","15":"outofstock","16":"virtual","17":"purchasable","18":"product-type-simple"},"acf":[],"_links":{"self":[{"href":"https:\/\/setsuko.ca\/fr\/wp-json\/wp\/v2\/product\/5195","targetHints":{"allow":["GET"]}}],"collection":[{"href":"https:\/\/setsuko.ca\/fr\/wp-json\/wp\/v2\/product"}],"about":[{"href":"https:\/\/setsuko.ca\/fr\/wp-json\/wp\/v2\/types\/product"}],"wp:featuredmedia":[{"embeddable":true,"href":"https:\/\/setsuko.ca\/fr\/wp-json\/wp\/v2\/media\/13935"}],"wp:attachment":[{"href":"https:\/\/setsuko.ca\/fr\/wp-json\/wp\/v2\/media?parent=5195"}],"wp:term":[{"taxonomy":"product_brand","embeddable":true,"href":"https:\/\/setsuko.ca\/fr\/wp-json\/wp\/v2\/product_brand?post=5195"},{"taxonomy":"product_cat","embeddable":true,"href":"https:\/\/setsuko.ca\/fr\/wp-json\/wp\/v2\/product_cat?post=5195"},{"taxonomy":"product_tag","embeddable":true,"href":"https:\/\/setsuko.ca\/fr\/wp-json\/wp\/v2\/product_tag?post=5195"}],"curies":[{"name":"wp","href":"https:\/\/api.w.org\/{rel}","templated":true}]}}