{"id":5198,"date":"2025-01-01T09:59:41","date_gmt":"2025-01-01T14:59:41","guid":{"rendered":"https:\/\/ecolesetsuko.ca\/product\/coiffe-des-rotateurs-blessures-et-readaptation-atelier-de-la-serie-target\/"},"modified":"2026-03-09T12:40:34","modified_gmt":"2026-03-09T16:40:34","slug":"coiffe-des-rotateurs-blessures-et-readaptation-atelier-de-la-serie-target","status":"publish","type":"product","link":"https:\/\/setsuko.ca\/fr\/produit\/coiffe-des-rotateurs-blessures-et-readaptation-atelier-de-la-serie-target\/","title":{"rendered":"Coiffe des rotateurs \/ Blessures et r\u00e9adaptation \u2013 Atelier de la s\u00e9rie Target"},"content":{"rendered":"<p>D\u00e9couvrez les subtilit\u00e9s des blessures de la coiffe des rotateurs et de leur r\u00e9\u00e9ducation dans notre s\u00e9rie d&#8217;ateliers cibl\u00e9s. Apprenez des techniques et des exercices sp\u00e9cialis\u00e9s pour traiter les probl\u00e8mes d&#8217;\u00e9paule, favoriser la gu\u00e9rison et optimiser la r\u00e9cup\u00e9ration afin d&#8217;am\u00e9liorer la mobilit\u00e9 et la fonctionnalit\u00e9. Rejoignez-nous pour acqu\u00e9rir des comp\u00e9tences pr\u00e9cieuses qui vous permettront d&#8217;accompagner vos clients tout au long du processus de r\u00e9\u00e9ducation, en favorisant une meilleure sant\u00e9 des \u00e9paules et un bien-\u00eatre g\u00e9n\u00e9ral.  <\/p>\n","protected":false},"excerpt":{"rendered":"<p>D\u00e9couvrez les subtilit\u00e9s des blessures de la coiffe des rotateurs et de leur r\u00e9\u00e9ducation dans notre s\u00e9rie d&#8217;ateliers cibl\u00e9s. Apprenez des techniques et des exercices sp\u00e9cialis\u00e9s pour traiter les probl\u00e8mes d&#8217;\u00e9paule, favoriser la gu\u00e9rison et optimiser la r\u00e9cup\u00e9ration afin d&#8217;am\u00e9liorer la mobilit\u00e9 et la fonctionnalit\u00e9. Rejoignez-nous pour acqu\u00e9rir des comp\u00e9tences pr\u00e9cieuses qui vous permettront d&#8217;accompagner vos clients tout au long du processus de r\u00e9\u00e9ducation, en favorisant une meilleure sant\u00e9 des \u00e9paules et un bien-\u00eatre g\u00e9n\u00e9ral.  <\/p>\n","protected":false},"featured_media":13937,"template":"","meta":{"_acf_changed":false},"product_brand":[],"product_cat":[440,169,479,97,445,287],"product_tag":[],"class_list":{"0":"post-5198","1":"product","2":"type-product","3":"status-publish","4":"has-post-thumbnail","6":"product_cat-anglais","7":"product_cat-atelier","8":"product_cat-clinical-massage","9":"product_cat-en-personne","10":"product_cat-jennifer-linarez-fr","11":"product_cat-qe-ndg-fr","13":"first","14":"outofstock","15":"virtual","16":"purchasable","17":"product-type-simple"},"acf":[],"_links":{"self":[{"href":"https:\/\/setsuko.ca\/fr\/wp-json\/wp\/v2\/product\/5198","targetHints":{"allow":["GET"]}}],"collection":[{"href":"https:\/\/setsuko.ca\/fr\/wp-json\/wp\/v2\/product"}],"about":[{"href":"https:\/\/setsuko.ca\/fr\/wp-json\/wp\/v2\/types\/product"}],"wp:featuredmedia":[{"embeddable":true,"href":"https:\/\/setsuko.ca\/fr\/wp-json\/wp\/v2\/media\/13937"}],"wp:attachment":[{"href":"https:\/\/setsuko.ca\/fr\/wp-json\/wp\/v2\/media?parent=5198"}],"wp:term":[{"taxonomy":"product_brand","embeddable":true,"href":"https:\/\/setsuko.ca\/fr\/wp-json\/wp\/v2\/product_brand?post=5198"},{"taxonomy":"product_cat","embeddable":true,"href":"https:\/\/setsuko.ca\/fr\/wp-json\/wp\/v2\/product_cat?post=5198"},{"taxonomy":"product_tag","embeddable":true,"href":"https:\/\/setsuko.ca\/fr\/wp-json\/wp\/v2\/product_tag?post=5198"}],"curies":[{"name":"wp","href":"https:\/\/api.w.org\/{rel}","templated":true}]}}