{"id":5201,"date":"2024-05-07T09:59:53","date_gmt":"2024-05-07T13:59:53","guid":{"rendered":"https:\/\/ecolesetsuko.ca\/product\/atelier-de-massage-tuina\/"},"modified":"2024-09-30T12:10:25","modified_gmt":"2024-09-30T16:10:25","slug":"atelier-de-massage-tuina","status":"publish","type":"product","link":"https:\/\/setsuko.ca\/fr\/produit\/atelier-de-massage-tuina\/","title":{"rendered":"Atelier de massage Tuina"},"content":{"rendered":"<p>D\u00e9couvrez l&#8217;art du massage traditionnel Tuina dans cet atelier immersif con\u00e7u pour vous initier au monde th\u00e9rapeutique du travail corporel chinois. Le Tuina, une pratique vieille de plusieurs milliers d&#8217;ann\u00e9es, associe le massage, l&#8217;acupression et le travail \u00e9nerg\u00e9tique pour favoriser l&#8217;\u00e9quilibre physique, \u00e9motionnel et \u00e9nerg\u00e9tique.<\/p>\n<p>Dans ce cours, vous apprendrez les techniques fondamentales de massage Tuina et les mouvements des mains utilis\u00e9s pour stimuler la circulation du Qi et favoriser la relaxation. Vous d\u00e9couvrirez comment appliquer ces techniques \u00e0 des zones sp\u00e9cifiques du corps afin d&#8217;en tirer divers b\u00e9n\u00e9fices pour la sant\u00e9. Un aper\u00e7u et une exploration de l&#8217;anatomie des voies m\u00e9ridiennes aideront les \u00e9tudiants \u00e0 comprendre le lien entre les maux physiques et le flux \u00e9nerg\u00e9tique dans le corps. Dans chaque cours, les \u00e9tudiants exp\u00e9rimenteront directement les bienfaits du massage Tuina par le biais de s\u00e9ances de pratique guid\u00e9es. Cela favorise le lien entre le corps et l&#8217;esprit, r\u00e9duit le stress et la tension dans le corps et favorise le bien-\u00eatre g\u00e9n\u00e9ral. Nous \u00e9tudierons \u00e9galement des plans de traitement personnalis\u00e9s pour r\u00e9pondre \u00e0 diff\u00e9rents besoins.<\/p>\n<p>Cet atelier est parfait pour les massoth\u00e9rapeutes en exercice qui souhaitent \u00e9largir leurs comp\u00e9tences. Il est \u00e9galement ouvert aux amateurs de bien-\u00eatre d\u00e9sireux d&#8217;explorer de nouvelles approches de la gestion des soins personnels, de la sant\u00e9 holistique et du bien-\u00eatre g\u00e9n\u00e9ral.<\/p>\n<p>Enseignant : Craig Cormack<br \/>\nDate : 5, 6 octobre \/ 2, 3 novembre 2024<br \/>\nLieu : 1564 Chem Herron suite #205, Dorval H9S 1B7<br \/>\nConditions pr\u00e9alables : Aucun<br \/>\nCr\u00e9dits : 60h<\/p>\n","protected":false},"excerpt":{"rendered":"<p>D\u00e9couvrez l&#8217;art ancien du massage Tuina dans cet atelier immersif, o\u00f9 vous apprendrez des techniques qui combinent le massage, l&#8217;acupression et le travail \u00e9nerg\u00e9tique pour \u00e9quilibrer le corps et l&#8217;esprit. Vous explorerez les voies m\u00e9ridiennes et comprendrez le lien entre les maux physiques et le flux \u00e9nerg\u00e9tique, tout en acqu\u00e9rant une exp\u00e9rience pratique gr\u00e2ce \u00e0 des s\u00e9ances de pratique guid\u00e9es. Id\u00e9al pour les massoth\u00e9rapeutes et les amateurs de bien-\u00eatre, ce cours offre une approche holistique des soins personnels et du bien-\u00eatre g\u00e9n\u00e9ral.<\/p>\n","protected":false},"featured_media":13939,"template":"","meta":{"_acf_changed":false},"product_brand":[],"product_cat":[169,95,331,97,287],"product_tag":[],"class_list":{"0":"post-5201","1":"product","2":"type-product","3":"status-publish","4":"has-post-thumbnail","6":"product_cat-atelier","7":"product_cat-cours","8":"product_cat-craig-cormack-fr","9":"product_cat-en-personne","10":"product_cat-qe-ndg-fr","12":"first","13":"outofstock","14":"virtual","15":"purchasable","16":"product-type-simple"},"acf":[],"_links":{"self":[{"href":"https:\/\/setsuko.ca\/fr\/wp-json\/wp\/v2\/product\/5201","targetHints":{"allow":["GET"]}}],"collection":[{"href":"https:\/\/setsuko.ca\/fr\/wp-json\/wp\/v2\/product"}],"about":[{"href":"https:\/\/setsuko.ca\/fr\/wp-json\/wp\/v2\/types\/product"}],"wp:featuredmedia":[{"embeddable":true,"href":"https:\/\/setsuko.ca\/fr\/wp-json\/wp\/v2\/media\/13939"}],"wp:attachment":[{"href":"https:\/\/setsuko.ca\/fr\/wp-json\/wp\/v2\/media?parent=5201"}],"wp:term":[{"taxonomy":"product_brand","embeddable":true,"href":"https:\/\/setsuko.ca\/fr\/wp-json\/wp\/v2\/product_brand?post=5201"},{"taxonomy":"product_cat","embeddable":true,"href":"https:\/\/setsuko.ca\/fr\/wp-json\/wp\/v2\/product_cat?post=5201"},{"taxonomy":"product_tag","embeddable":true,"href":"https:\/\/setsuko.ca\/fr\/wp-json\/wp\/v2\/product_tag?post=5201"}],"curies":[{"name":"wp","href":"https:\/\/api.w.org\/{rel}","templated":true}]}}