{"id":5444,"date":"2025-11-25T01:23:41","date_gmt":"2025-11-25T06:23:41","guid":{"rendered":"https:\/\/ecolesetsuko.ca\/product\/diplome-de-massage-en-medecine-traditionnelle-chinoise\/"},"modified":"2026-03-17T10:59:14","modified_gmt":"2026-03-17T14:59:14","slug":"diplome-de-massage-en-medecine-traditionnelle-chinoise","status":"publish","type":"product","link":"https:\/\/setsuko.ca\/fr\/produit\/diplome-de-massage-en-medecine-traditionnelle-chinoise\/","title":{"rendered":"Dipl\u00f4me en M\u00e9decine Traditionnelle Chinoise et Massage Shiatsu (sans tronc commun)"},"content":{"rendered":"<p>Notre dipl\u00f4me en massage traditionnel chinois et shiatsu est un programme complet de plus de 1 000 heures qui combine les principes ancestraux de la m\u00e9decine traditionnelle chinoise (MTC) avec la pratique sp\u00e9cialis\u00e9e du massage shiatsu. Ce dipl\u00f4me int\u00e8gre les th\u00e9ories de la MTC aux techniques modernes de massage, offrant ainsi aux \u00e9tudiants une formation compl\u00e8te. <\/p>\n<p>Points forts du programme :<\/p>\n<ul>\n<li>Principes de la MTC : modules fondamentaux et avanc\u00e9s sur la th\u00e9orie de la MTC et les techniques d&#8217;acupression.<\/li>\n<li>Acupression : Formation aux protocoles d&#8217;acupression extraordinaire et des m\u00e9ridiens organiques.<\/li>\n<li>Chi Nei Tsang : technique sp\u00e9cialis\u00e9e de massage abdominal essentielle \u00e0 la pratique de la m\u00e9decine traditionnelle chinoise.<\/li>\n<li>Programme Shiatsu : \u00c9tude approfondie des principes et des applications du massage Shiatsu.<\/li>\n<li>Pratique clinique : exp\u00e9rience pratique dans des sc\u00e9narios r\u00e9els pour le d\u00e9veloppement de comp\u00e9tences pratiques.<\/li>\n<li>Cours suppl\u00e9mentaires : ventouses Est\/Ouest, guasha, r\u00e9flexologie m\u00e9ridienne, massage tuina.<\/li>\n<\/ul>\n<p>Cours fondamentaux :<\/p>\n<ul>\n<li>Anatomie, physiologie et pathologie : connaissances fondamentales en anatomie humaine et pathologie.<\/li>\n<li>\u00c9thique professionnelle et aspects juridiques : formation sur les consid\u00e9rations \u00e9thiques et juridiques.<\/li>\n<li>Sexualit\u00e9 et pratique professionnelle : aborder la question du professionnalisme dans les contextes th\u00e9rapeutiques.<\/li>\n<\/ul>\n<p>Points forts du programme :<\/p>\n<ul>\n<li>Formation approfondie : 1 000 heures couvrant la m\u00e9decine traditionnelle chinoise, la massoth\u00e9rapie et le shiatsu.<\/li>\n<li>Approche holistique : Int\u00e9gration de la th\u00e9orie de la MTC aux techniques de massage pour une gu\u00e9rison holistique.<\/li>\n<li>D\u00e9veloppement professionnel : accent mis sur les comp\u00e9tences techniques et professionnelles.<\/li>\n<li>Perspectives de carri\u00e8re : Les dipl\u00f4m\u00e9s sont pr\u00e9par\u00e9s \u00e0 exercer la profession de massoth\u00e9rapeute TCM dans divers contextes.<\/li>\n<\/ul>\n","protected":false},"excerpt":{"rendered":"<p>Notre dipl\u00f4me en massage traditionnel chinois et shiatsu est un programme complet de plus de 1 000 heures qui combine les principes ancestraux de la m\u00e9decine traditionnelle chinoise (MTC) avec la pratique sp\u00e9cialis\u00e9e du massage shiatsu. Ce dipl\u00f4me int\u00e8gre les th\u00e9ories de la MTC aux techniques modernes de massage, offrant ainsi aux \u00e9tudiants une formation compl\u00e8te. <\/p>\n","protected":false},"featured_media":13945,"template":"","meta":{"_acf_changed":false},"product_brand":[],"product_cat":[440,96,481,158,132,476,168,134,138,489,491],"product_tag":[],"class_list":{"0":"post-5444","1":"product","2":"type-product","3":"status-publish","4":"has-post-thumbnail","6":"product_cat-anglais","7":"product_cat-diplomes","8":"product_cat-holistic-therapies","9":"product_cat-hybrid-fr","10":"product_cat-janine-maila-fr","11":"product_cat-jasper-monroe-blanchette","12":"product_cat-jenni-lee-fr","13":"product_cat-marcia-thomas-fr","14":"product_cat-marjorie-silcoff-fr","15":"product_cat-modalites-orientales","16":"product_cat-therapies-energetiques","18":"first","19":"instock","20":"sale","21":"virtual","22":"purchasable","23":"product-type-simple"},"acf":[],"_links":{"self":[{"href":"https:\/\/setsuko.ca\/fr\/wp-json\/wp\/v2\/product\/5444","targetHints":{"allow":["GET"]}}],"collection":[{"href":"https:\/\/setsuko.ca\/fr\/wp-json\/wp\/v2\/product"}],"about":[{"href":"https:\/\/setsuko.ca\/fr\/wp-json\/wp\/v2\/types\/product"}],"wp:featuredmedia":[{"embeddable":true,"href":"https:\/\/setsuko.ca\/fr\/wp-json\/wp\/v2\/media\/13945"}],"wp:attachment":[{"href":"https:\/\/setsuko.ca\/fr\/wp-json\/wp\/v2\/media?parent=5444"}],"wp:term":[{"taxonomy":"product_brand","embeddable":true,"href":"https:\/\/setsuko.ca\/fr\/wp-json\/wp\/v2\/product_brand?post=5444"},{"taxonomy":"product_cat","embeddable":true,"href":"https:\/\/setsuko.ca\/fr\/wp-json\/wp\/v2\/product_cat?post=5444"},{"taxonomy":"product_tag","embeddable":true,"href":"https:\/\/setsuko.ca\/fr\/wp-json\/wp\/v2\/product_tag?post=5444"}],"curies":[{"name":"wp","href":"https:\/\/api.w.org\/{rel}","templated":true}]}}