{"id":5765,"date":"2025-01-08T13:41:36","date_gmt":"2025-01-08T18:41:36","guid":{"rendered":"https:\/\/ecolesetsuko.ca\/product\/introduction-to-reflexology\/"},"modified":"2026-01-08T14:51:11","modified_gmt":"2026-01-08T19:51:11","slug":"introduction-to-reflexology","status":"publish","type":"product","link":"https:\/\/setsuko.ca\/fr\/produit\/introduction-to-reflexology\/","title":{"rendered":"Introduction \u00e0 la r\u00e9flexologie"},"content":{"rendered":"<p>D\u00e9couvrez l&#8217;art ancestral de la r\u00e9flexologie plantaire lors de notre atelier interactif et captivant d&#8217;initiation \u00e0 la r\u00e9flexologie. Con\u00e7ue pour les massoth\u00e9rapeutes, les professionnels du spa, les professionnels de la sant\u00e9 et toute personne int\u00e9ress\u00e9e par le bien-\u00eatre holistique, cette formation pratique vous fournira des outils concrets pour enrichir votre pratique. Explorez les fondements de la r\u00e9flexologie, sa riche histoire et apprenez \u00e0 mener des entretiens clients efficaces. Approfondissez vos connaissances sur la th\u00e9orie des zones r\u00e9flexes et l&#8217;anatomie du pied, comprenez les bienfaits et les pr\u00e9cautions de la r\u00e9flexologie et d\u00e9couvrez diff\u00e9rentes techniques pour appliquer cette puissante approche avec confiance et bienveillance. Que vous soyez massoth\u00e9rapeute, professionnel du spa, professionnel de la sant\u00e9 ou simplement int\u00e9ress\u00e9 par le bien-\u00eatre holistique, cette formation pratique vous donnera les outils n\u00e9cessaires pour int\u00e9grer la r\u00e9flexologie \u00e0 votre pratique.    <\/p>\n<p>Date : 5 f\u00e9vrier 2026, de 18 h \u00e0 21 h<br \/>Lieu : 1564, chemin Herron, bureau 208, Dorval (Qu\u00e9bec) H9S 2X2<br \/>Cr\u00e9dits : sans objet<br \/>\nPr\u00e9requis : sans objet<\/p>\n","protected":false},"excerpt":{"rendered":"<p>D\u00e9couvrez l&#8217;art ancestral de la r\u00e9flexologie plantaire lors de notre atelier interactif et captivant \u00ab Introduction \u00e0 la r\u00e9flexologie \u00bb. Que vous soyez massoth\u00e9rapeute, professionnel du spa, professionnel de la sant\u00e9 ou simplement int\u00e9ress\u00e9 par le bien-\u00eatre holistique, cette s\u00e9ance pratique vous fournira des outils \u00e0 int\u00e9grer \u00e0 votre pratique. <\/p>\n<p>Date : 5 f\u00e9vrier 2026, de 18 h \u00e0 21 h<br \/>Lieu : 1564, chemin Herron, bureau 208, Dorval (Qu\u00e9bec) H9S 2X2<\/p>\n","protected":false},"featured_media":13949,"template":"","meta":{"_acf_changed":false},"product_brand":[],"product_cat":[440,169,95,291,97,168],"product_tag":[468],"class_list":{"0":"post-5765","1":"product","2":"type-product","3":"status-publish","4":"has-post-thumbnail","6":"product_cat-anglais","7":"product_cat-atelier","8":"product_cat-cours","9":"product_cat-dorval-west-island-fr","10":"product_cat-en-personne","11":"product_cat-jenni-lee-fr","12":"product_tag-introduction","14":"first","15":"outofstock","16":"shipping-taxable","17":"purchasable","18":"product-type-simple"},"acf":[],"_links":{"self":[{"href":"https:\/\/setsuko.ca\/fr\/wp-json\/wp\/v2\/product\/5765","targetHints":{"allow":["GET"]}}],"collection":[{"href":"https:\/\/setsuko.ca\/fr\/wp-json\/wp\/v2\/product"}],"about":[{"href":"https:\/\/setsuko.ca\/fr\/wp-json\/wp\/v2\/types\/product"}],"wp:featuredmedia":[{"embeddable":true,"href":"https:\/\/setsuko.ca\/fr\/wp-json\/wp\/v2\/media\/13949"}],"wp:attachment":[{"href":"https:\/\/setsuko.ca\/fr\/wp-json\/wp\/v2\/media?parent=5765"}],"wp:term":[{"taxonomy":"product_brand","embeddable":true,"href":"https:\/\/setsuko.ca\/fr\/wp-json\/wp\/v2\/product_brand?post=5765"},{"taxonomy":"product_cat","embeddable":true,"href":"https:\/\/setsuko.ca\/fr\/wp-json\/wp\/v2\/product_cat?post=5765"},{"taxonomy":"product_tag","embeddable":true,"href":"https:\/\/setsuko.ca\/fr\/wp-json\/wp\/v2\/product_tag?post=5765"}],"curies":[{"name":"wp","href":"https:\/\/api.w.org\/{rel}","templated":true}]}}