{"id":5786,"date":"2024-10-01T11:00:43","date_gmt":"2024-10-01T15:00:43","guid":{"rendered":"https:\/\/ecolesetsuko.ca\/product\/techniques-de-ventouses-orientales-et-occidentales\/"},"modified":"2025-09-26T12:13:46","modified_gmt":"2025-09-26T16:13:46","slug":"techniques-de-ventouses-orientales-et-occidentales","status":"publish","type":"product","link":"https:\/\/setsuko.ca\/fr\/produit\/techniques-de-ventouses-orientales-et-occidentales\/","title":{"rendered":"Cupping de pr\u00e9cision : Conditions de douleur et soutien lymphatique \u2013 Dorval"},"content":{"rendered":"<p>Ce cours intensif d\u2019une journ\u00e9e s\u2019adresse aux massoth\u00e9rapeutes et aux praticiens en sant\u00e9 holistique qui souhaitent int\u00e9grer la th\u00e9rapie par ventouses \u00e0 leur pratique clinique en toute confiance.<\/p>\n<p>Vous apprendrez \u00e0 utiliser de fa\u00e7on strat\u00e9gique les <strong>ventouses statiques et en silicone <\/strong>pour traiter les 20 conditions douloureuses les plus courantes en clinique \u2014 allant de la costochondrite et des blessures \u00e0 la coiffe des rotateurs aux douleurs lombaires, blessures aux jambes et tensions chroniques.<\/p>\n<p>De plus, vous serez initi\u00e9 au cupping sous vide \u00e0 <strong>l\u2019aide d\u2019une machine sp\u00e9cialis\u00e9e<\/strong>, ce qui permet de travailler plus en profondeur avec une pr\u00e9cision et un contr\u00f4le accrus, offrant ainsi des bienfaits avanc\u00e9s aux clients souffrant de douleurs persistantes ou complexes.<\/p>\n<p>Gr\u00e2ce \u00e0 une formation pratique et \u00e0 des tableaux clairs de protocoles pour la douleur, vous explorerez :<\/p>\n<ul>\n<li>Cupping pour points g\u00e2chettes \u2013 comment rel\u00e2cher des points profonds et tenaces tout en r\u00e9duisant l\u2019effort de vos mains.<\/li>\n<li>Cupping lymphatique \u2013 applications douces pour l\u2019enflure, l\u2019inflammation et la r\u00e9cup\u00e9ration.<\/li>\n<li>Sch\u00e9mas de douleur g\u00e9n\u00e9rale \u2013 strat\u00e9gies de placement pour les douleurs au cou, au dos, aux \u00e9paules, aux hanches et aux jambes.<\/li>\n<\/ul>\n<p>\u00c0 la fin de la journ\u00e9e, vous repartirez avec les connaissances, les outils et la confiance n\u00e9cessaires pour appliquer imm\u00e9diatement le cupping aux plaintes douloureuses les plus fr\u00e9quentes en clinique \u2014 en l\u2019int\u00e9grant naturellement \u00e0 votre pratique existante.<\/p>\n<p><strong>Date :<\/strong> 1er novembre, de 10h \u00e0 17h<br \/>\n<strong>Emplacement <\/strong>: 1564 Chem. Herron Suite 206, Dorval, QC H9S 1B7<br \/>\n<strong>Cr\u00e9dits : <\/strong>15<\/p>\n<p><strong>Fournitures \u00e9tudiantes requises :<\/strong><\/p>\n<ul>\n<li>Ensemble de ventouses en silicone<\/li>\n<li>Ensemble de ventouses statiques (dures)<\/li>\n<\/ul>\n<p><strong>Des ventouses de pratique seront disponibles, mais il est recommand\u00e9 d\u2019apporter votre propre ensemble pour des raisons d\u2019hygi\u00e8ne.<\/strong><\/p>\n","protected":false},"excerpt":{"rendered":"<p>D\u00e9couvrez la puissance de la th\u00e9rapie par ventouses pour les conditions douloureuses les plus courantes d\u2019aujourd\u2019hui. Dans cette formation intensive d\u2019une journ\u00e9e, vous ma\u00eetriserez les techniques de cupping statique, en silicone et sous vide pour traiter, avec confiance et pr\u00e9cision, autant les douleurs lombaires que les blessures \u00e0 la coiffe des rotateurs. Repartez pr\u00eat \u00e0 soulager les sch\u00e9mas de douleur en clinique d\u00e8s le lendemain.  <\/p>\n","protected":false},"featured_media":13868,"template":"","meta":{"_acf_changed":false},"product_brand":[],"product_cat":[440,169,291,97,438,140],"product_tag":[184],"class_list":{"0":"post-5786","1":"product","2":"type-product","3":"status-publish","4":"has-post-thumbnail","6":"product_cat-anglais","7":"product_cat-atelier","8":"product_cat-dorval-west-island-fr","9":"product_cat-en-personne","10":"product_cat-langue","11":"product_cat-natalie-palmer-fr","12":"product_tag-ventouses","14":"first","15":"outofstock","16":"virtual","17":"purchasable","18":"product-type-simple"},"acf":[],"_links":{"self":[{"href":"https:\/\/setsuko.ca\/fr\/wp-json\/wp\/v2\/product\/5786","targetHints":{"allow":["GET"]}}],"collection":[{"href":"https:\/\/setsuko.ca\/fr\/wp-json\/wp\/v2\/product"}],"about":[{"href":"https:\/\/setsuko.ca\/fr\/wp-json\/wp\/v2\/types\/product"}],"wp:featuredmedia":[{"embeddable":true,"href":"https:\/\/setsuko.ca\/fr\/wp-json\/wp\/v2\/media\/13868"}],"wp:attachment":[{"href":"https:\/\/setsuko.ca\/fr\/wp-json\/wp\/v2\/media?parent=5786"}],"wp:term":[{"taxonomy":"product_brand","embeddable":true,"href":"https:\/\/setsuko.ca\/fr\/wp-json\/wp\/v2\/product_brand?post=5786"},{"taxonomy":"product_cat","embeddable":true,"href":"https:\/\/setsuko.ca\/fr\/wp-json\/wp\/v2\/product_cat?post=5786"},{"taxonomy":"product_tag","embeddable":true,"href":"https:\/\/setsuko.ca\/fr\/wp-json\/wp\/v2\/product_tag?post=5786"}],"curies":[{"name":"wp","href":"https:\/\/api.w.org\/{rel}","templated":true}]}}