{"id":5794,"date":"2024-05-06T09:45:35","date_gmt":"2024-05-06T13:45:35","guid":{"rendered":"https:\/\/ecolesetsuko.ca\/product\/myofascial-cupping\/"},"modified":"2025-01-14T15:22:51","modified_gmt":"2025-01-14T20:22:51","slug":"myofascial-cupping","status":"publish","type":"product","link":"https:\/\/setsuko.ca\/fr\/produit\/myofascial-cupping\/","title":{"rendered":"Ventouses myofasciales"},"content":{"rendered":"<p>Un type de massage qui atteint les structures bien en dessous du fascia superficiel pour soulager les probl\u00e8mes musculaires chroniques ou les blessures en brisant les adh\u00e9rences et en r\u00e9alignant les couches plus profondes des muscles et du tissu conjonctif. Les \u00e9tudiants exploreront le monde fascinant des fascias et la fa\u00e7on dont ils se traduisent dans une session corporelle compl\u00e8te, gr\u00e2ce \u00e0 des compresses en silicone pour le glissement et des applications pratiques.<\/p>\n<p>Pr\u00e9-requis : Certificat su\u00e9dois 400HR<\/p>\n<p>Date : Jun 7, 8, 14, 15, 2025 de 10h \u00e0 17h<\/p>\n<p>Lieu : 1564 Chem. Herron Suite 206-208,\u00a0<span class=\"fMYBhe\">Dorval, QC H9S 1B7<\/span><\/p>\n<p>Cr\u00e9dit : 30<\/p>\n","protected":false},"excerpt":{"rendered":"<p>Un type de massage qui atteint les structures bien en dessous du fascia superficiel pour soulager les probl\u00e8mes musculaires chroniques ou les blessures en brisant les adh\u00e9rences et en r\u00e9alignant les couches plus profondes des muscles et du tissu conjonctif. Gr\u00e2ce \u00e0 l&#8217;utilisation de diverses techniques de ventouses et d&#8217;applications pratiques, les \u00e9tudiants exploreront le monde fascinant des fascias et la fa\u00e7on dont ils se traduisent dans une session corporelle compl\u00e8te avec des tissus profonds \/ des lib\u00e9rations structurelles pour aider les sch\u00e9mas de maintien chroniques de longue date.<\/p>\n","protected":false},"featured_media":13956,"template":"","meta":{"_acf_changed":false},"product_brand":[],"product_cat":[169,95,291,97,137],"product_tag":[],"class_list":{"0":"post-5794","1":"product","2":"type-product","3":"status-publish","4":"has-post-thumbnail","6":"product_cat-atelier","7":"product_cat-cours","8":"product_cat-dorval-west-island-fr","9":"product_cat-en-personne","10":"product_cat-michelle-beckles-fr","12":"first","13":"outofstock","14":"virtual","15":"purchasable","16":"product-type-simple"},"acf":[],"_links":{"self":[{"href":"https:\/\/setsuko.ca\/fr\/wp-json\/wp\/v2\/product\/5794","targetHints":{"allow":["GET"]}}],"collection":[{"href":"https:\/\/setsuko.ca\/fr\/wp-json\/wp\/v2\/product"}],"about":[{"href":"https:\/\/setsuko.ca\/fr\/wp-json\/wp\/v2\/types\/product"}],"wp:featuredmedia":[{"embeddable":true,"href":"https:\/\/setsuko.ca\/fr\/wp-json\/wp\/v2\/media\/13956"}],"wp:attachment":[{"href":"https:\/\/setsuko.ca\/fr\/wp-json\/wp\/v2\/media?parent=5794"}],"wp:term":[{"taxonomy":"product_brand","embeddable":true,"href":"https:\/\/setsuko.ca\/fr\/wp-json\/wp\/v2\/product_brand?post=5794"},{"taxonomy":"product_cat","embeddable":true,"href":"https:\/\/setsuko.ca\/fr\/wp-json\/wp\/v2\/product_cat?post=5794"},{"taxonomy":"product_tag","embeddable":true,"href":"https:\/\/setsuko.ca\/fr\/wp-json\/wp\/v2\/product_tag?post=5794"}],"curies":[{"name":"wp","href":"https:\/\/api.w.org\/{rel}","templated":true}]}}