{"id":5799,"date":"2025-02-27T02:00:15","date_gmt":"2025-02-27T07:00:15","guid":{"rendered":"https:\/\/ecolesetsuko.ca\/product\/prenatal-massage\/"},"modified":"2026-02-15T22:40:05","modified_gmt":"2026-02-16T03:40:05","slug":"prenatal-massage","status":"publish","type":"product","link":"https:\/\/setsuko.ca\/fr\/produit\/prenatal-massage\/","title":{"rendered":"Massage pr\u00e9natal int\u00e9gratif : techniques au sol \u2013 NDG"},"content":{"rendered":"<p>Le cours de massage pr\u00e9natal est sp\u00e9cialement con\u00e7u pour les massoth\u00e9rapeutes qui souhaitent se sp\u00e9cialiser dans la prestation de services de massage s\u00fbrs et efficaces aux femmes enceintes. Ce cours permet aux participants d&#8217;acqu\u00e9rir les connaissances et les comp\u00e9tences n\u00e9cessaires pour offrir des soins attentifs et th\u00e9rapeutiques pendant la p\u00e9riode pr\u00e9natale. <\/p>\n<p>Gr\u00e2ce \u00e0 une combinaison d&#8217;enseignement th\u00e9orique, de d\u00e9monstrations et de pratique, les participants apprendront les changements physiologiques qui se produisent pendant la grossesse et leurs implications pour la massoth\u00e9rapie. Ils comprendront les inconforts courants rencontr\u00e9s par les clientes enceintes et la mani\u00e8re dont le massage peut soulager ces sympt\u00f4mes. <\/p>\n<p>Les participants apprendront des techniques de massage sp\u00e9cialis\u00e9es adapt\u00e9es aux besoins uniques des femmes enceintes. Ils exploreront les techniques de positionnement, de soutien et de drapage qui garantissent un confort et une s\u00e9curit\u00e9 optimaux pour le client et le th\u00e9rapeute. L&#8217;accent sera mis sur l&#8217;adaptation des techniques de massage \u00e0 l&#8217;\u00e9volution du corps et sur le traitement des zones de tension et d&#8217;inconfort les plus courantes.  <\/p>\n<p>Le cours couvrira les contre-indications, les pr\u00e9cautions et les modifications n\u00e9cessaires pour fournir une th\u00e9rapie de massage s\u00fbre et efficace pendant chaque trimestre de la grossesse. Les participants apprendront l&#8217;importance de la communication et du consentement \u00e9clair\u00e9, ainsi que les consid\u00e9rations \u00e9thiques propres au massage pr\u00e9natal. <\/p>\n<p>La formation pratique sera un \u00e9l\u00e9ment cl\u00e9 du cours, permettant aux participants de d\u00e9velopper des comp\u00e9tences pratiques sous la direction et la supervision d&#8217;instructeurs exp\u00e9riment\u00e9s. Ils pratiqueront des techniques de massage pour les femmes enceintes, notamment des techniques de relaxation, de traitement des douleurs lombaires et des gonflements, et de promotion du bien-\u00eatre g\u00e9n\u00e9ral. <\/p>\n<p>\u00c0 la fin du cours, les participants auront les connaissances et les comp\u00e9tences n\u00e9cessaires pour offrir des s\u00e9ances de massage pr\u00e9natal th\u00e9rapeutiques et bienfaisantes. Ils seront en mesure de cr\u00e9er un environnement s\u00fbr et favorable, favorisant la relaxation, r\u00e9duisant l&#8217;inconfort et am\u00e9liorant le bien-\u00eatre de leurs clientes enceintes. <\/p>\n<p>Date : 28 mars 2026, de 10 h \u00e0 17 h<\/p>\n<p>Lieu : 2111 Northcliffe Ave, #11D, Montr\u00e9al, Qu\u00e9bec H4A 3K6<\/p>\n<p>Cr\u00e9dits : 15<\/p>\n<p>Conditions pr\u00e9alables : Ce cours est ouvert aux massoth\u00e9rapeutes ou praticiens du travail corporel agr\u00e9\u00e9s ou certifi\u00e9s ayant une compr\u00e9hension fondamentale de l&#8217;anatomie et de la physiologie. Les participants doivent avoir une bonne compr\u00e9hension des techniques g\u00e9n\u00e9rales de massage. Il est recommand\u00e9 aux professionnels qui cherchent \u00e0 \u00e9largir leur pratique et \u00e0 se sp\u00e9cialiser dans le massage pr\u00e9natal ou \u00e0 ceux qui souhaitent offrir des soins complets aux femmes enceintes.  <\/p>\n","protected":false},"excerpt":{"rendered":"<p>Le cours de massage pr\u00e9natal est con\u00e7u pour les massoth\u00e9rapeutes qui souhaitent se sp\u00e9cialiser dans les soins s\u00fbrs et efficaces pour les clientes enceintes gr\u00e2ce \u00e0 des approches int\u00e9gratives. Les participants apprendront les changements physiologiques qui surviennent pendant la grossesse, les malaises courants et la fa\u00e7on dont le massage peut soulager ces sympt\u00f4mes en combinant des techniques issues des traditions orientales et occidentales. Le cours couvre les techniques sp\u00e9cialis\u00e9es, le positionnement, le soutien et les pr\u00e9cautions de s\u00e9curit\u00e9 adapt\u00e9s \u00e0 chaque trimestre, garantissant un confort optimal pour la cliente et le th\u00e9rapeute. Gr\u00e2ce \u00e0 la pratique et aux conseils d&#8217;un expert, les th\u00e9rapeutes acquerront les comp\u00e9tences n\u00e9cessaires pour prodiguer des soins th\u00e9rapeutiques bienveillants qui favorisent la relaxation, le bien-\u00eatre et le soutien holistique des clientes enceintes.   <\/p>\n","protected":false},"featured_media":13860,"template":"","meta":{"_acf_changed":false},"product_brand":[],"product_cat":[97,440,169,168,489,287],"product_tag":[123,230],"class_list":{"0":"post-5799","1":"product","2":"type-product","3":"status-publish","4":"has-post-thumbnail","6":"product_cat-en-personne","7":"product_cat-anglais","8":"product_cat-atelier","9":"product_cat-jenni-lee-fr","10":"product_cat-modalites-orientales","11":"product_cat-qe-ndg-fr","12":"product_tag-massage-fr","13":"product_tag-prenatal-massage-fr","15":"first","16":"outofstock","17":"virtual","18":"purchasable","19":"product-type-simple"},"acf":[],"_links":{"self":[{"href":"https:\/\/setsuko.ca\/fr\/wp-json\/wp\/v2\/product\/5799","targetHints":{"allow":["GET"]}}],"collection":[{"href":"https:\/\/setsuko.ca\/fr\/wp-json\/wp\/v2\/product"}],"about":[{"href":"https:\/\/setsuko.ca\/fr\/wp-json\/wp\/v2\/types\/product"}],"wp:featuredmedia":[{"embeddable":true,"href":"https:\/\/setsuko.ca\/fr\/wp-json\/wp\/v2\/media\/13860"}],"wp:attachment":[{"href":"https:\/\/setsuko.ca\/fr\/wp-json\/wp\/v2\/media?parent=5799"}],"wp:term":[{"taxonomy":"product_brand","embeddable":true,"href":"https:\/\/setsuko.ca\/fr\/wp-json\/wp\/v2\/product_brand?post=5799"},{"taxonomy":"product_cat","embeddable":true,"href":"https:\/\/setsuko.ca\/fr\/wp-json\/wp\/v2\/product_cat?post=5799"},{"taxonomy":"product_tag","embeddable":true,"href":"https:\/\/setsuko.ca\/fr\/wp-json\/wp\/v2\/product_tag?post=5799"}],"curies":[{"name":"wp","href":"https:\/\/api.w.org\/{rel}","templated":true}]}}