{"id":5803,"date":"2024-02-10T16:32:37","date_gmt":"2024-02-10T21:32:37","guid":{"rendered":"https:\/\/ecolesetsuko.ca\/product\/sports-massage-and-taping-techniques-workshop\/"},"modified":"2026-03-19T11:23:11","modified_gmt":"2026-03-19T15:23:11","slug":"sports-massage-and-taping-techniques-workshop","status":"publish","type":"product","link":"https:\/\/setsuko.ca\/fr\/produit\/sports-massage-and-taping-techniques-workshop\/","title":{"rendered":"Massage sportif et taping : massage sportif g\u00e9n\u00e9ral \u2013 Dorval"},"content":{"rendered":"<p>Le massage sportif cible les muscles sollicit\u00e9s par l\u2019\u00e9preuve. Pour les athl\u00e8tes qui s\u2019entra\u00eenent en continu, l\u2019objectif est d\u2019am\u00e9liorer l\u2019endurance, de r\u00e9duire le risque de blessure et de raccourcir le temps n\u00e9cessaire pour r\u00e9cup\u00e9rer apr\u00e8s une \u00e9preuve. Le massage sportif peut aussi \u00eatre utilis\u00e9 en r\u00e9adaptation des blessures. Ce cours abordera l\u2019\u00e9tat d\u2019esprit et les besoins d\u2019un march\u00e9 sp\u00e9cifique, notamment les athl\u00e8tes, les \u00e9quipes sportives et les adeptes de conditionnement physique. Un approfondissement de l\u2019anatomie, des pathologies et des blessures li\u00e9es au sport, incluant des cliniques sur place et supervis\u00e9es, fera partie de ce programme. Du prophylactique au neuroproprioceptif, ces tapings peuvent aider \u00e0 stabiliser une articulation, \u00e0 corriger la posture, \u00e0 activer ou d\u00e9sactiver un muscle et\/ou \u00e0 favoriser le drainage lymphatique.     <\/p>\n<p>Date : 13 sept. \u2013 25 oct. 2026 (pas de cours le 18 oct.)<\/p>\n<p><span style=\"font-family: -apple-system, BlinkMacSystemFont, 'Segoe UI', Roboto, 'Helvetica Neue', Arial, 'Noto Sans', sans-serif, 'Apple Color Emoji', 'Segoe UI Emoji', 'Segoe UI Symbol', 'Noto Color Emoji';\">Adresse : 1564, chemin Herron, bureau 208, Dorval, H9S 1C5<\/span><\/p>\n<p>Cr\u00e9dits : 60<\/p>\n<p>Pr\u00e9requis : massoth\u00e9rapeute \u2013 400 h<\/p>\n","protected":false},"excerpt":{"rendered":"<p>Le massage sportif cible les muscles sollicit\u00e9s par l\u2019\u00e9preuve. Pour les athl\u00e8tes qui s\u2019entra\u00eenent en continu, l\u2019objectif est d\u2019am\u00e9liorer l\u2019endurance, de r\u00e9duire le risque de blessure et de raccourcir le temps n\u00e9cessaire pour r\u00e9cup\u00e9rer apr\u00e8s une \u00e9preuve. Le massage sportif peut aussi \u00eatre utilis\u00e9 en r\u00e9adaptation des blessures. Ce cours abordera l\u2019\u00e9tat d\u2019esprit et les besoins d\u2019un march\u00e9 sp\u00e9cifique, notamment les athl\u00e8tes, les \u00e9quipes sportives et les adeptes de conditionnement physique. Un approfondissement de l\u2019anatomie, des pathologies et des blessures li\u00e9es au sport, incluant des cliniques sur place et supervis\u00e9es, fera partie de ce programme. Du prophylactique au neuroproprioceptif, ces tapings peuvent aider \u00e0 stabiliser une articulation, \u00e0 corriger la posture, \u00e0 activer ou d\u00e9sactiver un muscle et\/ou \u00e0 favoriser le drainage lymphatique.      Pr\u00e9requis : Su\u00e9dois 1, Anatomie 1<\/p>\n","protected":false},"featured_media":13910,"template":"","meta":{"_acf_changed":false},"product_brand":[],"product_cat":[169,439,479,95,291,97,137],"product_tag":[],"class_list":{"0":"post-5803","1":"product","2":"type-product","3":"status-publish","4":"has-post-thumbnail","6":"product_cat-atelier","7":"product_cat-bilingue","8":"product_cat-clinical-massage","9":"product_cat-cours","10":"product_cat-dorval-west-island-fr","11":"product_cat-en-personne","12":"product_cat-michelle-beckles-fr","14":"first","15":"instock","16":"featured","17":"virtual","18":"purchasable","19":"product-type-simple"},"acf":[],"_links":{"self":[{"href":"https:\/\/setsuko.ca\/fr\/wp-json\/wp\/v2\/product\/5803","targetHints":{"allow":["GET"]}}],"collection":[{"href":"https:\/\/setsuko.ca\/fr\/wp-json\/wp\/v2\/product"}],"about":[{"href":"https:\/\/setsuko.ca\/fr\/wp-json\/wp\/v2\/types\/product"}],"wp:featuredmedia":[{"embeddable":true,"href":"https:\/\/setsuko.ca\/fr\/wp-json\/wp\/v2\/media\/13910"}],"wp:attachment":[{"href":"https:\/\/setsuko.ca\/fr\/wp-json\/wp\/v2\/media?parent=5803"}],"wp:term":[{"taxonomy":"product_brand","embeddable":true,"href":"https:\/\/setsuko.ca\/fr\/wp-json\/wp\/v2\/product_brand?post=5803"},{"taxonomy":"product_cat","embeddable":true,"href":"https:\/\/setsuko.ca\/fr\/wp-json\/wp\/v2\/product_cat?post=5803"},{"taxonomy":"product_tag","embeddable":true,"href":"https:\/\/setsuko.ca\/fr\/wp-json\/wp\/v2\/product_tag?post=5803"}],"curies":[{"name":"wp","href":"https:\/\/api.w.org\/{rel}","templated":true}]}}