{"id":5804,"date":"2025-12-04T00:48:31","date_gmt":"2025-12-04T05:48:31","guid":{"rendered":"https:\/\/ecolesetsuko.ca\/product\/meridian-reflexology\/"},"modified":"2026-01-23T20:06:02","modified_gmt":"2026-01-24T01:06:02","slug":"meridian-reflexology","status":"publish","type":"product","link":"https:\/\/setsuko.ca\/fr\/produit\/meridian-reflexology\/","title":{"rendered":"R\u00e9flexologie M\u00e9ridienne \u2013 DORVAL"},"content":{"rendered":"<p>Bienvenue \u00e0 notre atelier de r\u00e9flexologie des m\u00e9ridiens, o\u00f9 la sagesse ancienne rencontre le bien-\u00eatre moderne. Explorez le monde fascinant des m\u00e9ridiens et leur lien avec les points de r\u00e9flexologie sur les pieds. Apprenez \u00e0 appliquer des techniques de pression sp\u00e9cifiques sur ces points pour \u00e9quilibrer le flux \u00e9nerg\u00e9tique, favoriser la relaxation et soutenir les capacit\u00e9s naturelles de gu\u00e9rison du corps. Que vous soyez novice en mati\u00e8re de r\u00e9flexologie ou que vous cherchiez \u00e0 d\u00e9velopper vos comp\u00e9tences, ce cours pratique offre un voyage transformateur dans l&#8217;art de la r\u00e9flexologie des m\u00e9ridiens, favorisant le bien-\u00eatre holistique et la vitalit\u00e9 pour vous-m\u00eame et pour les autres.<\/p>\n<p><strong>Cr\u00e9dits : 100 heures<\/strong><\/p>\n<p>En personne : les jeudis de 18h \u00e0 21h<\/p>\n<p>5 f\u00e9vrier 2026 \u2013 16 avril 2026 (pas de cours le 5 mars 2026)<\/p>\n","protected":false},"excerpt":{"rendered":"<p>Bienvenue \u00e0 notre atelier de r\u00e9flexologie des m\u00e9ridiens, o\u00f9 la sagesse ancestrale rencontre le bien-\u00eatre moderne. Explorez le monde fascinant des m\u00e9ridiens et leur lien avec les points de r\u00e9flexologie sur les pieds. Apprenez \u00e0 appliquer des techniques de pression sp\u00e9cifiques sur ces points pour \u00e9quilibrer le flux \u00e9nerg\u00e9tique, favoriser la relaxation et soutenir les capacit\u00e9s naturelles de gu\u00e9rison du corps. Que vous soyez novice en mati\u00e8re de r\u00e9flexologie ou que vous cherchiez \u00e0 d\u00e9velopper vos comp\u00e9tences, ce cours pratique offre un voyage transformateur dans l&#8217;art de la r\u00e9flexologie des m\u00e9ridiens, favorisant le bien-\u00eatre holistique et la vitalit\u00e9 pour vous-m\u00eame et pour les autres.<\/p>\n","protected":false},"featured_media":13856,"template":"","meta":{"_acf_changed":false},"product_brand":[],"product_cat":[95,440,291,97,168],"product_tag":[150],"class_list":{"0":"post-5804","1":"product","2":"type-product","3":"status-publish","4":"has-post-thumbnail","6":"product_cat-cours","7":"product_cat-anglais","8":"product_cat-dorval-west-island-fr","9":"product_cat-en-personne","10":"product_cat-jenni-lee-fr","11":"product_tag-reflexologie","13":"first","14":"outofstock","15":"virtual","16":"purchasable","17":"product-type-simple"},"acf":[],"_links":{"self":[{"href":"https:\/\/setsuko.ca\/fr\/wp-json\/wp\/v2\/product\/5804","targetHints":{"allow":["GET"]}}],"collection":[{"href":"https:\/\/setsuko.ca\/fr\/wp-json\/wp\/v2\/product"}],"about":[{"href":"https:\/\/setsuko.ca\/fr\/wp-json\/wp\/v2\/types\/product"}],"wp:featuredmedia":[{"embeddable":true,"href":"https:\/\/setsuko.ca\/fr\/wp-json\/wp\/v2\/media\/13856"}],"wp:attachment":[{"href":"https:\/\/setsuko.ca\/fr\/wp-json\/wp\/v2\/media?parent=5804"}],"wp:term":[{"taxonomy":"product_brand","embeddable":true,"href":"https:\/\/setsuko.ca\/fr\/wp-json\/wp\/v2\/product_brand?post=5804"},{"taxonomy":"product_cat","embeddable":true,"href":"https:\/\/setsuko.ca\/fr\/wp-json\/wp\/v2\/product_cat?post=5804"},{"taxonomy":"product_tag","embeddable":true,"href":"https:\/\/setsuko.ca\/fr\/wp-json\/wp\/v2\/product_tag?post=5804"}],"curies":[{"name":"wp","href":"https:\/\/api.w.org\/{rel}","templated":true}]}}