{"id":5806,"date":"2025-01-19T09:43:47","date_gmt":"2025-01-19T14:43:47","guid":{"rendered":"https:\/\/ecolesetsuko.ca\/product\/hr2-supervision\/"},"modified":"2025-09-21T10:09:39","modified_gmt":"2025-09-21T14:09:39","slug":"hr2-supervision","status":"publish","type":"product","link":"https:\/\/setsuko.ca\/fr\/produit\/hr2-supervision\/","title":{"rendered":"HR2 : Supervision"},"content":{"rendered":"<p><strong>Supervision de groupe pour les th\u00e9rapeutes<\/strong><\/p>\n<p>\u00catre th\u00e9rapeute signifie se pr\u00e9senter pleinement pour nos clients \u2014 mais cela exige d\u2019abord la capacit\u00e9 d\u2019entrer en relation de fa\u00e7on authentique avec soi-m\u00eame. Notre pr\u00e9sence, notre conscience et notre corps sont nos principaux instruments, mais ils sont souvent influenc\u00e9s par notre propre histoire, nos m\u00e9canismes de d\u00e9fense et nos angles morts. La supervision offre un espace s\u00e9curitaire et bienveillant pour explorer ces dynamiques et renforcer notre capacit\u00e9 \u00e0 demeurer ouverts, conscients et enracin\u00e9s dans notre travail.  <\/p>\n<p>Dans ce groupe mensuel, nous regardons le client \u00e0 travers le regard du th\u00e9rapeute, en d\u00e9couvrant comment les blessures pass\u00e9es et les strat\u00e9gies de survie peuvent influencer la pratique. Gr\u00e2ce \u00e0 la r\u00e9flexion en groupe, nous d\u00e9veloppons une plus grande conscience de soi, de la compassion et de l\u2019\u00e9quanimit\u00e9. Avec le temps, le groupe lui-m\u00eame devient un espace s\u00e9curitaire, favorisant la confiance, un langage commun et une int\u00e9gration plus profonde de la pr\u00e9sence et de la conscience relationnelle.  <\/p>\n<p><strong>Les sujets incluent :<\/strong> Unit\u00e9, Confidentialit\u00e9, Projection et Transfert, R\u00e9actions et R\u00e9ponses, Relations Doubles, Arch\u00e9types, Trauma, Tol\u00e9rance et \u00c9quanimit\u00e9, Cultiver le Nouveau, Supervision entre pairs.<\/p>\n<p><strong>Dates et heures (En ligne, 18h30 \u2013 21h00)<\/strong><\/p>\n<p>Sept 16, 2025<\/p>\n<p>Oct 28, 2025<\/p>\n<p>Dec 9, 2025<\/p>\n<p>Jan 19, 2026<\/p>\n<p>Mar 3, 2026<\/p>\n<p>Apr 4, 2026<\/p>\n<p>May 26, 2026<\/p>\n<p><strong>Animatrice : <\/strong>Paule Gu\u00e9rard<\/p>\n","protected":false},"excerpt":{"rendered":"<p><span style=\"font-weight: 400;\">La sant\u00e9 relationnelle s\u2019\u00e9tablit et se maintient gr\u00e2ce \u00e0 notre capacit\u00e9 \u00e0 \u00eatre pr\u00e9sents avec les clients qui viendront former notre client\u00e8le. Au-del\u00e0 de l\u2019intention que chacun de nous a d\u2019accueillir l\u2019autre tel qu\u2019il est, il y a la pr\u00e9sence ind\u00e9niable de notre propre \u00ab moi \u00bb qui agit dans cette intention d\u2019accueil et qui, parfois, la d\u00e9stabilise. Essentiellement, la capacit\u00e9 d\u2019une personne \u00e0 entrer en relation avec une autre d\u00e9pend avant tout de sa capacit\u00e9 \u00e0 \u00eatre en relation authentique avec elle-m\u00eame. \u00catre th\u00e9rapeute, peu importe votre modalit\u00e9, est \u00e0 la fois gratifiant et exigeant. Quand on y pense, vous n\u2019avez qu\u2019un seul instrument : votre corps \u2014 et votre intention de rester ouvert et conscient.    <\/span><\/p>\n","protected":false},"featured_media":13941,"template":"","meta":{"_acf_changed":false},"product_brand":[],"product_cat":[439,339,98,481,141],"product_tag":[],"class_list":{"0":"post-5806","1":"product","2":"type-product","3":"status-publish","4":"has-post-thumbnail","6":"product_cat-bilingue","7":"product_cat-en-ligne-fr","8":"product_cat-en-ligne","9":"product_cat-holistic-therapies","10":"product_cat-paule-guerard-fr","12":"first","13":"instock","14":"virtual","15":"purchasable","16":"product-type-simple"},"acf":[],"_links":{"self":[{"href":"https:\/\/setsuko.ca\/fr\/wp-json\/wp\/v2\/product\/5806","targetHints":{"allow":["GET"]}}],"collection":[{"href":"https:\/\/setsuko.ca\/fr\/wp-json\/wp\/v2\/product"}],"about":[{"href":"https:\/\/setsuko.ca\/fr\/wp-json\/wp\/v2\/types\/product"}],"wp:featuredmedia":[{"embeddable":true,"href":"https:\/\/setsuko.ca\/fr\/wp-json\/wp\/v2\/media\/13941"}],"wp:attachment":[{"href":"https:\/\/setsuko.ca\/fr\/wp-json\/wp\/v2\/media?parent=5806"}],"wp:term":[{"taxonomy":"product_brand","embeddable":true,"href":"https:\/\/setsuko.ca\/fr\/wp-json\/wp\/v2\/product_brand?post=5806"},{"taxonomy":"product_cat","embeddable":true,"href":"https:\/\/setsuko.ca\/fr\/wp-json\/wp\/v2\/product_cat?post=5806"},{"taxonomy":"product_tag","embeddable":true,"href":"https:\/\/setsuko.ca\/fr\/wp-json\/wp\/v2\/product_tag?post=5806"}],"curies":[{"name":"wp","href":"https:\/\/api.w.org\/{rel}","templated":true}]}}