{"id":6300,"date":"2021-12-18T12:51:25","date_gmt":"2021-12-18T17:51:25","guid":{"rendered":"https:\/\/ecolesetsuko.ca\/product\/diplome-de-massage-suedois-1100-heures\/"},"modified":"2025-08-26T21:38:54","modified_gmt":"2025-08-27T01:38:54","slug":"diplome-de-massage-suedois-1100-heures","status":"publish","type":"product","link":"https:\/\/setsuko.ca\/fr\/produit\/diplome-de-massage-suedois-1100-heures\/","title":{"rendered":"Dipl\u00f4me de massage su\u00e9dois 600 heures"},"content":{"rendered":"<p>Notre programme de dipl\u00f4me de 600 heures en massage su\u00e9dois offre une formation immersive et compl\u00e8te con\u00e7ue pour former des massoth\u00e9rapeutes comp\u00e9tents, bien inform\u00e9s et compatissants. Le programme propose un m\u00e9lange d&#8217;enseignement holistique et th\u00e9rapeutique, garantissant aux dipl\u00f4m\u00e9s une compr\u00e9hension approfondie du corps humain et des techniques du massage su\u00e9dois. <\/p>\n<p>Tout au long de ce programme complet, les \u00e9tudiants exploreront les subtilit\u00e9s de l&#8217;anatomie, de la physiologie et de la pathologie, acqu\u00e9rant ainsi des bases solides dans les sciences qui sous-tendent la massoth\u00e9rapie. Le programme met l&#8217;accent sur l&#8217;importance de l&#8217;\u00e9thique professionnelle, des aspects juridiques et du maintien de limites claires dans les relations th\u00e9rapeutiques. <\/p>\n<p>En plus des connaissances th\u00e9oriques, le programme propose une formation pratique dans le cadre d&#8217;un stage clinique supervis\u00e9. Les \u00e9tudiants apprendront et perfectionneront leurs techniques de massage, passant du niveau d\u00e9butant au niveau avanc\u00e9 en massage su\u00e9dois. Ils recevront \u00e9galement une formation aux techniques d&#8217;entretien et \u00e0 la tenue de dossiers, afin d&#8217;\u00eatre pr\u00eats \u00e0 exercer dans le monde r\u00e9el.  <\/p>\n<p>Le programme de dipl\u00f4me de 600 heures en massage su\u00e9dois est con\u00e7u pour favoriser une approche holistique de la sant\u00e9 et du bien-\u00eatre. En int\u00e9grant la connaissance des syst\u00e8mes corporels \u00e0 des comp\u00e9tences pratiques et \u00e0 une pratique \u00e9thique, notre programme pr\u00e9pare les \u00e9tudiants \u00e0 fournir des soins de haute qualit\u00e9 centr\u00e9s sur le client. Les dipl\u00f4m\u00e9s quitteront l&#8217;\u00e9tablissement avec la confiance et les comp\u00e9tences n\u00e9cessaires pour exceller dans le domaine de la massoth\u00e9rapie, \u00e9quip\u00e9s pour r\u00e9pondre aux divers besoins de leurs clients avec empathie et professionnalisme.  <\/p>\n<p><strong>Cours inclus dans le programme :<\/strong><\/p>\n<ul>\n<li>Anatomie niveau 1<\/li>\n<li>Relations d&#8217;aide<\/li>\n<li>Techniques d&#8217;entretien et tenue des dossiers<\/li>\n<li>Introduction au massage su\u00e9dois<\/li>\n<li>Physiologie et pathologie<\/li>\n<li>\u00c9thique professionnelle \/ D\u00e9ontologie \/ Aspects juridiques<\/li>\n<li>Sexualit\u00e9 et pratique professionnelle<\/li>\n<li>Clinique supervis\u00e9e<\/li>\n<li>Su\u00e9dois niveau 1 \u2013 Dipl\u00f4me de 400 heures d\u00e9livr\u00e9*<\/li>\n<li>Su\u00e9dois niveau 2 \u2013 Techniques th\u00e9rapeutiques avanc\u00e9es et techniques de massage des tissus profonds<\/li>\n<li>Anatomie 2 \u2013 Anatomie avanc\u00e9e et biom\u00e9canique<\/li>\n<\/ul>\n<p>&nbsp;<\/p>\n<p><a href=\"https:\/\/docs.google.com\/spreadsheets\/d\/15fjQx5-Xw7H9fCGCYvGWJNOGPYCt9_9vQE9b2jHnbOg\/edit?usp=sharing\" target=\"_blank\" rel=\"noopener\">HORAIRE DORVAL : CLIQUEZ ICI POUR CONSULTER L&#8217;HORAIRE<\/a><\/p>\n<p><a href=\"https:\/\/docs.google.com\/spreadsheets\/d\/1OmSGO6_xMXHVdUDzJzAzTZKXFlkWoIl7J5y0aEuck6M\/edit?usp=sharing\" target=\"_blank\" rel=\"noopener\">HORAIRE NDG : CLIQUEZ ICI POUR CONSULTER L&#8217;HORAIRE<\/a><\/p>\n<p><strong>CO\u00dbT :<\/strong> 4 500 $ \u2013 Paiement mensuel disponible sur 10 mois | 450 $ par mois<\/p>\n","protected":false},"excerpt":{"rendered":"<p>Notre programme de formation en massage su\u00e9dois de 600 heures offre une formation immersive et compl\u00e8te con\u00e7ue pour former des massoth\u00e9rapeutes comp\u00e9tents, bien inform\u00e9s et compatissants. Le programme combine un enseignement holistique et th\u00e9rapeutique, garantissant aux dipl\u00f4m\u00e9s une compr\u00e9hension approfondie du corps humain et des techniques de massage su\u00e9dois. <\/p>\n<p>Tout au long de ce programme complet, les \u00e9tudiants exploreront les subtilit\u00e9s de l&#8217;anatomie, de la physiologie et de la pathologie, acqu\u00e9rant ainsi des bases solides dans les sciences qui sous-tendent la massoth\u00e9rapie. Le programme met l&#8217;accent sur l&#8217;importance de l&#8217;\u00e9thique professionnelle, des aspects juridiques et du maintien de limites claires dans les relations th\u00e9rapeutiques. <\/p>\n<p>En plus des connaissances th\u00e9oriques, le programme propose une formation pratique dans le cadre d&#8217;un stage clinique supervis\u00e9. Les \u00e9tudiants apprendront et perfectionneront leurs techniques de massage, passant du niveau d\u00e9butant au niveau avanc\u00e9 en massage su\u00e9dois. Ils recevront \u00e9galement une formation aux techniques d&#8217;entretien et \u00e0 la tenue de dossiers, afin d&#8217;\u00eatre pr\u00eats \u00e0 exercer dans le monde r\u00e9el.  <\/p>\n<p>Le programme de dipl\u00f4me de 600 heures en massage su\u00e9dois est con\u00e7u pour favoriser une approche holistique de la sant\u00e9 et du bien-\u00eatre. En int\u00e9grant la connaissance des syst\u00e8mes corporels \u00e0 des comp\u00e9tences pratiques et \u00e0 une pratique \u00e9thique, notre programme pr\u00e9pare les \u00e9tudiants \u00e0 fournir des soins de haute qualit\u00e9 centr\u00e9s sur le client. Les dipl\u00f4m\u00e9s quitteront l&#8217;\u00e9tablissement avec la confiance et les comp\u00e9tences n\u00e9cessaires pour exceller dans le domaine de la massoth\u00e9rapie, \u00e9quip\u00e9s pour r\u00e9pondre aux divers besoins de leurs clients avec empathie et professionnalisme.  <\/p>\n<p><strong>Cours inclus dans le programme :<\/strong><\/p>\n<ul>\n<li>Anatomie niveau 1<\/li>\n<li>Relations d&#8217;aide<\/li>\n<li>Techniques d&#8217;entretien et tenue des dossiers<\/li>\n<li>Introduction au massage su\u00e9dois<\/li>\n<li>Physiologie et pathologie<\/li>\n<li>\u00c9thique professionnelle \/ D\u00e9ontologie \/ Aspects juridiques<\/li>\n<li>Sexualit\u00e9 et pratique professionnelle<\/li>\n<li>Clinique supervis\u00e9e<\/li>\n<li>Su\u00e9dois niveau 1 \u2013 Dipl\u00f4me de 400 heures d\u00e9livr\u00e9*<\/li>\n<li>Su\u00e9dois niveau 2 \u2013 Techniques th\u00e9rapeutiques avanc\u00e9es et techniques de massage des tissus profonds<\/li>\n<li>Anatomie 2 \u2013 Anatomie avanc\u00e9e et biom\u00e9canique<\/li>\n<\/ul>\n<p>HORAIRE DORVAL : <a href=\"https:\/\/docs.google.com\/spreadsheets\/d\/15fjQx5-Xw7H9fCGCYvGWJNOGPYCt9_9vQE9b2jHnbOg\/edit?usp=sharing\" target=\"_blank\" rel=\"noopener\">CLIQUEZ ICI POUR CONSULTER L&#8217;HORAIRE<\/a><\/p>\n<p>HORAIRE NDG : <a href=\"https:\/\/docs.google.com\/spreadsheets\/d\/1OmSGO6_xMXHVdUDzJzAzTZKXFlkWoIl7J5y0aEuck6M\/edit?usp=sharing\">CLIQUEZ ICI POUR CONSULTER L&#8217;HORAIRE<\/a><\/p>\n<p><strong>CO\u00dbT :<\/strong> 4 500 $ \u2013 Paiement mensuel disponible sur 10 mois | 450 $ par mois<\/p>\n","protected":false},"featured_media":13960,"template":"","meta":{"_acf_changed":false},"product_brand":[],"product_cat":[94,479,96,291,97,158,289,287],"product_tag":[130,292],"class_list":{"0":"post-6300","1":"product","2":"type-product","3":"status-publish","4":"has-post-thumbnail","6":"product_cat-certificats","7":"product_cat-clinical-massage","8":"product_cat-diplomes","9":"product_cat-dorval-west-island-fr","10":"product_cat-en-personne","11":"product_cat-hybrid-fr","12":"product_cat-lieu","13":"product_cat-qe-ndg-fr","14":"product_tag-massage-suedois","15":"product_tag-therapeutic-fr","17":"first","18":"instock","19":"shipping-taxable","20":"purchasable","21":"product-type-simple"},"acf":[],"_links":{"self":[{"href":"https:\/\/setsuko.ca\/fr\/wp-json\/wp\/v2\/product\/6300","targetHints":{"allow":["GET"]}}],"collection":[{"href":"https:\/\/setsuko.ca\/fr\/wp-json\/wp\/v2\/product"}],"about":[{"href":"https:\/\/setsuko.ca\/fr\/wp-json\/wp\/v2\/types\/product"}],"wp:featuredmedia":[{"embeddable":true,"href":"https:\/\/setsuko.ca\/fr\/wp-json\/wp\/v2\/media\/13960"}],"wp:attachment":[{"href":"https:\/\/setsuko.ca\/fr\/wp-json\/wp\/v2\/media?parent=6300"}],"wp:term":[{"taxonomy":"product_brand","embeddable":true,"href":"https:\/\/setsuko.ca\/fr\/wp-json\/wp\/v2\/product_brand?post=6300"},{"taxonomy":"product_cat","embeddable":true,"href":"https:\/\/setsuko.ca\/fr\/wp-json\/wp\/v2\/product_cat?post=6300"},{"taxonomy":"product_tag","embeddable":true,"href":"https:\/\/setsuko.ca\/fr\/wp-json\/wp\/v2\/product_tag?post=6300"}],"curies":[{"name":"wp","href":"https:\/\/api.w.org\/{rel}","templated":true}]}}