{"id":6449,"date":"2024-11-13T09:00:26","date_gmt":"2024-11-13T14:00:26","guid":{"rendered":"https:\/\/ecolesetsuko.ca\/product\/therapie-du-bois-en-colombie-maderoterapia\/"},"modified":"2025-09-21T11:27:43","modified_gmt":"2025-09-21T15:27:43","slug":"therapie-du-bois-en-colombie-maderoterapia","status":"publish","type":"product","link":"https:\/\/setsuko.ca\/fr\/produit\/therapie-du-bois-en-colombie-maderoterapia\/","title":{"rendered":"Th\u00e9rapie du bois en Colombie Maderoterapia \u2013 Dorval"},"content":{"rendered":"<p>Gr\u00e2ce \u00e0 notre atelier complet, d\u00e9couvrez les secrets de la th\u00e9rapie colombienne par le bois pour aider vos clients \u00e0 r\u00e9duire leur cellulite et \u00e0 \u00e9liminer leurs graisses. Ce cours fournit toutes les connaissances essentielles n\u00e9cessaires pour r\u00e9aliser efficacement cette proc\u00e9dure. <\/p>\n<p>La th\u00e9rapie colombienne par le bois utilise une strat\u00e9gie de massage dynamique \u00e0 l&#8217;aide d&#8217;instruments en bois tels que des rouleaux \u00e0 p\u00e2tisserie et des ventouses en bois, une technique dont les origines remontent \u00e0 plusieurs si\u00e8cles et qui serait originaire d&#8217;Asie.<\/p>\n<p>Cette m\u00e9thode a gagn\u00e9 en popularit\u00e9, en particulier en Am\u00e9rique du Sud, o\u00f9 elle est connue sous le nom de \u00ab maderoterapia \u00bb (\u00ab madera \u00bb signifiant \u00ab bois \u00bb en fran\u00e7ais). Il s&#8217;agit d&#8217;une pratique de remodelage corporel qui utilise des outils en bois sp\u00e9cialement sculpt\u00e9s pour am\u00e9liorer la silhouette et les proportions du corps sans recourir \u00e0 des mesures invasives. Ces outils sont con\u00e7us avec pr\u00e9cision pour remodeler la silhouette, cibler la graisse et la cellulite, et d\u00e9tendre les muscles raides sans endommager la peau ou les tissus sous-jacents.  <\/p>\n<p>Il offre une alternative unique aux massages conventionnels pour les personnes souffrant de graisse tenace et de cellulite, gr\u00e2ce \u00e0 des instruments en bois sp\u00e9cialement con\u00e7us pour d\u00e9composer les tissus adipeux, soulager les tensions musculaires et lisser la cellulite.<\/p>\n<p>Dans ce cours de th\u00e9rapie par le bois colombien, vous apprendrez :<\/p>\n<ul>\n<li>Les bases de la th\u00e9rapie par le bois<\/li>\n<li>Le m\u00e9canisme derri\u00e8re la th\u00e9rapie par le bois<\/li>\n<li>Aper\u00e7u des trois cat\u00e9gories d&#8217;outils utilis\u00e9s en th\u00e9rapie par le bois<\/li>\n<li>Un examen d\u00e9taill\u00e9 des outils<\/li>\n<li>Informations sur les huiles et lubrifiants adapt\u00e9s \u00e0 la th\u00e9rapie du bois, y compris les huiles de base et les huiles essentielles, ainsi que leurs taux d&#8217;absorption.<\/li>\n<li>Comprendre les diff\u00e9rents types de graisse, l&#8217;anatomie de la peau et la cellulite<\/li>\n<li>Domaines identifiables n\u00e9cessitant un traitement<\/li>\n<li>Contre-indications potentielles<\/li>\n<li>Normes en mati\u00e8re d&#8217;hygi\u00e8ne, de pr\u00e9vention des infections et d&#8217;entretien des outils<\/li>\n<li>R\u00e9alisation de consultations avec les clients<\/li>\n<li>Conception des traitements<\/li>\n<li>Quatre m\u00e9thodes d&#8217;application distinctes<\/li>\n<\/ul>\n<p>Graphiques \/ Notes que vous recevrez :<\/p>\n<ul>\n<li>Formulaires de consentement au traitement<\/li>\n<li>Un guide de formation complet<\/li>\n<li>Diagrammes des zones de traitement<\/li>\n<li>Formulaire de consultation client<\/li>\n<li>Tableaux des mensurations corporelles<\/li>\n<\/ul>\n<p>Cette technique est r\u00e9put\u00e9e pour ses capacit\u00e9s de drainage efficaces, offrant des r\u00e9sultats significatifs et visibles d\u00e8s la premi\u00e8re s\u00e9ance. Elle convient au corps, am\u00e9liore la circulation, combat la cellulite, aide \u00e0 \u00e9liminer les toxines et d\u00e9compose les tissus adipeux gr\u00e2ce \u00e0 l&#8217;utilisation r\u00e9p\u00e9t\u00e9e d&#8217;une douzaine d&#8217;outils en bois diff\u00e9rents. Ces outils ciblent sp\u00e9cifiquement les zones musculaires, la graisse et la cellulite, favorisant le drainage lymphatique et la d\u00e9toxification.  <\/p>\n<p><strong>\u00c0 qui s&#8217;adresse cet atelier ? <\/strong>Cet atelier est id\u00e9al pour les massoth\u00e9rapeutes agr\u00e9\u00e9s, les professionnels du travail corporel et les praticiens de sant\u00e9 holistique qui souhaitent \u00e9largir leurs services et leurs connaissances dans le domaine des techniques th\u00e9rapeutiques uniques.<\/p>\n<p>Date : 13 d\u00e9cembre 2025, de 10 h \u00e0 17 h<\/p>\n<p><span class=\"fMYBhe\">Location:<\/span> 1564 Chem. Herron Suite 208, Dorval, QC H9S 1B7 <\/p>\n<p>Cr\u00e9dits : 15<\/p>\n<hr>\n<p>&nbsp;<\/p>\n","protected":false},"excerpt":{"rendered":"<p>Gr\u00e2ce \u00e0 notre atelier complet, d\u00e9couvrez les secrets de la th\u00e9rapie colombienne par le bois pour aider vos clients \u00e0 r\u00e9duire leur cellulite et \u00e0 \u00e9liminer leurs graisses. Ce cours fournit toutes les connaissances essentielles n\u00e9cessaires pour r\u00e9aliser efficacement cette proc\u00e9dure. La th\u00e9rapie colombienne par le bois utilise une strat\u00e9gie de massage dynamique \u00e0 l&#8217;aide d&#8217;instruments en bois tels que des rouleaux \u00e0 p\u00e2tisserie et des ventouses en bois, une technique dont les origines remontent \u00e0 plusieurs si\u00e8cles et qui serait originaire d&#8217;Asie.  <\/p>\n","protected":false},"featured_media":13962,"template":"","meta":{"_acf_changed":false},"product_brand":[],"product_cat":[169,479,291,97,140],"product_tag":[301,300],"class_list":{"0":"post-6449","1":"product","2":"type-product","3":"status-publish","4":"has-post-thumbnail","6":"product_cat-atelier","7":"product_cat-clinical-massage","8":"product_cat-dorval-west-island-fr","9":"product_cat-en-personne","10":"product_cat-natalie-palmer-fr","11":"product_tag-maderoterapia-fr","12":"product_tag-wood-therapy-fr","14":"first","15":"outofstock","16":"virtual","17":"purchasable","18":"product-type-simple"},"acf":[],"_links":{"self":[{"href":"https:\/\/setsuko.ca\/fr\/wp-json\/wp\/v2\/product\/6449","targetHints":{"allow":["GET"]}}],"collection":[{"href":"https:\/\/setsuko.ca\/fr\/wp-json\/wp\/v2\/product"}],"about":[{"href":"https:\/\/setsuko.ca\/fr\/wp-json\/wp\/v2\/types\/product"}],"wp:featuredmedia":[{"embeddable":true,"href":"https:\/\/setsuko.ca\/fr\/wp-json\/wp\/v2\/media\/13962"}],"wp:attachment":[{"href":"https:\/\/setsuko.ca\/fr\/wp-json\/wp\/v2\/media?parent=6449"}],"wp:term":[{"taxonomy":"product_brand","embeddable":true,"href":"https:\/\/setsuko.ca\/fr\/wp-json\/wp\/v2\/product_brand?post=6449"},{"taxonomy":"product_cat","embeddable":true,"href":"https:\/\/setsuko.ca\/fr\/wp-json\/wp\/v2\/product_cat?post=6449"},{"taxonomy":"product_tag","embeddable":true,"href":"https:\/\/setsuko.ca\/fr\/wp-json\/wp\/v2\/product_tag?post=6449"}],"curies":[{"name":"wp","href":"https:\/\/api.w.org\/{rel}","templated":true}]}}