{"id":6615,"date":"2025-01-22T08:42:58","date_gmt":"2025-01-22T13:42:58","guid":{"rendered":"https:\/\/ecolesetsuko.ca\/product\/advanced-knee-massage-workshop-target-series\/"},"modified":"2026-01-02T14:16:48","modified_gmt":"2026-01-02T19:16:48","slug":"advanced-knee-massage-workshop-target-series","status":"publish","type":"product","link":"https:\/\/setsuko.ca\/fr\/produit\/advanced-knee-massage-workshop-target-series\/","title":{"rendered":"Atelier de r\u00e9\u00e9ducation du genou et de la cheville \u2013 S\u00e9rie Target"},"content":{"rendered":"<p>D\u00e9couvrez les subtilit\u00e9s du toucher th\u00e9rapeutique dans notre atelier avanc\u00e9 sur le massage du genou \u2013 S\u00e9rie cibl\u00e9e avec Jenni Lee. Cet atelier est destin\u00e9 aux massoth\u00e9rapeutes exp\u00e9riment\u00e9s et propose une formation sp\u00e9cialis\u00e9e qui explore en profondeur les structures du genou, couvrant des techniques compl\u00e8tes d&#8217;\u00e9valuation, de test et de traitement des blessures courantes. <\/p>\n<p>Tout au long de l&#8217;atelier, vous acquerrez des connaissances pr\u00e9cieuses sur l&#8217;anatomie de l&#8217;articulation du genou et des structures environnantes, ce qui vous permettra d&#8217;am\u00e9liorer votre capacit\u00e9 \u00e0 identifier les probl\u00e8mes et les d\u00e9s\u00e9quilibres potentiels. Des ligaments et tendons aux groupes musculaires, vous d\u00e9velopperez une compr\u00e9hension nuanc\u00e9e de la biom\u00e9canique du genou. <\/p>\n<p>En plus des techniques de massage pratiques, l&#8217;atelier int\u00e9grera des exercices de renforcement musculaire pour compl\u00e9ter votre pratique du massage. Des protocoles de renforcement seront explor\u00e9s afin d&#8217;aider vos clients dans leur parcours de r\u00e9\u00e9ducation. <\/p>\n","protected":false},"excerpt":{"rendered":"<p>D\u00e9couvrez les subtilit\u00e9s du toucher th\u00e9rapeutique dans notre atelier avanc\u00e9 sur le massage du genou \u2013 S\u00e9rie cibl\u00e9e avec Jenni Lee. Cet atelier est destin\u00e9 aux massoth\u00e9rapeutes exp\u00e9riment\u00e9s et propose une formation sp\u00e9cialis\u00e9e qui explore en profondeur les structures du genou, couvrant des techniques compl\u00e8tes d&#8217;\u00e9valuation, de test et de traitement des blessures courantes. <\/p>\n<p>Tout au long de l&#8217;atelier, vous acquerrez des connaissances pr\u00e9cieuses sur l&#8217;anatomie de l&#8217;articulation du genou et des structures environnantes, ce qui vous permettra d&#8217;am\u00e9liorer votre capacit\u00e9 \u00e0 identifier les probl\u00e8mes et les d\u00e9s\u00e9quilibres potentiels. Des ligaments et tendons aux groupes musculaires, vous d\u00e9velopperez une compr\u00e9hension nuanc\u00e9e de la biom\u00e9canique du genou. <\/p>\n<p>En plus des techniques de massage pratiques, l&#8217;atelier int\u00e9grera des exercices de renforcement musculaire pour compl\u00e9ter votre pratique du massage. Des protocoles de renforcement seront explor\u00e9s afin d&#8217;aider vos clients dans leur parcours de r\u00e9\u00e9ducation. <\/p>\n<p>&nbsp;<\/p>\n","protected":false},"featured_media":13964,"template":"","meta":{"_acf_changed":false},"product_brand":[],"product_cat":[440,169,479,97,445,287],"product_tag":[],"class_list":{"0":"post-6615","1":"product","2":"type-product","3":"status-publish","4":"has-post-thumbnail","6":"product_cat-anglais","7":"product_cat-atelier","8":"product_cat-clinical-massage","9":"product_cat-en-personne","10":"product_cat-jennifer-linarez-fr","11":"product_cat-qe-ndg-fr","13":"first","14":"outofstock","15":"virtual","16":"purchasable","17":"product-type-simple"},"acf":[],"_links":{"self":[{"href":"https:\/\/setsuko.ca\/fr\/wp-json\/wp\/v2\/product\/6615","targetHints":{"allow":["GET"]}}],"collection":[{"href":"https:\/\/setsuko.ca\/fr\/wp-json\/wp\/v2\/product"}],"about":[{"href":"https:\/\/setsuko.ca\/fr\/wp-json\/wp\/v2\/types\/product"}],"wp:featuredmedia":[{"embeddable":true,"href":"https:\/\/setsuko.ca\/fr\/wp-json\/wp\/v2\/media\/13964"}],"wp:attachment":[{"href":"https:\/\/setsuko.ca\/fr\/wp-json\/wp\/v2\/media?parent=6615"}],"wp:term":[{"taxonomy":"product_brand","embeddable":true,"href":"https:\/\/setsuko.ca\/fr\/wp-json\/wp\/v2\/product_brand?post=6615"},{"taxonomy":"product_cat","embeddable":true,"href":"https:\/\/setsuko.ca\/fr\/wp-json\/wp\/v2\/product_cat?post=6615"},{"taxonomy":"product_tag","embeddable":true,"href":"https:\/\/setsuko.ca\/fr\/wp-json\/wp\/v2\/product_tag?post=6615"}],"curies":[{"name":"wp","href":"https:\/\/api.w.org\/{rel}","templated":true}]}}