{"id":6952,"date":"2024-10-13T10:00:22","date_gmt":"2024-10-13T14:00:22","guid":{"rendered":"https:\/\/ecolesetsuko.ca\/product\/numerologie-spirituelle\/"},"modified":"2025-10-14T19:36:51","modified_gmt":"2025-10-14T23:36:51","slug":"numerologie-spirituelle","status":"publish","type":"product","link":"https:\/\/setsuko.ca\/fr\/produit\/numerologie-spirituelle\/","title":{"rendered":"Num\u00e9rologie spirituelle \u2013 NDG"},"content":{"rendered":"<p class=\"p1\"><b>Num\u00e9rologie<\/b><\/p>\n<p class=\"p3\">Les nombres et la g\u00e9om\u00e9trie sacr\u00e9e sont les fondations de tout ce qui existe. Les nombres font aussi partie de notre structure humaine, non seulement sur le plan physique mais aussi psychologique, r\u00e9v\u00e9lant nos traits de personnalit\u00e9, nos relations familiales, nos attitudes face \u00e0 l\u2019autorit\u00e9 et \u00e0 l\u2019amour, ainsi que notre karma ancestral et culturel. Les nombres nous offrent des solutions aux enjeux importants tout en d\u00e9voilant nos forces et nos dons. Chaque nombre existe comme un arch\u00e9type, et une date de naissance repr\u00e9sente une carte de ces arch\u00e9types en action.   <\/p>\n<p class=\"p3\">En \u00e9tudiant notre date de naissance, nous pouvons obtenir des \u00e9claircissements sur nos dynamiques int\u00e9rieures et ext\u00e9rieures. Les nombres peuvent confirmer les impressions que nous avons d\u00e9j\u00e0 et nous informer sur la meilleure fa\u00e7on de nous soutenir, nous-m\u00eames ou nos clients. L\u2019\u00e9l\u00e9ment le plus essentiel pour utiliser une date de naissance de cette mani\u00e8re est notre intention.<br \/>3 cours en ligne + 1 demi-journ\u00e9e en pr\u00e9sentiel.<br \/>Ne manquez pas cette occasion d\u2019apprendre ce syst\u00e8me \u00e0 la fois simple et puissant.    <\/p>\n<p class=\"p3\">14 et 28 novembre 2025 (de 15h \u00e0 21h)<br \/>\nPracticum : 19 janvier 2026 (de 18h \u00e0 21h)<\/p>\n","protected":false},"excerpt":{"rendered":"<p>Notre date de naissance contient des guidances uniques qui nous sont propres. Avec une intention claire, nous pouvons obtenir des \u00e9claircissements sur le parcours de notre \u00e2me, nos relations familiales, nos dons et nos d\u00e9fis, ainsi que des solutions potentielles \u00e0 certains enjeux. Cette fa\u00e7on d\u2019aborder les nombres peut r\u00e9v\u00e9ler de fa\u00e7on frappante des dynamiques personnelles cach\u00e9es, des transferts et le karma li\u00e9 \u00e0 notre famille d\u2019origine. C\u2019est un syst\u00e8me \u00e0 la fois simple et profond; il suffit de pratiquer avec intention.<br \/>Le cours comprendra des p\u00e9riodes de pratique, des questions-r\u00e9ponses, des discussions, des d\u00e9monstrations et des m\u00e9ditations.    <\/p>\n","protected":false},"featured_media":13943,"template":"","meta":{"_acf_changed":false},"product_brand":[],"product_cat":[169,339,97,141],"product_tag":[],"class_list":{"0":"post-6952","1":"product","2":"type-product","3":"status-publish","4":"has-post-thumbnail","6":"product_cat-atelier","7":"product_cat-en-ligne-fr","8":"product_cat-en-personne","9":"product_cat-paule-guerard-fr","11":"first","12":"outofstock","13":"sale","14":"virtual","15":"purchasable","16":"product-type-simple"},"acf":[],"_links":{"self":[{"href":"https:\/\/setsuko.ca\/fr\/wp-json\/wp\/v2\/product\/6952","targetHints":{"allow":["GET"]}}],"collection":[{"href":"https:\/\/setsuko.ca\/fr\/wp-json\/wp\/v2\/product"}],"about":[{"href":"https:\/\/setsuko.ca\/fr\/wp-json\/wp\/v2\/types\/product"}],"wp:featuredmedia":[{"embeddable":true,"href":"https:\/\/setsuko.ca\/fr\/wp-json\/wp\/v2\/media\/13943"}],"wp:attachment":[{"href":"https:\/\/setsuko.ca\/fr\/wp-json\/wp\/v2\/media?parent=6952"}],"wp:term":[{"taxonomy":"product_brand","embeddable":true,"href":"https:\/\/setsuko.ca\/fr\/wp-json\/wp\/v2\/product_brand?post=6952"},{"taxonomy":"product_cat","embeddable":true,"href":"https:\/\/setsuko.ca\/fr\/wp-json\/wp\/v2\/product_cat?post=6952"},{"taxonomy":"product_tag","embeddable":true,"href":"https:\/\/setsuko.ca\/fr\/wp-json\/wp\/v2\/product_tag?post=6952"}],"curies":[{"name":"wp","href":"https:\/\/api.w.org\/{rel}","templated":true}]}}