{"id":6953,"date":"2025-04-15T23:34:56","date_gmt":"2025-04-16T03:34:56","guid":{"rendered":"https:\/\/ecolesetsuko.ca\/product\/atelier-en-ligne-sur-les-elixirs-floraux\/"},"modified":"2026-02-06T16:50:20","modified_gmt":"2026-02-06T21:50:20","slug":"atelier-en-ligne-sur-les-elixirs-floraux","status":"publish","type":"product","link":"https:\/\/setsuko.ca\/fr\/produit\/atelier-en-ligne-sur-les-elixirs-floraux\/","title":{"rendered":"Atelier en ligne sur les \u00e9lixirs floraux"},"content":{"rendered":"<p>Cours sur les essences florales : les essences florales de Bach soulagent la souffrance \u00e9motionnelle et \u00e9liminent les blocages qui peuvent entra\u00eener des dysfonctionnements \u00e0 tous les niveaux. Ce cours permettra aux \u00e9tudiants de mieux comprendre chaque rem\u00e8de floral, ses utilisations et ses indications. Une journ\u00e9e enti\u00e8re est consacr\u00e9e \u00e0 l&#8217;observation de l&#8217;art de l&#8217;\u00e9coute et de la prise de cas. Les \u00e9tudiants auront ensuite l&#8217;occasion de traiter un cas sous supervision et de recevoir des conseils et des commentaires de leurs pairs.<\/p>\n<p>Student Kit $120 <a href=\"https:\/\/setsuko.ca\/fr\/produit\/kit-de-letudiant-en-elixirs-floraux\/\">https:\/\/setsuko.ca\/product\/flower-essence-student-kit\/<\/a><\/p>\n","protected":false},"excerpt":{"rendered":"<p>Cours sur les essences florales : les essences florales de Bach sont utilis\u00e9es pour soulager la souffrance \u00e9motionnelle et \u00e9liminer les blocages qui peuvent entraver tous les niveaux. Ce cours permettra aux \u00e9tudiants de mieux comprendre chaque rem\u00e8de floral, ses utilisations et ses indications. Une journ\u00e9e enti\u00e8re sera consacr\u00e9e \u00e0 l&#8217;observation de l&#8217;art de l&#8217;\u00e9coute et de la prise de cas. Les \u00e9tudiants auront ensuite l&#8217;occasion de prendre un cas sous supervision et de recevoir des conseils et des commentaires de leurs pairs.   <\/p>\n<p>16 mai 2026 \u2013 samedi<\/p>\n<p>Student Kit $90 <a href=\"https:\/\/setsuko.ca\/fr\/produit\/kit-de-letudiant-en-elixirs-floraux\/\">https:\/\/setsuko.ca\/product\/flower-essence-student-kit\/<\/a><\/p>\n","protected":false},"featured_media":13882,"template":"","meta":{"_acf_changed":false},"product_brand":[],"product_cat":[98,440,169,95,339,490,138,491],"product_tag":[],"class_list":{"0":"post-6953","1":"product","2":"type-product","3":"status-publish","4":"has-post-thumbnail","6":"product_cat-en-ligne","7":"product_cat-anglais","8":"product_cat-atelier","9":"product_cat-cours","10":"product_cat-en-ligne-fr","11":"product_cat-interet-general","12":"product_cat-marjorie-silcoff-fr","13":"product_cat-therapies-energetiques","15":"first","16":"instock","17":"featured","18":"shipping-taxable","19":"purchasable","20":"product-type-simple"},"acf":[],"_links":{"self":[{"href":"https:\/\/setsuko.ca\/fr\/wp-json\/wp\/v2\/product\/6953","targetHints":{"allow":["GET"]}}],"collection":[{"href":"https:\/\/setsuko.ca\/fr\/wp-json\/wp\/v2\/product"}],"about":[{"href":"https:\/\/setsuko.ca\/fr\/wp-json\/wp\/v2\/types\/product"}],"wp:featuredmedia":[{"embeddable":true,"href":"https:\/\/setsuko.ca\/fr\/wp-json\/wp\/v2\/media\/13882"}],"wp:attachment":[{"href":"https:\/\/setsuko.ca\/fr\/wp-json\/wp\/v2\/media?parent=6953"}],"wp:term":[{"taxonomy":"product_brand","embeddable":true,"href":"https:\/\/setsuko.ca\/fr\/wp-json\/wp\/v2\/product_brand?post=6953"},{"taxonomy":"product_cat","embeddable":true,"href":"https:\/\/setsuko.ca\/fr\/wp-json\/wp\/v2\/product_cat?post=6953"},{"taxonomy":"product_tag","embeddable":true,"href":"https:\/\/setsuko.ca\/fr\/wp-json\/wp\/v2\/product_tag?post=6953"}],"curies":[{"name":"wp","href":"https:\/\/api.w.org\/{rel}","templated":true}]}}