{"id":7127,"date":"2025-04-13T08:04:01","date_gmt":"2025-04-13T12:04:01","guid":{"rendered":"https:\/\/ecolesetsuko.ca\/?post_type=product&#038;p=7127"},"modified":"2025-12-22T01:17:35","modified_gmt":"2025-12-22T06:17:35","slug":"7127","status":"publish","type":"product","link":"https:\/\/setsuko.ca\/fr\/produit\/7127\/","title":{"rendered":"Herboristerie 1 \u2013 Introduction \u00e0 l&#8217;herboristerie"},"content":{"rendered":"<p>Herbologie 1 \u2013 Cours d&#8217;introduction fournissant les connaissances fondamentales en herbologie, tant sur le plan th\u00e9orique que pratique. Le programme comprend les concepts et la terminologie de base, l&#8217;identification organoleptique et botanique de trente plantes locales, les pratiques \u00e9thiques et durables de r\u00e9colte et de jardinage, la transformation des plantes en aliments et en m\u00e9dicaments, la cr\u00e9ation d&#8217;une trousse de premiers soins \u00e0 base de plantes et la d\u00e9couverte des multiples facettes et bienfaits de la phytoth\u00e9rapie pratique. <\/p>\n<p>Date : du 14 mai au 4 juin + les 3 et 10 septembre 2026<\/p>\n<p>En ligne : jeudi, de 18 h \u00e0 20 h 30 | En personne : dimanche, de 11 h 30 \u00e0 16 h 30<\/p>\n<p>Lieu : En ligne et divers lieux sur site<br \/>Cr\u00e9dits : 90<br \/>Pr\u00e9requis : aucun<\/p>\n","protected":false},"excerpt":{"rendered":"<p>Herbologie 1 \u2013 Cours d&#8217;introduction fournissant les connaissances fondamentales en herbologie, tant sur le plan th\u00e9orique que pratique. Le programme comprend les concepts et la terminologie de base, l&#8217;identification organoleptique et botanique de trente plantes locales, les pratiques \u00e9thiques et durables de r\u00e9colte et de jardinage, la transformation des plantes en aliments et en m\u00e9dicaments, la cr\u00e9ation d&#8217;une trousse de premiers soins \u00e0 base de plantes et la d\u00e9couverte des multiples facettes et bienfaits de la phytoth\u00e9rapie pratique.<\/p>\n","protected":false},"featured_media":13852,"template":"","meta":{"_acf_changed":false},"product_brand":[],"product_cat":[440,95,98,97,481,158,490,139],"product_tag":[322,323],"class_list":{"0":"post-7127","1":"product","2":"type-product","3":"status-publish","4":"has-post-thumbnail","6":"product_cat-anglais","7":"product_cat-cours","8":"product_cat-en-ligne","9":"product_cat-en-personne","10":"product_cat-holistic-therapies","11":"product_cat-hybrid-fr","12":"product_cat-interet-general","13":"product_cat-monica-giacomin-fr","14":"product_tag-herb-fr","15":"product_tag-herbology-fr","17":"first","18":"instock","19":"featured","20":"virtual","21":"purchasable","22":"product-type-simple"},"acf":[],"_links":{"self":[{"href":"https:\/\/setsuko.ca\/fr\/wp-json\/wp\/v2\/product\/7127","targetHints":{"allow":["GET"]}}],"collection":[{"href":"https:\/\/setsuko.ca\/fr\/wp-json\/wp\/v2\/product"}],"about":[{"href":"https:\/\/setsuko.ca\/fr\/wp-json\/wp\/v2\/types\/product"}],"wp:featuredmedia":[{"embeddable":true,"href":"https:\/\/setsuko.ca\/fr\/wp-json\/wp\/v2\/media\/13852"}],"wp:attachment":[{"href":"https:\/\/setsuko.ca\/fr\/wp-json\/wp\/v2\/media?parent=7127"}],"wp:term":[{"taxonomy":"product_brand","embeddable":true,"href":"https:\/\/setsuko.ca\/fr\/wp-json\/wp\/v2\/product_brand?post=7127"},{"taxonomy":"product_cat","embeddable":true,"href":"https:\/\/setsuko.ca\/fr\/wp-json\/wp\/v2\/product_cat?post=7127"},{"taxonomy":"product_tag","embeddable":true,"href":"https:\/\/setsuko.ca\/fr\/wp-json\/wp\/v2\/product_tag?post=7127"}],"curies":[{"name":"wp","href":"https:\/\/api.w.org\/{rel}","templated":true}]}}