{"id":7177,"date":"2024-12-14T08:30:19","date_gmt":"2024-12-14T13:30:19","guid":{"rendered":"https:\/\/ecolesetsuko.ca\/product\/abhyanga-formation-au-travail-corporel-ayurvedique\/"},"modified":"2026-03-16T14:32:15","modified_gmt":"2026-03-16T18:32:15","slug":"abhyanga-formation-au-travail-corporel-ayurvedique","status":"publish","type":"product","link":"https:\/\/setsuko.ca\/fr\/produit\/abhyanga-formation-au-travail-corporel-ayurvedique\/","title":{"rendered":"Abhyanga : Formation en massage ayurv\u00e9dique \u2013 NDG"},"content":{"rendered":"<p>Vivez l\u2019essence m\u00eame du soin ayurv\u00e9dique avec l\u2019Abhyanga, un massage complet et profond\u00e9ment nourrissant aux huiles chaudes, issu du syst\u00e8me traditionnel de gu\u00e9rison de l\u2019Inde. Dans cette formation pratique, vous apprendrez comment les mouvements longs et fluides, les huiles m\u00e9dicinales chaudes et une pression enveloppante travaillent ensemble pour apaiser le syst\u00e8me nerveux, soutenir la circulation et ramener les doshas vers l\u2019\u00e9quilibre. <\/p>\n<p>Vous explorerez comment choisir les huiles appropri\u00e9es, comprendre les d\u00e9s\u00e9quilibres d\u2019un client et appliquer les principes ayurv\u00e9diques de fa\u00e7on simple et pratique. Cette formation est ouverte autant aux d\u00e9butants qu\u2019aux praticiens \u2014 apportez des v\u00eatements confortables et l\u2019envie d\u2019apprendre. <\/p>\n<p>Dates : 28, 29 mars \/ 11, 12 avril 2026<br \/>\nHeure : 10 h 00\u201317 h 00<br \/>\nLieu : 2111, av. Northcliffe, no 11D, Montr\u00e9al (Qu\u00e9bec) H4A 3K6<\/p>\n<p>Enseign\u00e9 par Dominic Tambuzzo, praticien ayurv\u00e9dique, massoth\u00e9rapeute et professeur de yoga comptant plus de dix ans de formation immersive au Canada, en Inde et aux \u00c9tats-Unis.<\/p>\n","protected":false},"excerpt":{"rendered":"<p>Apprenez les bases de l\u2019Abhyanga, un massage ayurv\u00e9dique \u00e0 l\u2019huile chaude qui r\u00e9tablit l\u2019\u00e9quilibre et nourrit le corps en profondeur.<\/p>\n","protected":false},"featured_media":13974,"template":"","meta":{"_acf_changed":false},"product_brand":[],"product_cat":[169,439,533,97,489,287],"product_tag":[330,229,329],"class_list":{"0":"post-7177","1":"product","2":"type-product","3":"status-publish","4":"has-post-thumbnail","6":"product_cat-atelier","7":"product_cat-bilingue","8":"product_cat-dominic-tambuzzo","9":"product_cat-en-personne","10":"product_cat-modalites-orientales","11":"product_cat-qe-ndg-fr","12":"product_tag-abhyanga-fr","13":"product_tag-ayurveda-fr","14":"product_tag-dominic-tambuzzo-fr","16":"first","17":"outofstock","18":"virtual","19":"purchasable","20":"product-type-simple"},"acf":[],"_links":{"self":[{"href":"https:\/\/setsuko.ca\/fr\/wp-json\/wp\/v2\/product\/7177","targetHints":{"allow":["GET"]}}],"collection":[{"href":"https:\/\/setsuko.ca\/fr\/wp-json\/wp\/v2\/product"}],"about":[{"href":"https:\/\/setsuko.ca\/fr\/wp-json\/wp\/v2\/types\/product"}],"wp:featuredmedia":[{"embeddable":true,"href":"https:\/\/setsuko.ca\/fr\/wp-json\/wp\/v2\/media\/13974"}],"wp:attachment":[{"href":"https:\/\/setsuko.ca\/fr\/wp-json\/wp\/v2\/media?parent=7177"}],"wp:term":[{"taxonomy":"product_brand","embeddable":true,"href":"https:\/\/setsuko.ca\/fr\/wp-json\/wp\/v2\/product_brand?post=7177"},{"taxonomy":"product_cat","embeddable":true,"href":"https:\/\/setsuko.ca\/fr\/wp-json\/wp\/v2\/product_cat?post=7177"},{"taxonomy":"product_tag","embeddable":true,"href":"https:\/\/setsuko.ca\/fr\/wp-json\/wp\/v2\/product_tag?post=7177"}],"curies":[{"name":"wp","href":"https:\/\/api.w.org\/{rel}","templated":true}]}}