{"id":7217,"date":"2024-01-20T23:01:58","date_gmt":"2024-01-21T04:01:58","guid":{"rendered":"https:\/\/ecolesetsuko.ca\/product\/7217\/"},"modified":"2026-03-27T08:05:36","modified_gmt":"2026-03-27T12:05:36","slug":"approches-systeme-lymphatique","status":"publish","type":"product","link":"https:\/\/setsuko.ca\/fr\/produit\/approches-systeme-lymphatique\/","title":{"rendered":"Approches du syst\u00e8me lymphatique \u2013 Certificat de massage sp\u00e9cialis\u00e9 (Dorval) **complet**"},"content":{"rendered":"<p><strong>Vue d&#8217;ensemble : <\/strong>Le certificat Approches du syst\u00e8me lymphatique \u2013 Sp\u00e9cialit\u00e9 massage est un programme d\u00e9taill\u00e9 con\u00e7u pour les praticiens titulaires d&#8217;un dipl\u00f4me de massage su\u00e9dois d&#8217;au moins 400 heures. Ce certificat est ax\u00e9 sur l&#8217;am\u00e9lioration de la compr\u00e9hension et des comp\u00e9tences pratiques en mati\u00e8re de massage lymphatique, une technique essentielle pour soutenir le syst\u00e8me immunitaire du corps et la sant\u00e9 en g\u00e9n\u00e9ral. <\/p>\n<p><strong>Composantes du cours : <\/strong>Le programme comprend une s\u00e9rie de cours soigneusement s\u00e9lectionn\u00e9s, chacun se concentrant sur un aspect diff\u00e9rent du massage lymphatique. Les cours inclus dans ce programme de certificat sont les suivants <\/p>\n<ol>\n<li>Introduction au massage lymphatique<\/li>\n<li>Massage lymphatique \u2013 visage et corps<\/li>\n<li>Drainage lymphatique \u2013 Options de traitement<\/li>\n<li>Clinique lymphatique 1<\/li>\n<li>Massage du visage et techniques de Guasha<\/li>\n<li>Techniques de ventouses lymphatiques<\/li>\n<li>Approches lymphatiques \u2013 Mains et pieds<\/li>\n<li>Drainage lymphatique profond (abdomen, outils, int\u00e9gration)<\/li>\n<li>Clinique lymphatique 2<\/li>\n<li>\u00c9tudes de cas<\/li>\n<\/ol>\n<p>Ces cours permettent d&#8217;acqu\u00e9rir une connaissance approfondie et une exp\u00e9rience pratique des diff\u00e9rentes techniques de massage lymphatique.<\/p>\n<p><strong>Certificat :<\/strong> Apr\u00e8s avoir suivi tous les cours, les participants recevront le certificat &#8220;Approches du syst\u00e8me lymphatique \u2013 sp\u00e9cialit\u00e9 de massage&#8221;. Ce certificat atteste d&#8217;un haut niveau de comp\u00e9tence en mati\u00e8re de massage lymphatique et permet aux praticiens d&#8217;acqu\u00e9rir des comp\u00e9tences avanc\u00e9es pour mieux servir leurs clients. <\/p>\n<p><strong>CO\u00dbT<\/strong>&nbsp;: 2&nbsp;000&nbsp;$<\/p>\n<p><strong>Cr\u00e9dits :<\/strong> 210<\/p>\n<p><strong>Calendrier <\/strong>: <a href=\"https:\/\/docs.google.com\/spreadsheets\/d\/1ZxhbVwOZCdi8jPgsp0y3r4CpbCbe0F6Pw8wynLihWfk\/edit?usp=sharing\" target=\"_blank\" rel=\"noopener\">HORAIRE DU CERTIFICAT LYMPHATIQUE<\/a><\/p>\n<hr>\n<p>Ce certificat est un compl\u00e9ment inestimable pour tout massoth\u00e9rapeute ou praticien de sant\u00e9 holistique cherchant \u00e0 approfondir sa pratique et \u00e0 offrir un \u00e9ventail plus large de techniques de gu\u00e9rison \u00e0 ses clients.<\/p>\n","protected":false},"excerpt":{"rendered":"<p><strong>Am\u00e9liorez vos comp\u00e9tences avec les approches du syst\u00e8me lymphatique \u2013 Certificat de sp\u00e9cialisation en massage<\/strong><br \/>\nDans un secteur en pleine croissance, la demande de massage lymphatique augmente. Ce programme avanc\u00e9 est con\u00e7u pour les th\u00e9rapeutes exp\u00e9riment\u00e9s pr\u00eats \u00e0 am\u00e9liorer leur pratique avec des comp\u00e9tences sp\u00e9cialis\u00e9es dans les techniques lymphatiques. Soutenez la sant\u00e9 immunitaire de vos clients et d\u00e9marquez-vous dans un domaine comp\u00e9titif avec cette th\u00e9rapie transformatrice en demande.  <\/p>\n","protected":false},"featured_media":13862,"template":"","meta":{"_acf_changed":false},"product_brand":[],"product_cat":[440,94,479,291,97,168],"product_tag":[],"class_list":{"0":"post-7217","1":"product","2":"type-product","3":"status-publish","4":"has-post-thumbnail","6":"product_cat-anglais","7":"product_cat-certificats","8":"product_cat-clinical-massage","9":"product_cat-dorval-west-island-fr","10":"product_cat-en-personne","11":"product_cat-jenni-lee-fr","13":"first","14":"outofstock","15":"virtual","16":"purchasable","17":"product-type-simple"},"acf":[],"_links":{"self":[{"href":"https:\/\/setsuko.ca\/fr\/wp-json\/wp\/v2\/product\/7217","targetHints":{"allow":["GET"]}}],"collection":[{"href":"https:\/\/setsuko.ca\/fr\/wp-json\/wp\/v2\/product"}],"about":[{"href":"https:\/\/setsuko.ca\/fr\/wp-json\/wp\/v2\/types\/product"}],"wp:featuredmedia":[{"embeddable":true,"href":"https:\/\/setsuko.ca\/fr\/wp-json\/wp\/v2\/media\/13862"}],"wp:attachment":[{"href":"https:\/\/setsuko.ca\/fr\/wp-json\/wp\/v2\/media?parent=7217"}],"wp:term":[{"taxonomy":"product_brand","embeddable":true,"href":"https:\/\/setsuko.ca\/fr\/wp-json\/wp\/v2\/product_brand?post=7217"},{"taxonomy":"product_cat","embeddable":true,"href":"https:\/\/setsuko.ca\/fr\/wp-json\/wp\/v2\/product_cat?post=7217"},{"taxonomy":"product_tag","embeddable":true,"href":"https:\/\/setsuko.ca\/fr\/wp-json\/wp\/v2\/product_tag?post=7217"}],"curies":[{"name":"wp","href":"https:\/\/api.w.org\/{rel}","templated":true}]}}