{"id":7474,"date":"2024-10-08T21:35:30","date_gmt":"2024-10-09T01:35:30","guid":{"rendered":"https:\/\/ecolesetsuko.ca\/product\/introduction-a-la-therapie-craniosacrale-avec-tony-eng\/"},"modified":"2025-03-03T12:43:12","modified_gmt":"2025-03-03T17:43:12","slug":"introduction-a-la-therapie-craniosacrale-avec-tony-eng","status":"publish","type":"product","link":"https:\/\/setsuko.ca\/fr\/produit\/introduction-a-la-therapie-craniosacrale-avec-tony-eng\/","title":{"rendered":"Introduction \u00e0 la th\u00e9rapie craniosacrale avec Tony Eng"},"content":{"rendered":"<p>Bienvenue \u00e0 notre atelier d&#8217;introduction \u00e0 la th\u00e9rapie craniosacrale, un voyage immersif dans les techniques fondamentales de cette puissante modalit\u00e9 de gu\u00e9rison. Cet atelier, dirig\u00e9 par le th\u00e9rapeute de renom Tony Eng, offre une introduction compl\u00e8te \u00e0 l&#8217;art et \u00e0 la science de la th\u00e9rapie craniosacrale.<\/p>\n<p>Gr\u00e2ce \u00e0 une combinaison d&#8217;enseignement pratique et d&#8217;apprentissage par l&#8217;exp\u00e9rience, vous aurez un aper\u00e7u des principes fondamentaux de la th\u00e9rapie craniosacrale et d\u00e9couvrirez comment un toucher doux peut faciliter une gu\u00e9rison et une restauration profondes dans le corps.<\/p>\n<p>Mais ce n&#8217;est pas tout : cet atelier va au-del\u00e0 des techniques. Vous apprendrez \u00e9galement des techniques d&#8217;auto-assistance pour r\u00e9guler le syst\u00e8me nerveux, ce qui vous permettra de ramener votre corps \u00e0 l&#8217;\u00e9quilibre et \u00e0 l&#8217;harmonie depuis le confort de votre propre maison.<\/p>\n<p>Que vous soyez un praticien chevronn\u00e9 cherchant \u00e0 \u00e9largir sa bo\u00eete \u00e0 outils ou un nouveau venu d\u00e9sireux d&#8217;explorer le monde de la th\u00e9rapie craniosacrale, cet atelier est l&#8217;occasion id\u00e9ale d&#8217;approfondir votre compr\u00e9hension et de lib\u00e9rer le potentiel de transformation de cette modalit\u00e9 \u00e0 la fois douce et puissante. Rejoignez-nous et embarquez pour un voyage vers plus de sant\u00e9, de vitalit\u00e9 et de bien-\u00eatre pour vous-m\u00eame et ceux que vous servez.<\/p>\n","protected":false},"excerpt":{"rendered":"<p>Bienvenue \u00e0 notre atelier d&#8217;introduction \u00e0 la th\u00e9rapie craniosacrale, un voyage immersif dans les techniques fondamentales de cette puissante modalit\u00e9 de gu\u00e9rison. Cet atelier, dirig\u00e9 par le th\u00e9rapeute de renom Tony Eng, offre une introduction compl\u00e8te \u00e0 l&#8217;art et \u00e0 la science de la th\u00e9rapie craniosacrale.<\/p>\n<p>Gr\u00e2ce \u00e0 une combinaison d&#8217;enseignement pratique et d&#8217;apprentissage par l&#8217;exp\u00e9rience, vous aurez un aper\u00e7u des principes fondamentaux de la th\u00e9rapie craniosacrale et d\u00e9couvrirez comment un toucher doux peut faciliter une gu\u00e9rison et une restauration profondes dans le corps.<\/p>\n<p>Mais ce n&#8217;est pas tout : cet atelier va au-del\u00e0 des techniques. Vous apprendrez \u00e9galement des techniques d&#8217;auto-assistance pour r\u00e9guler le syst\u00e8me nerveux, ce qui vous permettra de ramener votre corps \u00e0 l&#8217;\u00e9quilibre et \u00e0 l&#8217;harmonie depuis le confort de votre propre maison.<\/p>\n","protected":false},"featured_media":13980,"template":"","meta":{"_acf_changed":false},"product_brand":[],"product_cat":[440,169,291,97,143],"product_tag":[146,347],"class_list":{"0":"post-7474","1":"product","2":"type-product","3":"status-publish","4":"has-post-thumbnail","6":"product_cat-anglais","7":"product_cat-atelier","8":"product_cat-dorval-west-island-fr","9":"product_cat-en-personne","10":"product_cat-tony-eng-fr","11":"product_tag-craniosacre","12":"product_tag-tony-eng-fr","14":"first","15":"outofstock","16":"sale","17":"virtual","18":"purchasable","19":"product-type-simple"},"acf":[],"_links":{"self":[{"href":"https:\/\/setsuko.ca\/fr\/wp-json\/wp\/v2\/product\/7474","targetHints":{"allow":["GET"]}}],"collection":[{"href":"https:\/\/setsuko.ca\/fr\/wp-json\/wp\/v2\/product"}],"about":[{"href":"https:\/\/setsuko.ca\/fr\/wp-json\/wp\/v2\/types\/product"}],"wp:featuredmedia":[{"embeddable":true,"href":"https:\/\/setsuko.ca\/fr\/wp-json\/wp\/v2\/media\/13980"}],"wp:attachment":[{"href":"https:\/\/setsuko.ca\/fr\/wp-json\/wp\/v2\/media?parent=7474"}],"wp:term":[{"taxonomy":"product_brand","embeddable":true,"href":"https:\/\/setsuko.ca\/fr\/wp-json\/wp\/v2\/product_brand?post=7474"},{"taxonomy":"product_cat","embeddable":true,"href":"https:\/\/setsuko.ca\/fr\/wp-json\/wp\/v2\/product_cat?post=7474"},{"taxonomy":"product_tag","embeddable":true,"href":"https:\/\/setsuko.ca\/fr\/wp-json\/wp\/v2\/product_tag?post=7474"}],"curies":[{"name":"wp","href":"https:\/\/api.w.org\/{rel}","templated":true}]}}