{"id":8064,"date":"2024-06-08T23:40:24","date_gmt":"2024-06-09T03:40:24","guid":{"rendered":"https:\/\/ecolesetsuko.ca\/product\/sports-massage-and-taping-techniques\/"},"modified":"2026-02-23T12:37:33","modified_gmt":"2026-02-23T17:37:33","slug":"sports-massage-and-taping-techniques","status":"publish","type":"product","link":"https:\/\/setsuko.ca\/fr\/produit\/sports-massage-and-taping-techniques\/","title":{"rendered":"Massage sportif et taping : massage sportif g\u00e9n\u00e9ral \u2013 NDG"},"content":{"rendered":"<p>Le massage sportif cible les muscles sollicit\u00e9s par l\u2019\u00e9preuve. Pour les athl\u00e8tes qui s\u2019entra\u00eenent en continu, l\u2019objectif est d\u2019am\u00e9liorer l\u2019endurance, de r\u00e9duire le risque de blessure et de raccourcir le temps n\u00e9cessaire pour r\u00e9cup\u00e9rer apr\u00e8s une \u00e9preuve. Le massage sportif peut aussi \u00eatre utilis\u00e9 en r\u00e9adaptation des blessures. Ce cours abordera l\u2019\u00e9tat d\u2019esprit et les besoins d\u2019un march\u00e9 sp\u00e9cifique, notamment les athl\u00e8tes, les \u00e9quipes sportives et les adeptes de conditionnement physique. Un approfondissement de l\u2019anatomie, des pathologies et des blessures li\u00e9es au sport, incluant des cliniques sur place et supervis\u00e9es, fera partie de ce programme. Du prophylactique au neuroproprioceptif, ces tapings peuvent aider \u00e0 stabiliser une articulation, \u00e0 corriger la posture, \u00e0 activer ou d\u00e9sactiver un muscle et\/ou \u00e0 favoriser le drainage lymphatique.      Pr\u00e9requis : Su\u00e9dois 1, Anatomie 1<\/p>\n<p>Les lundis de 9 h \u00e0 16 h | du 23 au 27 mars 2026<\/p>\n<p>Cr\u00e9dits : 60 h<\/p>\n<p>Jusqu\u2019\u00e0 15 h de stage sur place requis<\/p>\n","protected":false},"excerpt":{"rendered":"<p>Le massage sportif cible les muscles sollicit\u00e9s par l\u2019\u00e9preuve. Pour les athl\u00e8tes qui s\u2019entra\u00eenent en continu, l\u2019objectif est d\u2019am\u00e9liorer l\u2019endurance, de r\u00e9duire le risque de blessure et de raccourcir le temps n\u00e9cessaire pour r\u00e9cup\u00e9rer apr\u00e8s une \u00e9preuve. Le massage sportif peut aussi \u00eatre utilis\u00e9 en r\u00e9adaptation des blessures. Ce cours abordera l\u2019\u00e9tat d\u2019esprit et les besoins d\u2019un march\u00e9 sp\u00e9cifique, notamment les athl\u00e8tes, les \u00e9quipes sportives et les adeptes de conditionnement physique. Un approfondissement de l\u2019anatomie, des pathologies et des blessures li\u00e9es au sport, incluant des cliniques sur place et supervis\u00e9es, fera partie de ce programme. Du prophylactique au neuroproprioceptif, ces tapings peuvent aider \u00e0 stabiliser une articulation, \u00e0 corriger la posture, \u00e0 activer ou d\u00e9sactiver un muscle et\/ou \u00e0 favoriser le drainage lymphatique.     <\/p>\n","protected":false},"featured_media":13978,"template":"","meta":{"_acf_changed":false},"product_brand":[],"product_cat":[439,479,95,97,137,287],"product_tag":[],"class_list":{"0":"post-8064","1":"product","2":"type-product","3":"status-publish","4":"has-post-thumbnail","6":"product_cat-bilingue","7":"product_cat-clinical-massage","8":"product_cat-cours","9":"product_cat-en-personne","10":"product_cat-michelle-beckles-fr","11":"product_cat-qe-ndg-fr","13":"first","14":"instock","15":"virtual","16":"purchasable","17":"product-type-simple"},"acf":[],"_links":{"self":[{"href":"https:\/\/setsuko.ca\/fr\/wp-json\/wp\/v2\/product\/8064","targetHints":{"allow":["GET"]}}],"collection":[{"href":"https:\/\/setsuko.ca\/fr\/wp-json\/wp\/v2\/product"}],"about":[{"href":"https:\/\/setsuko.ca\/fr\/wp-json\/wp\/v2\/types\/product"}],"wp:featuredmedia":[{"embeddable":true,"href":"https:\/\/setsuko.ca\/fr\/wp-json\/wp\/v2\/media\/13978"}],"wp:attachment":[{"href":"https:\/\/setsuko.ca\/fr\/wp-json\/wp\/v2\/media?parent=8064"}],"wp:term":[{"taxonomy":"product_brand","embeddable":true,"href":"https:\/\/setsuko.ca\/fr\/wp-json\/wp\/v2\/product_brand?post=8064"},{"taxonomy":"product_cat","embeddable":true,"href":"https:\/\/setsuko.ca\/fr\/wp-json\/wp\/v2\/product_cat?post=8064"},{"taxonomy":"product_tag","embeddable":true,"href":"https:\/\/setsuko.ca\/fr\/wp-json\/wp\/v2\/product_tag?post=8064"}],"curies":[{"name":"wp","href":"https:\/\/api.w.org\/{rel}","templated":true}]}}