{"id":8228,"date":"2024-08-16T01:52:03","date_gmt":"2024-08-16T05:52:03","guid":{"rendered":"https:\/\/ecolesetsuko.ca\/product\/mirroring-and-imaging-advanced-workshop\/"},"modified":"2024-10-03T17:28:11","modified_gmt":"2024-10-03T21:28:11","slug":"mirroring-and-imaging-advanced-workshop","status":"publish","type":"product","link":"https:\/\/setsuko.ca\/fr\/produit\/mirroring-and-imaging-advanced-workshop\/","title":{"rendered":"Mirroring and Imaging \u2013 Advanced Workshop"},"content":{"rendered":"<p>Apprenez une nouvelle fa\u00e7on de travailler avec les disharmonies du corps inspir\u00e9e de la m\u00e9thode du Dr Tan adapt\u00e9e \u00e0 l&#8217;acupression. Elle est bas\u00e9e sur la th\u00e9orie des m\u00e9ridiens et le traitement contre lat\u00e9ral. Seuls les points distaux sont utilis\u00e9s, choisis en d\u00e9terminant le m\u00e9ridien &#8220;malade&#8221; et en utilisant les 5 syst\u00e8mes et la technique du miroir et de l&#8217;image, principalement s\u00e9lectionn\u00e9s dans la zone dynamique. Il fournit des r\u00e9sultats imm\u00e9diats et mesurables, et constitue un excellent compl\u00e9ment \u00e0 vos approches th\u00e9rapeutiques.<\/p>\n<p>Pr\u00e9-requis : Connaissance des syst\u00e8mes de m\u00e9ridiens de la MTC ou \u00e9tudiant en acupression ou en shiatsu.<\/p>\n<p>Enseignante : Marjorie Silcolff<\/p>\n<p>Date : 10 sept. 2024 \u00e0 10h00 10 septembre 2024 \u00e0 10h \u2013 16h<\/p>\n<p>Cr\u00e9dits : 15<\/p>\n","protected":false},"excerpt":{"rendered":"<p>Apprenez une nouvelle fa\u00e7on de travailler avec les disharmonies du corps inspir\u00e9e de la m\u00e9thode du Dr Tan adapt\u00e9e \u00e0 l&#8217;acupression. Elle est bas\u00e9e sur la th\u00e9orie des m\u00e9ridiens et le traitement contre lat\u00e9ral. Seuls les points distaux sont utilis\u00e9s, choisis en d\u00e9terminant le m\u00e9ridien &#8220;malade&#8221; et en utilisant les 5 syst\u00e8mes et la technique du miroir et de l&#8217;image, principalement s\u00e9lectionn\u00e9s dans la zone dynamique. Il fournit des r\u00e9sultats imm\u00e9diats et mesurables, et constitue un excellent compl\u00e9ment \u00e0 vos approches th\u00e9rapeutiques.<\/p>\n<p>Pr\u00e9-requis : Connaissance des syst\u00e8mes de m\u00e9ridiens de la MTC ou \u00e9tudiant en acupression ou en shiatsu.<\/p>\n<p>Enseignante : Marjorie Silcolff<\/p>\n<p>Date : 10 sept. 2024 \u00e0 10h00 10 septembre 2024 \u00e0 10h \u2013 16h<\/p>\n<p>Cr\u00e9dits : 15<\/p>\n","protected":false},"featured_media":13998,"template":"","meta":{"_acf_changed":false},"product_brand":[],"product_cat":[440,169,95,97,138,287],"product_tag":[],"class_list":{"0":"post-8228","1":"product","2":"type-product","3":"status-publish","4":"has-post-thumbnail","6":"product_cat-anglais","7":"product_cat-atelier","8":"product_cat-cours","9":"product_cat-en-personne","10":"product_cat-marjorie-silcoff-fr","11":"product_cat-qe-ndg-fr","13":"first","14":"instock","15":"virtual","16":"purchasable","17":"product-type-simple"},"acf":[],"_links":{"self":[{"href":"https:\/\/setsuko.ca\/fr\/wp-json\/wp\/v2\/product\/8228","targetHints":{"allow":["GET"]}}],"collection":[{"href":"https:\/\/setsuko.ca\/fr\/wp-json\/wp\/v2\/product"}],"about":[{"href":"https:\/\/setsuko.ca\/fr\/wp-json\/wp\/v2\/types\/product"}],"wp:featuredmedia":[{"embeddable":true,"href":"https:\/\/setsuko.ca\/fr\/wp-json\/wp\/v2\/media\/13998"}],"wp:attachment":[{"href":"https:\/\/setsuko.ca\/fr\/wp-json\/wp\/v2\/media?parent=8228"}],"wp:term":[{"taxonomy":"product_brand","embeddable":true,"href":"https:\/\/setsuko.ca\/fr\/wp-json\/wp\/v2\/product_brand?post=8228"},{"taxonomy":"product_cat","embeddable":true,"href":"https:\/\/setsuko.ca\/fr\/wp-json\/wp\/v2\/product_cat?post=8228"},{"taxonomy":"product_tag","embeddable":true,"href":"https:\/\/setsuko.ca\/fr\/wp-json\/wp\/v2\/product_tag?post=8228"}],"curies":[{"name":"wp","href":"https:\/\/api.w.org\/{rel}","templated":true}]}}