{"id":8342,"date":"2023-08-05T09:59:28","date_gmt":"2023-08-05T13:59:28","guid":{"rendered":"https:\/\/ecolesetsuko.ca\/product\/business-and-marketing\/"},"modified":"2024-10-03T17:28:12","modified_gmt":"2024-10-03T21:28:12","slug":"business-and-marketing","status":"publish","type":"product","link":"https:\/\/setsuko.ca\/fr\/produit\/business-and-marketing\/","title":{"rendered":"Business and Marketing"},"content":{"rendered":"<p>D\u00e9couvrez les secrets de la cr\u00e9ation d&#8217;une entreprise de massoth\u00e9rapie prosp\u00e8re gr\u00e2ce \u00e0 notre cours complet con\u00e7u sp\u00e9cialement pour les massoth\u00e9rapeutes. Ce cours couvre des sujets essentiels tels que la publicit\u00e9, l&#8217;image de marque, le marketing et la d\u00e9finition de VOUS. Apprenez \u00e0 cr\u00e9er des publicit\u00e9s convaincantes, \u00e0 d\u00e9velopper une identit\u00e9 de marque forte et \u00e0 \u00e9laborer un plan de marketing complet pour attirer et fid\u00e9liser les clients. D\u00e9couvrez vos points forts et vos sp\u00e9cialit\u00e9s, et gagnez en confiance pour vous pr\u00e9senter de mani\u00e8re efficace. Que vous d\u00e9butiez ou que vous cherchiez \u00e0 am\u00e9liorer votre pratique, ce cours vous fournira les outils et les strat\u00e9gies n\u00e9cessaires pour d\u00e9velopper votre activit\u00e9.<\/p>\n","protected":false},"excerpt":{"rendered":"<p>D\u00e9couvrez les secrets de la cr\u00e9ation d&#8217;une entreprise de massoth\u00e9rapie prosp\u00e8re gr\u00e2ce \u00e0 notre cours complet con\u00e7u sp\u00e9cialement pour les massoth\u00e9rapeutes. Ce cours couvre des sujets essentiels tels que la publicit\u00e9, l&#8217;image de marque, le marketing et la d\u00e9finition de VOUS. Apprenez \u00e0 cr\u00e9er des publicit\u00e9s convaincantes, \u00e0 d\u00e9velopper une identit\u00e9 de marque forte et \u00e0 \u00e9laborer un plan de marketing complet pour attirer et fid\u00e9liser les clients. D\u00e9couvrez vos points forts et vos sp\u00e9cialit\u00e9s, et gagnez en confiance pour vous pr\u00e9senter de mani\u00e8re efficace. Que vous d\u00e9butiez ou que vous cherchiez \u00e0 am\u00e9liorer votre pratique, ce cours vous fournira les outils et les strat\u00e9gies n\u00e9cessaires pour d\u00e9velopper votre activit\u00e9.<\/p>\n","protected":false},"featured_media":14002,"template":"","meta":{"_acf_changed":false},"product_brand":[],"product_cat":[360,95,339],"product_tag":[],"class_list":{"0":"post-8342","1":"product","2":"type-product","3":"status-publish","4":"has-post-thumbnail","6":"product_cat-annasara-geva-fr","7":"product_cat-cours","8":"product_cat-en-ligne-fr","10":"first","11":"outofstock","12":"shipping-taxable","13":"purchasable","14":"product-type-simple"},"acf":[],"_links":{"self":[{"href":"https:\/\/setsuko.ca\/fr\/wp-json\/wp\/v2\/product\/8342","targetHints":{"allow":["GET"]}}],"collection":[{"href":"https:\/\/setsuko.ca\/fr\/wp-json\/wp\/v2\/product"}],"about":[{"href":"https:\/\/setsuko.ca\/fr\/wp-json\/wp\/v2\/types\/product"}],"wp:featuredmedia":[{"embeddable":true,"href":"https:\/\/setsuko.ca\/fr\/wp-json\/wp\/v2\/media\/14002"}],"wp:attachment":[{"href":"https:\/\/setsuko.ca\/fr\/wp-json\/wp\/v2\/media?parent=8342"}],"wp:term":[{"taxonomy":"product_brand","embeddable":true,"href":"https:\/\/setsuko.ca\/fr\/wp-json\/wp\/v2\/product_brand?post=8342"},{"taxonomy":"product_cat","embeddable":true,"href":"https:\/\/setsuko.ca\/fr\/wp-json\/wp\/v2\/product_cat?post=8342"},{"taxonomy":"product_tag","embeddable":true,"href":"https:\/\/setsuko.ca\/fr\/wp-json\/wp\/v2\/product_tag?post=8342"}],"curies":[{"name":"wp","href":"https:\/\/api.w.org\/{rel}","templated":true}]}}