{"id":8364,"date":"2023-10-02T10:00:10","date_gmt":"2023-10-02T14:00:10","guid":{"rendered":"https:\/\/ecolesetsuko.ca\/product\/soul-to-cell\/"},"modified":"2024-10-21T07:57:18","modified_gmt":"2024-10-21T11:57:18","slug":"soul-to-cell","status":"publish","type":"product","link":"https:\/\/setsuko.ca\/fr\/produit\/soul-to-cell\/","title":{"rendered":"Soul to Cell"},"content":{"rendered":"<p>Anatomie de l&#8217;\u00e2me : Cultiver l&#8217;intuition et la sagesse int\u00e9rieure avec Paule Guerard<\/p>\n<p>Ce cours transformateur vous guide \u00e0 travers la connexion profonde entre l&#8217;humanit\u00e9 et la plan\u00e8te Terre, tout en se concentrant sur le d\u00e9veloppement d&#8217;une v\u00e9ritable intuition. Vous d\u00e9couvrirez comment discerner l&#8217;intuition authentique de l&#8217;illusion, et obtiendrez des outils pour faire confiance \u00e0 votre voix int\u00e9rieure. Vous plongerez dans le champ \u00e9nerg\u00e9tique du corps humain, l&#8217;\u00e9quilibre des cinq syst\u00e8mes et le r\u00f4le des chakras, des glandes et des articulations. En comprenant la m\u00e9moire, le karma et la conscience quantique, vous apprendrez \u00e0 travailler avec l&#8217;intuition, \u00e0 gu\u00e9rir par l&#8217;\u00e9nergie et \u00e0 d\u00e9velopper votre discernement pour naviguer avec clart\u00e9 dans les domaines spirituel et physique.<\/p>\n<p>Notre existence est \u00e0 la fois visible et invisible. Alors que le corps, compos\u00e9 de milliards de cellules, peut \u00eatre \u00e9tudi\u00e9 et diss\u00e9qu\u00e9, l&#8217;\u00e2me reste un myst\u00e8re. Ce cours guide les \u00e9tudiants dans le d\u00e9veloppement de leur intuition, pr\u00e9sent\u00e9e comme un syst\u00e8me de navigation capable de percevoir les r\u00e9alit\u00e9s lin\u00e9aires et liminales. A travers des sujets tels que *Le corps en tant qu&#8217;univers*, *Les chakras en tant que principes universels*, *Les quatre \u00e9l\u00e9ments en tant qu&#8217;initiations*, et *La num\u00e9rologie spirituelle*, les \u00e9tudiants exploreront comment acc\u00e9der \u00e0 une sagesse plus profonde. Apprenez \u00e0 utiliser les r\u00eaves, l&#8217;aura, les couleurs et vos sens comme outils d&#8217;intuition, en reliant la m\u00e9moire aux vies ant\u00e9rieures et au-del\u00e0.<\/p>\n<p>Cet atelier est id\u00e9al pour les personnes qui<\/p>\n<p>cherchent \u00e0 approfondir leur connexion avec leur intuition et leur sagesse int\u00e9rieure<br \/>\nS&#8217;int\u00e9ressent aux pratiques de gu\u00e9rison holistique qui int\u00e8grent le corps, l&#8217;\u00e2me et l&#8217;esprit<br \/>\nLes praticiens du travail \u00e9nerg\u00e9tique, du travail corporel ou des th\u00e9rapies alternatives qui souhaitent am\u00e9liorer leur compr\u00e9hension des chakras, des champs \u00e9nerg\u00e9tiques et des principes spirituels.<br \/>\nLes personnes curieuses de conna\u00eetre la relation entre le corps physique et l&#8217;\u00e2me, et de savoir comment acc\u00e9der \u00e0 des niveaux de conscience plus profonds.<br \/>\nLes personnes en voie de d\u00e9veloppement personnel qui souhaitent explorer des sujets tels que le karma, les vies ant\u00e9rieures et la num\u00e9rologie spirituelle.<br \/>\nCeux qui cherchent \u00e0 d\u00e9velopper leur discernement et \u00e0 apprendre \u00e0 faire la diff\u00e9rence entre l&#8217;intuition v\u00e9ritable et l&#8217;illusion.<br \/>\nDate : sam\/dim 2 et 3 novembre 2024<\/p>\n<p>Lieu : 1564 Chem : 1564 Chem. Herron Suite 206, Dorval, QC H9S 1B7<\/p>\n<p>&nbsp;<\/p>\n","protected":false},"excerpt":{"rendered":"<p>Notre existence est \u00e0 la fois visible et invisible. Notre \u00e2me ne peut \u00eatre diss\u00e9qu\u00e9e et inspect\u00e9e, tandis que notre corps, compos\u00e9 de milliards de cellules, peut \u00eatre d\u00e9coup\u00e9 et \u00e9tudi\u00e9. Nous sommes n\u00e9s d&#8217;un myst\u00e8re&#8230; Ce cours propose d&#8217;aider les \u00e9tudiants \u00e0 d\u00e9velopper leur intuition, qui est pr\u00e9sent\u00e9e comme un syst\u00e8me de navigation capable de percevoir \u00e0 la fois de mani\u00e8re lin\u00e9aire et liminale. Le cours abordera des sujets tels que : le corps en tant qu&#8217;univers ; les syst\u00e8mes corporels et les chakras en tant que principes universels ; les quatre \u00e9l\u00e9ments en tant qu&#8217;initiations ; les douze lois universelles ; la num\u00e9rologie spirituelle en tant qu&#8217;outils intuitifs ; les r\u00eaves en tant que pont vers le collectif ; l&#8217;aura en tant qu&#8217;outil de diagnostic ; les couleurs et leurs influences ; nos cinq sens en tant que serviteurs de notre intuition ; la m\u00e9moire et son lien avec nos vies ant\u00e9rieures.<\/p>\n","protected":false},"featured_media":13941,"template":"","meta":{"_acf_changed":false},"product_brand":[],"product_cat":[169,95,339,97,481,141],"product_tag":[],"class_list":{"0":"post-8364","1":"product","2":"type-product","3":"status-publish","4":"has-post-thumbnail","6":"product_cat-atelier","7":"product_cat-cours","8":"product_cat-en-ligne-fr","9":"product_cat-en-personne","10":"product_cat-holistic-therapies","11":"product_cat-paule-guerard-fr","13":"first","14":"outofstock","15":"sale","16":"virtual","17":"purchasable","18":"product-type-simple"},"acf":[],"_links":{"self":[{"href":"https:\/\/setsuko.ca\/fr\/wp-json\/wp\/v2\/product\/8364","targetHints":{"allow":["GET"]}}],"collection":[{"href":"https:\/\/setsuko.ca\/fr\/wp-json\/wp\/v2\/product"}],"about":[{"href":"https:\/\/setsuko.ca\/fr\/wp-json\/wp\/v2\/types\/product"}],"wp:featuredmedia":[{"embeddable":true,"href":"https:\/\/setsuko.ca\/fr\/wp-json\/wp\/v2\/media\/13941"}],"wp:attachment":[{"href":"https:\/\/setsuko.ca\/fr\/wp-json\/wp\/v2\/media?parent=8364"}],"wp:term":[{"taxonomy":"product_brand","embeddable":true,"href":"https:\/\/setsuko.ca\/fr\/wp-json\/wp\/v2\/product_brand?post=8364"},{"taxonomy":"product_cat","embeddable":true,"href":"https:\/\/setsuko.ca\/fr\/wp-json\/wp\/v2\/product_cat?post=8364"},{"taxonomy":"product_tag","embeddable":true,"href":"https:\/\/setsuko.ca\/fr\/wp-json\/wp\/v2\/product_tag?post=8364"}],"curies":[{"name":"wp","href":"https:\/\/api.w.org\/{rel}","templated":true}]}}