{"id":8398,"date":"2023-08-18T12:10:51","date_gmt":"2023-08-18T16:10:51","guid":{"rendered":"https:\/\/ecolesetsuko.ca\/product\/lart-du-toucher-transformationnel\/"},"modified":"2026-02-23T13:11:20","modified_gmt":"2026-02-23T18:11:20","slug":"lart-du-toucher-transformationnel","status":"publish","type":"product","link":"https:\/\/setsuko.ca\/fr\/produit\/lart-du-toucher-transformationnel\/","title":{"rendered":"Art of Transformational Touch"},"content":{"rendered":"<h2>Ce cours va changer la fa\u00e7on dont nous vivons le travail corporel \u00e0 Montr\u00e9al.<\/h2>\n<p>L\u2019approche multidimensionnelle cr\u00e9\u00e9e par Tracey Windmill, juge internationale de massage de renomm\u00e9e mondiale, n\u2019est pas qu\u2019un simple massage : c\u2019est une exp\u00e9rience qui aide \u00e0 connecter le corps et l\u2019esprit pour permettre au c\u0153ur de s\u2019ouvrir \u00e0 son propre processus. Elle permet l\u2019exploration et l\u2019expression somatiques. Le travail corporel ne concerne pas uniquement le corps, c\u2019est une exp\u00e9rience psychosomatique qui aide \u00e0 lib\u00e9rer des \u00e9motions ou des exp\u00e9riences stock\u00e9es, inexprim\u00e9es et parfois ignor\u00e9es, dans un espace de l\u00e2cher-prise s\u00e9curisant. Le corps sait souvent mieux, et l\u2019esprit fait souvent obstacle.   <\/p>\n<p>Voici un bref aper\u00e7u de Tracey Windmill, l\u2019enseignante de l\u2019atelier :<\/p>\n<ul>\n<li>Fondatrice d\u2019Art of Transformational Touch<\/li>\n<li>M\u00e9daill\u00e9e d\u2019argent 2018 aux Championnats du monde de massage<\/li>\n<li>M\u00e9daill\u00e9e d\u2019argent 2023 aux Championnats de massage du Colorado\/Rocky Mountain<\/li>\n<li>Instructrice de Dynamic Flow Massage et de travail corporel multidimensionnel<\/li>\n<li>Cr\u00e9atrice de Sarga Silks<\/li>\n<li>Enseignante agr\u00e9\u00e9e par l\u2019International Massage Association<\/li>\n<li>Praticienne certifi\u00e9e Phenomenal Touch Master Practitioner\u00ae<\/li>\n<li>Juge de comp\u00e9titions internationales de massage (@artoftransformationaltouch)<\/li>\n<\/ul>\n<p>Si vous \u00eates massoth\u00e9rapeute \u00e0 Montr\u00e9al et dans les environs, ce cours de 2 jours vous aidera \u00e0 \u00e9lever l\u2019art de combiner diff\u00e9rentes comp\u00e9tences et techniques pour aider vos clients \u00e0 s\u2019abandonner en toute confiance \u00e0 leur exp\u00e9rience. Connecter l\u2019esprit, le corps et l\u2019\u00e2me par le massage, le mouvement et le flux, cr\u00e9ant ainsi une circulation \u00e0 travers les diff\u00e9rents syst\u00e8mes, est un privil\u00e8ge. Les r\u00e9sultats peuvent \u00eatre v\u00e9ritablement transformationnels \u00e0 bien des niveaux. Un m\u00e9lange unique et global de massage des tissus profonds, de mobilit\u00e9, d\u2019\u00e9tirements dynamiques, de sarga, de tha\u00ef et bien plus encore, r\u00e9pondant aux besoins du client et aidant les massoth\u00e9rapeutes \u00e0 utiliser le poids et l\u2019\u00e9nergie du client pour \u00e9viter une fatigue physique inutile aux deux parties. Un grand merci \u00e0 @ecolesetsuko pour l\u2019accueil de cet \u00e9v\u00e9nement passionnant.    <\/p>\n<p><strong>Pour qui ?<\/strong> Cet atelier de 2 jours s\u2019adresse aux massoth\u00e9rapeutes avanc\u00e9s ayant une bonne exp\u00e9rience et une compr\u00e9hension de base du corps, pr\u00eats \u00e0 s\u2019immerger dans la cr\u00e9ation de leur propre massage signature combinant 5 positions du client et les 7 charni\u00e8res du corps avec fluidit\u00e9 et gr\u00e2ce.<br \/>\nL\u2019enseignante de l\u2019atelier est Tracey Windmill et vous trouverez plus de d\u00e9tails sur elle et son travail sur <a href=\"https:\/\/artoftransformationaltouch.com\/about\" target=\"_blank\" rel=\"noopener\">\u00c0 propos \u2014 Dynamic Flow Massage (artoftransformationaltouch.com)<\/a><\/p>\n<p><strong>Quoi ?<\/strong> Un atelier de 2 jours pour apprendre une approche multidimensionnelle du travail corporel avec Tracey Windmill, laur\u00e9ate et juge internationale de massage de renomm\u00e9e mondiale.<\/p>\n<p><strong>O\u00f9&nbsp;?<\/strong> L\u2019\u00c9cole Setsuko a gracieusement propos\u00e9 d\u2019accueillir l\u2019atelier dans l\u2019un de ses 2 \u00e9tablissements. \u00c9COLE SETSUKO | DORVAL 1564 Chem Herron #206, Dorval, H9S 1C5 <\/p>\n<p><strong>Comment&nbsp;?<\/strong> Vous pouvez vous inscrire en cliquant sur ce lien,<\/p>\n<p><strong><a href=\"https:\/\/artoftransformationaltouch.com\/foundationsofmultidimensionalclassmontreal\" target=\"_blank\" rel=\"nofollow noopener\">Art of Transformational Touch \u2013 R\u00e9servation (bookeo.com)<\/a><\/strong><\/p>\n<p><strong>Pr\u00e9requis :<\/strong> Th\u00e9rapeute en travail corporel, somatique ou massoth\u00e9rapeute<\/p>\n<p>Dans le cours \u00ab Unraveling the Body, A Multi dimensional Approach \u00bb, vous serez initi\u00e9 aux fondamentaux de ce travail transformationnel, o\u00f9 les \u00ab techniques multidimensionnelles \u00bb vous aideront \u00e0 utiliser le moins d\u2019effort possible pour que votre travail soit \u00e9l\u00e9gant et gracieux.<\/p>\n<p>Vous apprendrez l\u2019art de l\u2019\u00e9coute profonde du corps qui permet un d\u00e9ploiement organique en utilisant les 5 positions du client (d\u00e9cubitus dorsal, procubitus, assis, d\u00e9cubitus lat\u00e9ral et f\u0153tal), combin\u00e9es aux 7 charni\u00e8res du corps ; cela cr\u00e9e un mouvement fluide qui permet une expansion au sein du corps du client. Ce cours vous aidera \u00e0 travailler sur votre client en utilisant une combinaison sp\u00e9cifique de techniques de tissus profonds et d\u2019\u00e9tirements dynamiques. <\/p>\n<p>Il vous apportera une nouvelle compr\u00e9hension des capacit\u00e9s du corps de vos clients tout en cr\u00e9ant des changements neurologiques durables, permettant \u00e0 votre client d\u2019identifier et\/ou de lib\u00e9rer les tensions accumul\u00e9es et les blocages \u00e9motionnels de mani\u00e8re puissante et plus efficace.<\/p>\n<p>Il ne s\u2019agit pas seulement d\u2019apprendre une nouvelle technique de massage, ce cours vous montrera comment cr\u00e9er votre propre style signature qui est plus qu\u2019un simple massage et vous permettra de proposer un voyage profond \u00e0 vos clients ainsi qu\u2019une relaxation du corps, de l\u2019esprit et de l\u2019\u00e2me.<\/p>\n","protected":false},"excerpt":{"rendered":"<p>L\u2019approche multidimensionnelle cr\u00e9\u00e9e par Tracey Windmill, juge internationale de massage de renomm\u00e9e mondiale, n\u2019est pas qu\u2019un simple massage : c\u2019est une exp\u00e9rience qui aide \u00e0 connecter le corps et l\u2019esprit pour permettre au c\u0153ur de s\u2019ouvrir \u00e0 son propre processus. Elle permet l\u2019exploration et l\u2019expression somatiques. Le travail corporel ne concerne pas uniquement le corps, c\u2019est une exp\u00e9rience psychosomatique qui aide \u00e0 lib\u00e9rer des \u00e9motions ou des exp\u00e9riences stock\u00e9es, inexprim\u00e9es et parfois ignor\u00e9es, dans un espace de l\u00e2cher-prise s\u00e9curisant. Le corps sait souvent mieux, et l\u2019esprit fait souvent obstacle. <strong>IMPORTANT : <a href=\"https:\/\/artoftransformationaltouch.com\/foundationsofmultidimensionalclassmontreal\" target=\"_blank\" rel=\"noopener\">Utilisez ce lien pour vous inscrire<\/a><\/strong>   <\/p>\n","protected":false},"featured_media":14006,"template":"","meta":{"_acf_changed":false},"product_brand":[],"product_cat":[440,169,479,291,97,481,525],"product_tag":[],"class_list":{"0":"post-8398","1":"product","2":"type-product","3":"status-publish","4":"has-post-thumbnail","6":"product_cat-anglais","7":"product_cat-atelier","8":"product_cat-clinical-massage","9":"product_cat-dorval-west-island-fr","10":"product_cat-en-personne","11":"product_cat-holistic-therapies","12":"product_cat-tracey-windmill","14":"first","15":"outofstock","16":"virtual","17":"purchasable","18":"product-type-simple"},"acf":[],"_links":{"self":[{"href":"https:\/\/setsuko.ca\/fr\/wp-json\/wp\/v2\/product\/8398","targetHints":{"allow":["GET"]}}],"collection":[{"href":"https:\/\/setsuko.ca\/fr\/wp-json\/wp\/v2\/product"}],"about":[{"href":"https:\/\/setsuko.ca\/fr\/wp-json\/wp\/v2\/types\/product"}],"wp:featuredmedia":[{"embeddable":true,"href":"https:\/\/setsuko.ca\/fr\/wp-json\/wp\/v2\/media\/14006"}],"wp:attachment":[{"href":"https:\/\/setsuko.ca\/fr\/wp-json\/wp\/v2\/media?parent=8398"}],"wp:term":[{"taxonomy":"product_brand","embeddable":true,"href":"https:\/\/setsuko.ca\/fr\/wp-json\/wp\/v2\/product_brand?post=8398"},{"taxonomy":"product_cat","embeddable":true,"href":"https:\/\/setsuko.ca\/fr\/wp-json\/wp\/v2\/product_cat?post=8398"},{"taxonomy":"product_tag","embeddable":true,"href":"https:\/\/setsuko.ca\/fr\/wp-json\/wp\/v2\/product_tag?post=8398"}],"curies":[{"name":"wp","href":"https:\/\/api.w.org\/{rel}","templated":true}]}}