{"id":9075,"date":"2023-12-04T16:52:13","date_gmt":"2023-12-04T21:52:13","guid":{"rendered":"https:\/\/ecolesetsuko.ca\/?post_type=product&#038;p=9075"},"modified":"2026-02-10T14:51:49","modified_gmt":"2026-02-10T19:51:49","slug":"techniques-de-tissus-profonds-copy","status":"publish","type":"product","link":"https:\/\/setsuko.ca\/fr\/produit\/techniques-de-tissus-profonds-copy\/","title":{"rendered":"Atelier sur les techniques des tissus profonds \u2013 Dorval"},"content":{"rendered":"<p>D\u00e9couvrez l\u2019art des techniques des tissus profonds dans notre atelier stimulant. Con\u00e7u pour les massoth\u00e9rapeutes et les praticiens du travail corporel qui cherchent \u00e0 approfondir leurs comp\u00e9tences, ce cours pratique explore les techniques de massage avanc\u00e9es pour traiter les tensions musculaires chroniques, les blessures, les adh\u00e9rences et le r\u00e9alignement des couches musculaires et des tissus conjonctifs plus profonds du corps. . Apprenez \u00e0 appliquer une pression et une friction cibl\u00e9es pour acc\u00e9der aux couches de tissus plus profondes, favorisant ainsi le soulagement, la flexibilit\u00e9 et l\u2019am\u00e9lioration de la circulation. Am\u00e9liorez vos comp\u00e9tences th\u00e9rapeutiques et offrez \u00e0 vos clients un soulagement cibl\u00e9 et des avantages durables.<\/p>\n<p>Date : 4, 5, 18 et 19 janvier 2025<\/p>\n<p>Adresse : 1564, chemin Herron, bureau 206, Dorval (Qu\u00e9bec) H9S 1C5<\/p>\n<p>Cr\u00e9dits : 60<\/p>\n<p>Pr\u00e9requis : Su\u00e9dois niveau I<\/p>\n","protected":false},"excerpt":{"rendered":"<p>D\u00e9couvrez l\u2019art des techniques des tissus profonds dans notre atelier stimulant. Con\u00e7u pour les massoth\u00e9rapeutes et les praticiens du travail corporel qui cherchent \u00e0 approfondir leurs comp\u00e9tences, ce cours pratique explore les techniques de massage avanc\u00e9es pour traiter les tensions musculaires chroniques, les blessures, les adh\u00e9rences et le r\u00e9alignement des couches musculaires et des tissus conjonctifs plus profonds du corps. Apprenez \u00e0 appliquer une pression et une friction cibl\u00e9es pour acc\u00e9der aux couches de tissus plus profondes, favorisant ainsi le soulagement, la flexibilit\u00e9 et l\u2019am\u00e9lioration de la circulation. Am\u00e9liorez vos comp\u00e9tences th\u00e9rapeutiques et offrez \u00e0 vos clients un soulagement cibl\u00e9 et des avantages durables.<\/p>\n","protected":false},"featured_media":13866,"template":"","meta":{"_acf_changed":false},"product_brand":[],"product_cat":[95,169,291,97,137],"product_tag":[],"class_list":{"0":"post-9075","1":"product","2":"type-product","3":"status-publish","4":"has-post-thumbnail","6":"product_cat-cours","7":"product_cat-atelier","8":"product_cat-dorval-west-island-fr","9":"product_cat-en-personne","10":"product_cat-michelle-beckles-fr","12":"first","13":"outofstock","14":"sale","15":"virtual","16":"purchasable","17":"product-type-simple"},"acf":[],"_links":{"self":[{"href":"https:\/\/setsuko.ca\/fr\/wp-json\/wp\/v2\/product\/9075","targetHints":{"allow":["GET"]}}],"collection":[{"href":"https:\/\/setsuko.ca\/fr\/wp-json\/wp\/v2\/product"}],"about":[{"href":"https:\/\/setsuko.ca\/fr\/wp-json\/wp\/v2\/types\/product"}],"wp:featuredmedia":[{"embeddable":true,"href":"https:\/\/setsuko.ca\/fr\/wp-json\/wp\/v2\/media\/13866"}],"wp:attachment":[{"href":"https:\/\/setsuko.ca\/fr\/wp-json\/wp\/v2\/media?parent=9075"}],"wp:term":[{"taxonomy":"product_brand","embeddable":true,"href":"https:\/\/setsuko.ca\/fr\/wp-json\/wp\/v2\/product_brand?post=9075"},{"taxonomy":"product_cat","embeddable":true,"href":"https:\/\/setsuko.ca\/fr\/wp-json\/wp\/v2\/product_cat?post=9075"},{"taxonomy":"product_tag","embeddable":true,"href":"https:\/\/setsuko.ca\/fr\/wp-json\/wp\/v2\/product_tag?post=9075"}],"curies":[{"name":"wp","href":"https:\/\/api.w.org\/{rel}","templated":true}]}}