{"id":9142,"date":"2023-09-24T09:03:22","date_gmt":"2023-09-24T13:03:22","guid":{"rendered":"https:\/\/ecolesetsuko.ca\/?post_type=product&#038;p=9142"},"modified":"2026-02-10T14:50:16","modified_gmt":"2026-02-10T19:50:16","slug":"sound-therapy-1-les-lecons-semi-privees-sont-disponibles-contactez-lecole-pour-reserver-copy","status":"publish","type":"product","link":"https:\/\/setsuko.ca\/fr\/produit\/sound-therapy-1-les-lecons-semi-privees-sont-disponibles-contactez-lecole-pour-reserver-copy\/","title":{"rendered":"Sonoth\u00e9rapie 1 \u2013 Dorval"},"content":{"rendered":"<h4>*Cours semi-priv\u00e9s disponibles, contactez-nous pour r\u00e9server<\/h4>\n<p>La th\u00e9rapie sonore fonctionne avec des diapasons musicaux en aluminium et en acier inoxydable. La lumi\u00e8re, la couleur et le son sont des partenaires dans la hi\u00e9rarchie du processus cr\u00e9atif. Les sons harmoniques, audibles et vibratoires, peuvent localiser et r\u00e9soudre les disharmonies \u00e9nerg\u00e9tiques. Cette modalit\u00e9 favorise l&#8217;\u00e9quilibre et est compl\u00e9mentaire \u00e0 d&#8217;autres mesures th\u00e9rapeutiques. C&#8217;est une m\u00e9thode de travail douce et agr\u00e9able qui peut ouvrir de nouveaux horizons fascinants dans le domaine du travail subtil. Aucun pr\u00e9requis n\u2019est exig\u00e9; il peut \u00eatre suivi seul ou dans le cadre du certificat complet.<\/p>\n<p>Date : 24 nov. et 1er d\u00e9c. 2024 de 10 h \u00e0 17 h<\/p>\n<p>Adresse : 1564, chemin Herron, bureau 206, Dorval (Qu\u00e9bec) H9S 1C5<\/p>\n<p>Cr\u00e9dits : 30<\/p>\n<p>Pr\u00e9requis : int\u00e9r\u00eat g\u00e9n\u00e9ral, massoth\u00e9rapeute, travail corporel ou pratique du yoga \/ somatique<\/p>\n<p>Pour obtenir le certificat complet en th\u00e9rapie par le son :<a href=\"https:\/\/setsuko.ca\/sound-therapy-diploma\/\"> https:\/\/setsuko.ca\/product\/sound-therapy-certificate\/<\/a><\/p>\n<p>For a Sound Therapy demonstration: <a href=\"https:\/\/www.youtube.com\/watch?v=5n65CUsTAvQ\" target=\"_blank\" rel=\"noopener\">https:\/\/www.youtube.com\/watch?v=5n65CUsTAvQ<\/a><\/p>\n<p><span style=\"text-decoration: underline;\">Pr\u00e9commandez vos diapasons ici :<\/span><\/p>\n<p><a href=\"https:\/\/setsuko.ca\/product\/l1-biosonic-body-tuners-c-g-tuning-fork-high-c-4096\/\">L1&nbsp;: BioSonic Body Tuners C\/G + diapason \u2013 Do aigu (4096)<\/a><\/p>\n<p><a href=\"https:\/\/setsuko.ca\/product\/l2-stainless-steel-chakra-set\/\">L2&nbsp;: Ensemble de chakras en acier inoxydable<\/a><\/p>\n<p><a href=\"https:\/\/setsuko.ca\/product\/l3-om-tuner-angel-set\/\">L3&nbsp;: Diapason OM + Ensemble Angel<\/a><\/p>\n","protected":false},"excerpt":{"rendered":"<h4>*Cours semi-priv\u00e9s disponibles, contactez-nous pour r\u00e9server<\/h4>\n<p>Ceci fait partie d&#8217;un programme intensif en trois niveaux utilisant des diapasons musicaux en aluminium et en acier inoxydable. La lumi\u00e8re, la couleur et le son sont des partenaires au sein de la hi\u00e9rarchie du processus cr\u00e9atif. Les sons harmoniques, tant auditifs que vibratoires, peuvent localiser et r\u00e9soudre les d\u00e9s\u00e9quilibres \u00e9nerg\u00e9tiques. Cette modalit\u00e9 favorise l&#8217;\u00e9quilibre et est compl\u00e9mentaire \u00e0 d&#8217;autres mesures th\u00e9rapeutiques. C&#8217;est une m\u00e9thode de travail douce et agr\u00e9able qui peut ouvrir de nouveaux horizons fascinants dans le domaine du travail subtil. Aucun pr\u00e9requis n&#8217;est requis, peut \u00eatre suivi seul ou dans le cadre du certificat complet.<\/p>\n","protected":false},"featured_media":13891,"template":"","meta":{"_acf_changed":false},"product_brand":[],"product_cat":[169,439,94,291,97,481,158,490,168,141,491],"product_tag":[],"class_list":{"0":"post-9142","1":"product","2":"type-product","3":"status-publish","4":"has-post-thumbnail","6":"product_cat-atelier","7":"product_cat-bilingue","8":"product_cat-certificats","9":"product_cat-dorval-west-island-fr","10":"product_cat-en-personne","11":"product_cat-holistic-therapies","12":"product_cat-hybrid-fr","13":"product_cat-interet-general","14":"product_cat-jenni-lee-fr","15":"product_cat-paule-guerard-fr","16":"product_cat-therapies-energetiques","18":"first","19":"outofstock","20":"sale","21":"virtual","22":"purchasable","23":"product-type-simple"},"acf":[],"_links":{"self":[{"href":"https:\/\/setsuko.ca\/fr\/wp-json\/wp\/v2\/product\/9142","targetHints":{"allow":["GET"]}}],"collection":[{"href":"https:\/\/setsuko.ca\/fr\/wp-json\/wp\/v2\/product"}],"about":[{"href":"https:\/\/setsuko.ca\/fr\/wp-json\/wp\/v2\/types\/product"}],"wp:featuredmedia":[{"embeddable":true,"href":"https:\/\/setsuko.ca\/fr\/wp-json\/wp\/v2\/media\/13891"}],"wp:attachment":[{"href":"https:\/\/setsuko.ca\/fr\/wp-json\/wp\/v2\/media?parent=9142"}],"wp:term":[{"taxonomy":"product_brand","embeddable":true,"href":"https:\/\/setsuko.ca\/fr\/wp-json\/wp\/v2\/product_brand?post=9142"},{"taxonomy":"product_cat","embeddable":true,"href":"https:\/\/setsuko.ca\/fr\/wp-json\/wp\/v2\/product_cat?post=9142"},{"taxonomy":"product_tag","embeddable":true,"href":"https:\/\/setsuko.ca\/fr\/wp-json\/wp\/v2\/product_tag?post=9142"}],"curies":[{"name":"wp","href":"https:\/\/api.w.org\/{rel}","templated":true}]}}