{"id":9174,"date":"2022-01-01T00:41:49","date_gmt":"2022-01-01T05:41:49","guid":{"rendered":"https:\/\/ecolesetsuko.ca\/?post_type=product&#038;p=9174"},"modified":"2026-02-10T14:51:48","modified_gmt":"2026-02-10T19:51:48","slug":"diplome-de-massotherapie-shiatsu-600-heures-ndg","status":"publish","type":"product","link":"https:\/\/setsuko.ca\/fr\/produit\/diplome-de-massotherapie-shiatsu-600-heures-ndg\/","title":{"rendered":"Dipl\u00f4me de massoth\u00e9rapie shiatsu 600 heures -NDG"},"content":{"rendered":"<h3><strong>Programme de dipl\u00f4me de 600 heures en shiatsu (site NDG)<\/strong><\/h3>\n<p>Le programme de dipl\u00f4me Shiatsu de 600 heures propose un cursus complet et immersif con\u00e7u pour les personnes souhaitant acqu\u00e9rir une expertise dans l&#8217;art et la science du Shiatsu. Ce programme complet est structur\u00e9 de mani\u00e8re \u00e0 fournir une compr\u00e9hension approfondie de la th\u00e9rapie Shiatsu, ainsi que les connaissances essentielles dans les domaines connexes.<\/p>\n<p><strong>Cours fondamentaux<\/strong><\/p>\n<ul>\n<li><strong>Anatomie et physiologie<\/strong> : ce cours pose les bases n\u00e9cessaires \u00e0 la compr\u00e9hension de la structure et des fonctions du corps humain, indispensables \u00e0 une pratique efficace du shiatsu.<\/li>\n<li><strong>Clinique \/ \u00c9tudes de cas \/ Int\u00e9gration du shiatsu :<\/strong> les \u00e9tudiants acquerront une exp\u00e9rience pratique gr\u00e2ce \u00e0 des stages cliniques, \u00e0 des \u00e9tudes de cas et \u00e0 l&#8217;int\u00e9gration des techniques de shiatsu dans des situations r\u00e9elles.<\/li>\n<li><strong>Relations d&#8217;aide \/ Sexualit\u00e9 \/ Code de d\u00e9ontologie :<\/strong> Ce cours traite des aspects interpersonnels de la th\u00e9rapie Shiatsu, notamment les limites professionnelles, les consid\u00e9rations \u00e9thiques et l&#8217;int\u00e9gration des questions li\u00e9es \u00e0 la sexualit\u00e9 avec sensibilit\u00e9 et professionnalisme.<\/li>\n<li><strong>Introduction au Shiatsu :<\/strong> cours essentiel sur le Shiatsu, pr\u00e9sentant l&#8217;histoire, la philosophie et les principes fondamentaux de cet art th\u00e9rapeutique.<\/li>\n<li><strong>Shiatsu 1 :<\/strong> Th\u00e9orie des m\u00e9ridiens : Plongez-vous dans le syst\u00e8me des m\u00e9ridiens, d\u00e9couvrez les voies de circulation de l&#8217;\u00e9nergie dans le corps et leur importance dans le shiatsu.<\/li>\n<li><strong>Shiatsu 2 :<\/strong> Les cinq \u00e9l\u00e9ments : Ce cours explore la th\u00e9orie des cinq \u00e9l\u00e9ments issue de la m\u00e9decine traditionnelle chinoise et son application dans la pratique du shiatsu.<\/li>\n<li><strong>Shiatsu 3 : Katas :<\/strong> Les \u00e9tudiants apprendront diverses techniques et s\u00e9quences de Shiatsu (Katas), en mettant l&#8217;accent sur leurs applications th\u00e9rapeutiques et leur ma\u00eetrise.<\/li>\n<\/ul>\n<p><strong>Points forts du programme<\/strong><\/p>\n<ul>\n<li><strong>Connaissances pratiques et th\u00e9oriques :<\/strong> Le programme combine un enseignement th\u00e9orique rigoureux et une formation pratique, garantissant une ma\u00eetrise compl\u00e8te du shiatsu.<\/li>\n<li><strong>D\u00e9veloppement personnel et professionnel :<\/strong> les \u00e9tudiants acquerront non seulement des comp\u00e9tences techniques, mais d\u00e9velopperont \u00e9galement les qualit\u00e9s personnelles indispensables pour devenir un praticien de shiatsu compatissant et \u00e9thique.<\/li>\n<li><strong>Exp\u00e9rience clinique : <\/strong>Le programme comprend une formation clinique importante, offrant aux \u00e9tudiants la possibilit\u00e9 de mettre en pratique leurs connaissances dans des situations r\u00e9elles et de b\u00e9n\u00e9ficier des commentaires de praticiens exp\u00e9riment\u00e9s.<\/li>\n<\/ul>\n<p><strong>Perspectives de carri\u00e8re<\/strong><\/p>\n<p>Les dipl\u00f4m\u00e9s du programme de 600 heures de shiatsu seront bien pr\u00e9par\u00e9s pour commencer leur carri\u00e8re de th\u00e9rapeutes en shiatsu. Ils auront les comp\u00e9tences et les connaissances n\u00e9cessaires pour travailler dans divers environnements, tels que les centres de bien-\u00eatre, les cliniques de sant\u00e9 ou les cabinets priv\u00e9s, et pour fournir une th\u00e9rapie holistique et non invasive qui favorise le bien-\u00eatre physique et \u00e9motionnel.<\/p>\n<p><a href=\"https:\/\/docs.google.com\/spreadsheets\/d\/1pKn58b3BNJyyVh53RrklPaEnGIbk4v-aqJ1oXL-wTHg\/edit?usp=sharing\" target=\"_blank\" rel=\"noopener\">HORAIRE DE LA SESSION D\u2019HIVER<\/a><\/p>\n","protected":false},"excerpt":{"rendered":"<p>Le programme de dipl\u00f4me Shiatsu de 600 heures propose un cursus complet et immersif con\u00e7u pour les personnes souhaitant acqu\u00e9rir une expertise dans l&#8217;art et la science du Shiatsu. Ce programme complet est structur\u00e9 de mani\u00e8re \u00e0 fournir une compr\u00e9hension approfondie de la th\u00e9rapie Shiatsu, ainsi que les connaissances essentielles dans les domaines connexes. Les dipl\u00f4m\u00e9s du programme de 600 heures de shiatsu seront bien pr\u00e9par\u00e9s pour commencer leur carri\u00e8re de th\u00e9rapeutes en shiatsu. Ils auront les comp\u00e9tences et les connaissances n\u00e9cessaires pour travailler dans divers environnements, tels que les centres de bien-\u00eatre, les cliniques de sant\u00e9 ou les cabinets priv\u00e9s, et pour fournir une th\u00e9rapie holistique et non invasive qui favorise le bien-\u00eatre physique et \u00e9motionnel.<\/p>\n","protected":false},"featured_media":13850,"template":"","meta":{"_acf_changed":false},"product_brand":[],"product_cat":[96,479,158,287],"product_tag":[111,114,123,107,122,104,106],"class_list":{"0":"post-9174","1":"product","2":"type-product","3":"status-publish","4":"has-post-thumbnail","6":"product_cat-diplomes","7":"product_cat-clinical-massage","8":"product_cat-hybrid-fr","9":"product_cat-qe-ndg-fr","10":"product_tag-certifie","11":"product_tag-diplome","12":"product_tag-massage-fr","13":"product_tag-massage-shiatsu","14":"product_tag-massotherapeute","15":"product_tag-massotherapie","16":"product_tag-shiatsu-fr","18":"first","19":"instock","20":"sale","21":"virtual","22":"purchasable","23":"product-type-simple"},"acf":[],"_links":{"self":[{"href":"https:\/\/setsuko.ca\/fr\/wp-json\/wp\/v2\/product\/9174","targetHints":{"allow":["GET"]}}],"collection":[{"href":"https:\/\/setsuko.ca\/fr\/wp-json\/wp\/v2\/product"}],"about":[{"href":"https:\/\/setsuko.ca\/fr\/wp-json\/wp\/v2\/types\/product"}],"wp:featuredmedia":[{"embeddable":true,"href":"https:\/\/setsuko.ca\/fr\/wp-json\/wp\/v2\/media\/13850"}],"wp:attachment":[{"href":"https:\/\/setsuko.ca\/fr\/wp-json\/wp\/v2\/media?parent=9174"}],"wp:term":[{"taxonomy":"product_brand","embeddable":true,"href":"https:\/\/setsuko.ca\/fr\/wp-json\/wp\/v2\/product_brand?post=9174"},{"taxonomy":"product_cat","embeddable":true,"href":"https:\/\/setsuko.ca\/fr\/wp-json\/wp\/v2\/product_cat?post=9174"},{"taxonomy":"product_tag","embeddable":true,"href":"https:\/\/setsuko.ca\/fr\/wp-json\/wp\/v2\/product_tag?post=9174"}],"curies":[{"name":"wp","href":"https:\/\/api.w.org\/{rel}","templated":true}]}}