{"id":9219,"date":"2022-01-11T00:45:42","date_gmt":"2022-01-11T05:45:42","guid":{"rendered":"https:\/\/ecolesetsuko.ca\/product\/diplome-de-massage-mtc-et-dacupressio-ndg\/"},"modified":"2026-04-16T18:52:56","modified_gmt":"2026-04-16T22:52:56","slug":"diplome-de-massage-mtc-et-dacupressio-ndg","status":"publish","type":"product","link":"https:\/\/setsuko.ca\/fr\/produit\/diplome-de-massage-mtc-et-dacupressio-ndg\/","title":{"rendered":"Dipl\u00f4me de massage MTC et d\u2019acupression (NDG) \u2013 SANS TRONC COMMUN"},"content":{"rendered":"<p>D\u00e9couvrez l&#8217;art ancestral de la gu\u00e9rison gr\u00e2ce au programme de dipl\u00f4me en m\u00e9decine traditionnelle chinoise (MTC) et massage par acupression \u00e0 l&#8217;\u00c9cole Setsuko, et acc\u00e9dez \u00e0 un univers de bien-\u00eatre holistique qui transcende le temps.<\/p>\n<p>\u00cates-vous passionn\u00e9(e) par le pouvoir du toucher et l\u2019impact profond qu\u2019il peut avoir sur le corps, l\u2019esprit et l\u2019\u00e2me ? Plongez dans un parcours transformateur o\u00f9 vous ma\u00eetriserez les techniques complexes du massage en m\u00e9decine traditionnelle chinoise, une pratique qui nourrit le bien-\u00eatre depuis des si\u00e8cles. <\/p>\n<p>\u00c0 l&#8217;\u00c9cole Setsuko, nous nous consacrons \u00e0 la pr\u00e9servation et \u00e0 l&#8217;enseignement de cet art de gu\u00e9rison ancestral dans sa forme la plus pure. Notre programme complet, dirig\u00e9 par des instructeurs exp\u00e9riment\u00e9s profond\u00e9ment enracin\u00e9s dans les traditions de la m\u00e9decine chinoise, vous offre une compr\u00e9hension approfondie des m\u00e9ridiens, des points d&#8217;acupression et de la circulation du Qi. <\/p>\n<p>Qu&#8217;est-ce qui nous distingue ? Nous allions la sagesse des soins ancestraux \u00e0 des approches modernes, afin que vous acqu\u00e9riez les comp\u00e9tences et les connaissances pour devenir un(e) praticien(ne) en massage MTC recherch\u00e9(e). Que vous souhaitiez enrichir votre carri\u00e8re ou emprunter une nouvelle voie, notre programme de dipl\u00f4me vous donne les outils pour avoir un impact concret dans la vie des gens.<\/p>\n<p>Rejoignez-nous \u00e0 l&#8217;\u00c9cole Setsuko, o\u00f9 la tradition rencontre l&#8217;innovation, et devenez un ma\u00eetre du massage MTC, apportant \u00e9quilibre et vitalit\u00e9 \u00e0 ceux qui en ont besoin. Embrassez une carri\u00e8re enrichissante dans le bien-\u00eatre holistique \u2014 inscrivez-vous d\u00e8s aujourd&#8217;hui et d\u00e9couvrez la magie intemporelle de la m\u00e9decine traditionnelle chinoise et du massage par acupression. <\/p>\n<p><a href=\"https:\/\/docs.google.com\/spreadsheets\/d\/1T3hDVA594Z912LEQpoxNd_LTsFi8aRG3gly9VIBufo0\/edit?gid=1919041143#gid=1919041143\" target=\"_blank\" rel=\"noopener\">HORAIRE 2025-2026<\/a><\/p>\n","protected":false},"excerpt":{"rendered":"<p>Lancez-vous dans l\u2019apprentissage de l\u2019art ancestral de la m\u00e9decine traditionnelle chinoise et du massage d\u2019acupression \u00e0 l\u2019\u00c9cole Setsuko, et devenez un(e) gardien(ne) du bien-\u00eatre holistique gr\u00e2ce \u00e0 notre programme de dipl\u00f4me complet, qui allie des techniques de soins \u00e9prouv\u00e9es au fil du temps \u00e0 une pratique moderne.<\/p>\n","protected":false},"featured_media":14014,"template":"","meta":{"_acf_changed":false},"product_brand":[],"product_cat":[479,96,158,287],"product_tag":[108,373,119,124,372,218],"class_list":{"0":"post-9219","1":"product","2":"type-product","3":"status-publish","4":"has-post-thumbnail","6":"product_cat-clinical-massage","7":"product_cat-diplomes","8":"product_cat-hybrid-fr","9":"product_cat-qe-ndg-fr","10":"product_tag-acupression","11":"product_tag-bien-etre","12":"product_tag-holistique","13":"product_tag-la-medecine-traditionnelle-chinoise","14":"product_tag-massage-par-acupression","15":"product_tag-tcm-fr","17":"first","18":"instock","19":"virtual","20":"purchasable","21":"product-type-simple"},"acf":[],"_links":{"self":[{"href":"https:\/\/setsuko.ca\/fr\/wp-json\/wp\/v2\/product\/9219","targetHints":{"allow":["GET"]}}],"collection":[{"href":"https:\/\/setsuko.ca\/fr\/wp-json\/wp\/v2\/product"}],"about":[{"href":"https:\/\/setsuko.ca\/fr\/wp-json\/wp\/v2\/types\/product"}],"wp:featuredmedia":[{"embeddable":true,"href":"https:\/\/setsuko.ca\/fr\/wp-json\/wp\/v2\/media\/14014"}],"wp:attachment":[{"href":"https:\/\/setsuko.ca\/fr\/wp-json\/wp\/v2\/media?parent=9219"}],"wp:term":[{"taxonomy":"product_brand","embeddable":true,"href":"https:\/\/setsuko.ca\/fr\/wp-json\/wp\/v2\/product_brand?post=9219"},{"taxonomy":"product_cat","embeddable":true,"href":"https:\/\/setsuko.ca\/fr\/wp-json\/wp\/v2\/product_cat?post=9219"},{"taxonomy":"product_tag","embeddable":true,"href":"https:\/\/setsuko.ca\/fr\/wp-json\/wp\/v2\/product_tag?post=9219"}],"curies":[{"name":"wp","href":"https:\/\/api.w.org\/{rel}","templated":true}]}}