{"id":9942,"date":"2023-12-27T13:19:44","date_gmt":"2023-12-27T18:19:44","guid":{"rendered":"https:\/\/ecolesetsuko.ca\/?post_type=product&#038;p=9942"},"modified":"2026-02-10T14:50:14","modified_gmt":"2026-02-10T19:50:14","slug":"massage-de-la-nuque-target-series-copy","status":"publish","type":"product","link":"https:\/\/setsuko.ca\/fr\/produit\/massage-de-la-nuque-target-series-copy\/","title":{"rendered":"Rel\u00e2chement de la nuque \u2013 S\u00e9rie Cible \u2013 DORVAL"},"content":{"rendered":"<p><span data-sheets-value=\"{\"1\":2,\"2\":\"Explore the deeper anatomical structures, common injuries and applications for targeted neck work. Includes clinical supervised practice and case studies. \"}\" data-sheets-userformat=\"{\"2\":33569667,\"3\":{\"1\":0},\"4\":{\"1\":2,\"2\":16777215},\"10\":1,\"11\":3,\"12\":0,\"14\":{\"1\":2,\"2\":0},\"15\":\"Arial\",\"16\":12,\"28\":1}\">Cet atelier d\u2019une journ\u00e9e s\u2019adresse aux th\u00e9rapeutes d\u00e9j\u00e0 en pratique qui souhaitent approfondir leurs connaissances et leurs comp\u00e9tences tout en abordant les probl\u00e8mes et conditions les plus fr\u00e9quents li\u00e9s au cou. Nous explorerons les structures anatomiques profondes, les blessures courantes et les applications pour un travail cibl\u00e9 du cou. L\u2019atelier comprend une pratique clinique supervis\u00e9e et des \u00e9tudes de cas.   <\/span><\/p>\n<p><span data-sheets-value=\"{\"1\":2,\"2\":\"Explore the deeper anatomical structures, common injuries and applications for targeted neck work. Includes clinical supervised practice and case studies. \"}\" data-sheets-userformat=\"{\"2\":33569667,\"3\":{\"1\":0},\"4\":{\"1\":2,\"2\":16777215},\"10\":1,\"11\":3,\"12\":0,\"14\":{\"1\":2,\"2\":0},\"15\":\"Arial\",\"16\":12,\"28\":1}\">*Pr\u00e9requis : Statut de praticien en massage <\/span><\/p>\n<p>Lieu : 1564, chemin Herron, bureau 206-208, <span class=\"fMYBhe\">Dorval, QC H9S 1B7<\/span> <\/p>\n<p>Co\u00fbt : 150 $<\/p>\n<p>Date : 27 janvier 2025 de 10 h \u00e0 16 h<\/p>\n<p>Cr\u00e9dits : 10<\/p>\n","protected":false},"excerpt":{"rendered":"<p>Cet atelier d&#8217;une journ\u00e9e permet aux th\u00e9rapeutes en exercice d&#8217;approfondir leurs comp\u00e9tences dans le traitement des probl\u00e8mes cervicaux courants gr\u00e2ce \u00e0 des exercices pratiques et des \u00e9tudes de cas.<\/p>\n","protected":false},"featured_media":13914,"template":"","meta":{"_acf_changed":false},"product_brand":[],"product_cat":[169,479,291,97,168],"product_tag":[335,336],"class_list":{"0":"post-9942","1":"product","2":"type-product","3":"status-publish","4":"has-post-thumbnail","6":"product_cat-atelier","7":"product_cat-clinical-massage","8":"product_cat-dorval-west-island-fr","9":"product_cat-en-personne","10":"product_cat-jenni-lee-fr","11":"product_tag-advanced-massage-fr","12":"product_tag-neck-release-fr","14":"first","15":"outofstock","16":"shipping-taxable","17":"purchasable","18":"product-type-simple"},"acf":[],"_links":{"self":[{"href":"https:\/\/setsuko.ca\/fr\/wp-json\/wp\/v2\/product\/9942","targetHints":{"allow":["GET"]}}],"collection":[{"href":"https:\/\/setsuko.ca\/fr\/wp-json\/wp\/v2\/product"}],"about":[{"href":"https:\/\/setsuko.ca\/fr\/wp-json\/wp\/v2\/types\/product"}],"wp:featuredmedia":[{"embeddable":true,"href":"https:\/\/setsuko.ca\/fr\/wp-json\/wp\/v2\/media\/13914"}],"wp:attachment":[{"href":"https:\/\/setsuko.ca\/fr\/wp-json\/wp\/v2\/media?parent=9942"}],"wp:term":[{"taxonomy":"product_brand","embeddable":true,"href":"https:\/\/setsuko.ca\/fr\/wp-json\/wp\/v2\/product_brand?post=9942"},{"taxonomy":"product_cat","embeddable":true,"href":"https:\/\/setsuko.ca\/fr\/wp-json\/wp\/v2\/product_cat?post=9942"},{"taxonomy":"product_tag","embeddable":true,"href":"https:\/\/setsuko.ca\/fr\/wp-json\/wp\/v2\/product_tag?post=9942"}],"curies":[{"name":"wp","href":"https:\/\/api.w.org\/{rel}","templated":true}]}}